{"id":936,"date":"2024-06-05T08:24:44","date_gmt":"2024-06-05T08:24:44","guid":{"rendered":"https:\/\/www.peterseboomkwekerij.nl\/wlasna-szkolka\/"},"modified":"2025-12-05T11:16:17","modified_gmt":"2025-12-05T11:16:17","slug":"wlasna-szkolka","status":"publish","type":"page","link":"https:\/\/www.peterseboomkwekerij.nl\/pl\/wlasna-szkolka\/","title":{"rendered":"W\u0142asna szk\u00f3\u0142ka"},"content":{"rendered":"<div class=\"wpb-content-wrapper\"><p>[vc_row content_placement=&#8221;middle&#8221;][vc_column width=&#8221;1\/2&#8243;][vc_column_text]<\/p>\n<h3>W\u0142asna szk\u00f3\u0142ka<\/h3>\n<p>W szk\u00f3\u0142ce Peterse kupujesz bezpo\u015brednio u \u017ar\u00f3d\u0142a. Wi\u0119kszo\u015b\u0107 naszego asortymentu pochodzi z naszej w\u0142asnej szk\u00f3\u0142ki, zlokalizowanej w Kesteren i okolicach. Gliniasta gleba w regionie Betuwe doskonale nadaje si\u0119 do uprawy drzew alejowych, co gwarantuje najwy\u017csz\u0105 jako\u015b\u0107. Dzi\u0119ki naszemu wieloletniemu do\u015bwiadczeniu drzewa s\u0105 starannie uprawiane, od sadzenia do obwodu pnia wynosz\u0105cego 40-45 cm.[\/vc_column_text][\/vc_column][vc_column width=&#8221;1\/2&#8243;][vc_single_image image=&#8221;2181&#8243; img_size=&#8221;large&#8221; alignment=&#8221;center&#8221; style=&#8221;vc_box_rounded&#8221; css=&#8221;.vc_custom_1728285755322{margin-right: 0px !important;margin-left: 0px !important;background-position: center !important;background-repeat: no-repeat !important;background-size: cover !important;}&#8221;][\/vc_column][\/vc_row][vc_row][vc_column][vc_empty_space][\/vc_column][\/vc_row][vc_row content_placement=&#8221;middle&#8221;][vc_column width=&#8221;1\/2&#8243;][vc_single_image image=&#8221;1719&#8243; img_size=&#8221;large&#8221; alignment=&#8221;center&#8221; style=&#8221;vc_box_rounded&#8221; css=&#8221;.vc_custom_1728285779703{margin-right: 0px !important;margin-left: 0px !important;background-position: center !important;background-repeat: no-repeat !important;background-size: cover !important;}&#8221;][\/vc_column][vc_column width=&#8221;1\/2&#8243;][vc_column_text]Opr\u00f3cz uprawy drzew w gruncie uprawiamy je r\u00f3wnie\u017c w pojemnikach. Dzi\u0119ki temu mo\u017cemy przez ca\u0142y rok zaspokaja\u0107 specyficzne potrzeby r\u00f3\u017cnych gatunk\u00f3w drzew, co zapewnia optymalne warunki wzrostu. Nasza firma znajduje si\u0119 w sercu holenderskiego sektora szk\u00f3\u0142karskiego, gdzie wiedza fachowa jest przekazywana z pokolenia na pokolenie.[\/vc_column_text][\/vc_column][\/vc_row][vc_row][vc_column][vc_empty_space][\/vc_column][\/vc_row][vc_row content_placement=&#8221;middle&#8221;][vc_column width=&#8221;1\/2&#8243;][vc_column_text]Je\u015bli chcesz zobaczy\u0107 nasz\u0105 szk\u00f3\u0142k\u0119 na w\u0142asne oczy, serdecznie zapraszamy. Z przyjemno\u015bci\u0105 zapraszamy do naszej lokalizacji w Kesteren. Opr\u00f3cz naszej w\u0142asnej szk\u00f3\u0142ki \u015bci\u015ble wsp\u00f3\u0142pracujemy z innymi szk\u00f3\u0142karzami z regionu, dzi\u0119ki czemu nasza oferta jest bardzo szeroka i zr\u00f3\u017cnicowana.<\/p>\n<p>Skontaktuj si\u0119 z nami lub od razu popro\u015b o wycen\u0119. Gwarantujemy najwy\u017csz\u0105 jako\u015b\u0107 naszych produkt\u00f3w.[\/vc_column_text]<div class='wpb_content_element' align=''><a class='button button--primary'  href='\/pl\/kontakt\/'>Skontaktuj si\u0119<\/a><\/div>[\/vc_column][vc_column width=&#8221;1\/2&#8243;][vc_single_image image=&#8221;1859&#8243; img_size=&#8221;large&#8221; alignment=&#8221;center&#8221; style=&#8221;vc_box_rounded&#8221; css=&#8221;.vc_custom_1728906925112{margin-right: 0px !important;margin-left: 0px !important;background-position: center !important;background-repeat: no-repeat !important;background-size: cover !important;}&#8221;][\/vc_column][\/vc_row][vc_row][vc_column]<div class='lightbox vso_photo_gallery style_4'><div class='row'><div class='col-sm-12 col-md-3 low left'><a class='photo-link' href='https:\/\/www.peterseboomkwekerij.nl\/wp-content\/uploads\/2025\/12\/IMG_0969-1-768x1024.jpg' data-toggle='lightbox' data-gallery='gallery'><img class='w-100' src='https:\/\/www.peterseboomkwekerij.nl\/wp-content\/uploads\/2025\/12\/IMG_0969-1-768x1024.jpg' alt=''><figcaption><div class='icon'><i class='fas fa-search-plus'><\/i><\/div><\/figcaption><\/a><\/div><div class='col-sm-12 col-md-3 low left'><a class='photo-link' href='https:\/\/www.peterseboomkwekerij.nl\/wp-content\/uploads\/2025\/12\/IMG_1098-1-768x1024.jpg' data-toggle='lightbox' data-gallery='gallery'><img class='w-100' src='https:\/\/www.peterseboomkwekerij.nl\/wp-content\/uploads\/2025\/12\/IMG_1098-1-768x1024.jpg' alt=''><figcaption><div class='icon'><i class='fas fa-search-plus'><\/i><\/div><\/figcaption><\/a><\/div><div class='col-sm-12 col-md-6 high right'><a class='photo-link' href='https:\/\/www.peterseboomkwekerij.nl\/wp-content\/uploads\/2025\/12\/IMG_1100-1-768x1024.jpg' data-toggle='lightbox' data-gallery='gallery'><img class='w-100' src='https:\/\/www.peterseboomkwekerij.nl\/wp-content\/uploads\/2025\/12\/IMG_1100-1-768x1024.jpg' alt=''><figcaption><div class='icon'><i class='fas fa-search-plus'><\/i><\/div><\/figcaption><\/a><\/div><div class='col-sm-12 col-md-6 high left'><a class='photo-link' href='https:\/\/www.peterseboomkwekerij.nl\/wp-content\/uploads\/2025\/12\/IMG_1101-1-768x1024.jpg' data-toggle='lightbox' data-gallery='gallery'><img class='w-100' src='https:\/\/www.peterseboomkwekerij.nl\/wp-content\/uploads\/2025\/12\/IMG_1101-1-768x1024.jpg' alt=''><figcaption><div class='icon'><i class='fas fa-search-plus'><\/i><\/div><\/figcaption><\/a><\/div><div class='col-sm-12 col-md-3 low right'><a class='photo-link' href='https:\/\/www.peterseboomkwekerij.nl\/wp-content\/uploads\/2025\/12\/IMG_1174-1-768x1024.jpg' data-toggle='lightbox' data-gallery='gallery'><img class='w-100' src='https:\/\/www.peterseboomkwekerij.nl\/wp-content\/uploads\/2025\/12\/IMG_1174-1-768x1024.jpg' alt=''><figcaption><div class='icon'><i class='fas fa-search-plus'><\/i><\/div><\/figcaption><\/a><\/div><div class='col-sm-12 col-md-3 low right'><a class='photo-link' href='https:\/\/www.peterseboomkwekerij.nl\/wp-content\/uploads\/2025\/12\/IMG_1179-1-768x1024.jpg' data-toggle='lightbox' data-gallery='gallery'><img class='w-100' src='https:\/\/www.peterseboomkwekerij.nl\/wp-content\/uploads\/2025\/12\/IMG_1179-1-768x1024.jpg' alt=''><figcaption><div class='icon'><i class='fas fa-search-plus'><\/i><\/div><\/figcaption><\/a><\/div><div class='col-sm-12 col-md-3 low left'><a class='photo-link' href='https:\/\/www.peterseboomkwekerij.nl\/wp-content\/uploads\/2025\/12\/IMG_1180-1-768x1024.jpg' data-toggle='lightbox' data-gallery='gallery'><img class='w-100' src='https:\/\/www.peterseboomkwekerij.nl\/wp-content\/uploads\/2025\/12\/IMG_1180-1-768x1024.jpg' alt=''><figcaption><div class='icon'><i class='fas fa-search-plus'><\/i><\/div><\/figcaption><\/a><\/div><div class='col-sm-12 col-md-3 low left'><a class='photo-link' href='https:\/\/www.peterseboomkwekerij.nl\/wp-content\/uploads\/2025\/12\/IMG_1181-1-768x1024.jpg' data-toggle='lightbox' data-gallery='gallery'><img class='w-100' src='https:\/\/www.peterseboomkwekerij.nl\/wp-content\/uploads\/2025\/12\/IMG_1181-1-768x1024.jpg' alt=''><figcaption><div class='icon'><i class='fas fa-search-plus'><\/i><\/div><\/figcaption><\/a><\/div><div class='col-sm-12 col-md-6 high right'><a class='photo-link' href='https:\/\/www.peterseboomkwekerij.nl\/wp-content\/uploads\/2025\/12\/IMG_1182-1-768x1024.jpg' data-toggle='lightbox' data-gallery='gallery'><img class='w-100' src='https:\/\/www.peterseboomkwekerij.nl\/wp-content\/uploads\/2025\/12\/IMG_1182-1-768x1024.jpg' alt=''><figcaption><div class='icon'><i class='fas fa-search-plus'><\/i><\/div><\/figcaption><\/a><\/div><div class='col-sm-12 col-md-6 high left'><a class='photo-link' href='https:\/\/www.peterseboomkwekerij.nl\/wp-content\/uploads\/2025\/12\/IMG_1185-1-768x1024.jpg' data-toggle='lightbox' data-gallery='gallery'><img class='w-100' src='https:\/\/www.peterseboomkwekerij.nl\/wp-content\/uploads\/2025\/12\/IMG_1185-1-768x1024.jpg' alt=''><figcaption><div class='icon'><i class='fas fa-search-plus'><\/i><\/div><\/figcaption><\/a><\/div><div class='col-sm-12 col-md-3 low right'><a class='photo-link' href='https:\/\/www.peterseboomkwekerij.nl\/wp-content\/uploads\/2025\/12\/IMG_1186-1-768x1024.jpg' data-toggle='lightbox' data-gallery='gallery'><img class='w-100' src='https:\/\/www.peterseboomkwekerij.nl\/wp-content\/uploads\/2025\/12\/IMG_1186-1-768x1024.jpg' alt=''><figcaption><div class='icon'><i class='fas fa-search-plus'><\/i><\/div><\/figcaption><\/a><\/div><div class='col-sm-12 col-md-3 low right'><a class='photo-link' href='https:\/\/www.peterseboomkwekerij.nl\/wp-content\/uploads\/2025\/12\/IMG_1187-1-768x1024.jpg' data-toggle='lightbox' data-gallery='gallery'><img class='w-100' src='https:\/\/www.peterseboomkwekerij.nl\/wp-content\/uploads\/2025\/12\/IMG_1187-1-768x1024.jpg' alt=''><figcaption><div class='icon'><i class='fas fa-search-plus'><\/i><\/div><\/figcaption><\/a><\/div><div class='col-sm-12 col-md-3 low left'><a class='photo-link' href='https:\/\/www.peterseboomkwekerij.nl\/wp-content\/uploads\/2025\/12\/IMG_1188-1-1024x768.jpg' data-toggle='lightbox' data-gallery='gallery'><img class='w-100' src='https:\/\/www.peterseboomkwekerij.nl\/wp-content\/uploads\/2025\/12\/IMG_1188-1-1024x768.jpg' alt=''><figcaption><div class='icon'><i class='fas fa-search-plus'><\/i><\/div><\/figcaption><\/a><\/div><div class='col-sm-12 col-md-3 low left'><a class='photo-link' href='https:\/\/www.peterseboomkwekerij.nl\/wp-content\/uploads\/2025\/12\/IMG_1195-1-768x1024.jpg' data-toggle='lightbox' data-gallery='gallery'><img class='w-100' src='https:\/\/www.peterseboomkwekerij.nl\/wp-content\/uploads\/2025\/12\/IMG_1195-1-768x1024.jpg' alt=''><figcaption><div class='icon'><i class='fas fa-search-plus'><\/i><\/div><\/figcaption><\/a><\/div><div class='col-sm-12 col-md-6 high right'><a class='photo-link' href='https:\/\/www.peterseboomkwekerij.nl\/wp-content\/uploads\/2025\/12\/IMG_1196-1-768x1024.jpg' data-toggle='lightbox' data-gallery='gallery'><img class='w-100' src='https:\/\/www.peterseboomkwekerij.nl\/wp-content\/uploads\/2025\/12\/IMG_1196-1-768x1024.jpg' alt=''><figcaption><div class='icon'><i class='fas fa-search-plus'><\/i><\/div><\/figcaption><\/a><\/div><div class='col-sm-12 col-md-6 high left'><a class='photo-link' href='https:\/\/www.peterseboomkwekerij.nl\/wp-content\/uploads\/2025\/12\/IMG_0506-1-1024x768.jpg' data-toggle='lightbox' data-gallery='gallery'><img class='w-100' src='https:\/\/www.peterseboomkwekerij.nl\/wp-content\/uploads\/2025\/12\/IMG_0506-1-1024x768.jpg' alt=''><figcaption><div class='icon'><i class='fas fa-search-plus'><\/i><\/div><\/figcaption><\/a><\/div><div class='col-sm-12 col-md-3 low right'><a class='photo-link' href='https:\/\/www.peterseboomkwekerij.nl\/wp-content\/uploads\/2025\/12\/IMG_0512-1-768x1024.jpg' data-toggle='lightbox' data-gallery='gallery'><img class='w-100' src='https:\/\/www.peterseboomkwekerij.nl\/wp-content\/uploads\/2025\/12\/IMG_0512-1-768x1024.jpg' alt=''><figcaption><div class='icon'><i class='fas fa-search-plus'><\/i><\/div><\/figcaption><\/a><\/div><div class='col-sm-12 col-md-3 low right'><a class='photo-link' href='https:\/\/www.peterseboomkwekerij.nl\/wp-content\/uploads\/2025\/12\/IMG_0701-1-1024x768.jpg' data-toggle='lightbox' data-gallery='gallery'><img class='w-100' src='https:\/\/www.peterseboomkwekerij.nl\/wp-content\/uploads\/2025\/12\/IMG_0701-1-1024x768.jpg' alt=''><figcaption><div class='icon'><i class='fas fa-search-plus'><\/i><\/div><\/figcaption><\/a><\/div><div class='col-sm-12 col-md-3 low left'><a class='photo-link' href='https:\/\/www.peterseboomkwekerij.nl\/wp-content\/uploads\/2025\/12\/IMG_0732-1-768x1024.jpg' data-toggle='lightbox' data-gallery='gallery'><img class='w-100' src='https:\/\/www.peterseboomkwekerij.nl\/wp-content\/uploads\/2025\/12\/IMG_0732-1-768x1024.jpg' alt=''><figcaption><div class='icon'><i class='fas fa-search-plus'><\/i><\/div><\/figcaption><\/a><\/div><div class='col-sm-12 col-md-3 low left'><a class='photo-link' href='https:\/\/www.peterseboomkwekerij.nl\/wp-content\/uploads\/2025\/12\/IMG_0769-1-768x1024.jpg' data-toggle='lightbox' data-gallery='gallery'><img class='w-100' src='https:\/\/www.peterseboomkwekerij.nl\/wp-content\/uploads\/2025\/12\/IMG_0769-1-768x1024.jpg' alt=''><figcaption><div class='icon'><i class='fas fa-search-plus'><\/i><\/div><\/figcaption><\/a><\/div><div class='col-sm-12 col-md-6 high right'><a class='photo-link' href='https:\/\/www.peterseboomkwekerij.nl\/wp-content\/uploads\/2025\/12\/IMG_0791-1-1024x768.jpg' data-toggle='lightbox' data-gallery='gallery'><img class='w-100' src='https:\/\/www.peterseboomkwekerij.nl\/wp-content\/uploads\/2025\/12\/IMG_0791-1-1024x768.jpg' alt=''><figcaption><div class='icon'><i class='fas fa-search-plus'><\/i><\/div><\/figcaption><\/a><\/div><div class='col-sm-12 col-md-6 high left'><a class='photo-link' href='https:\/\/www.peterseboomkwekerij.nl\/wp-content\/uploads\/2025\/12\/IMG_0851-1-768x1024.jpg' data-toggle='lightbox' data-gallery='gallery'><img class='w-100' src='https:\/\/www.peterseboomkwekerij.nl\/wp-content\/uploads\/2025\/12\/IMG_0851-1-768x1024.jpg' alt=''><figcaption><div class='icon'><i class='fas fa-search-plus'><\/i><\/div><\/figcaption><\/a><\/div><div class='col-sm-12 col-md-3 low right'><a class='photo-link' href='https:\/\/www.peterseboomkwekerij.nl\/wp-content\/uploads\/2025\/12\/IMG_0938-1-768x1024.jpg' data-toggle='lightbox' data-gallery='gallery'><img class='w-100' src='https:\/\/www.peterseboomkwekerij.nl\/wp-content\/uploads\/2025\/12\/IMG_0938-1-768x1024.jpg' alt=''><figcaption><div class='icon'><i class='fas fa-search-plus'><\/i><\/div><\/figcaption><\/a><\/div><div class='col-sm-12 col-md-3 low right'><a class='photo-link' href='https:\/\/www.peterseboomkwekerij.nl\/wp-content\/uploads\/2025\/12\/IMG_0967-1-1024x768.jpg' data-toggle='lightbox' data-gallery='gallery'><img class='w-100' src='https:\/\/www.peterseboomkwekerij.nl\/wp-content\/uploads\/2025\/12\/IMG_0967-1-1024x768.jpg' alt=''><figcaption><div class='icon'><i class='fas fa-search-plus'><\/i><\/div><\/figcaption><\/a><\/div><\/div><\/div><script src='https:\/\/cdn.jsdelivr.net\/npm\/bs5-lightbox@1.8.3\/dist\/index.bundle.min.js'><\/script>[\/vc_column][\/vc_row]<\/p>\n<\/div>","protected":false},"excerpt":{"rendered":"<p>[vc_row content_placement=&#8221;middle&#8221;][vc_column width=&#8221;1\/2&#8243;][vc_column_text] W\u0142asna szk\u00f3\u0142ka W szk\u00f3\u0142ce Peterse kupujesz bezpo\u015brednio u \u017ar\u00f3d\u0142a. Wi\u0119kszo\u015b\u0107 naszego asortymentu pochodzi z naszej w\u0142asnej szk\u00f3\u0142ki, zlokalizowanej w Kesteren i okolicach. Gliniasta gleba w regionie Betuwe doskonale nadaje si\u0119 do uprawy drzew alejowych, co gwarantuje najwy\u017csz\u0105 jako\u015b\u0107. Dzi\u0119ki naszemu wieloletniemu do\u015bwiadczeniu drzewa s\u0105 starannie uprawiane, od sadzenia do obwodu pnia wynosz\u0105cego [&hellip;]<\/p>\n","protected":false},"author":1,"featured_media":0,"parent":0,"menu_order":0,"comment_status":"closed","ping_status":"closed","template":"","meta":{"_acf_changed":false,"footnotes":""},"class_list":["post-936","page","type-page","status-publish","hentry"],"acf":[],"yoast_head":"<!-- This site is optimized with the Yoast SEO plugin v27.4 - https:\/\/yoast.com\/product\/yoast-seo-wordpress\/ -->\n<title>W\u0142asna szk\u00f3\u0142ka | Peterse Boomkwekerij<\/title>\n<meta name=\"robots\" content=\"index, follow, max-snippet:-1, max-image-preview:large, max-video-preview:-1\" \/>\n<link rel=\"canonical\" href=\"https:\/\/www.peterseboomkwekerij.nl\/pl\/wlasna-szkolka\/\" \/>\n<meta property=\"og:locale\" content=\"pl_PL\" \/>\n<meta property=\"og:type\" content=\"article\" \/>\n<meta property=\"og:title\" content=\"W\u0142asna szk\u00f3\u0142ka | Peterse Boomkwekerij\" \/>\n<meta property=\"og:description\" content=\"[vc_row content_placement=&#8221;middle&#8221;][vc_column width=&#8221;1\/2&#8243;][vc_column_text] W\u0142asna szk\u00f3\u0142ka W szk\u00f3\u0142ce Peterse kupujesz bezpo\u015brednio u \u017ar\u00f3d\u0142a. Wi\u0119kszo\u015b\u0107 naszego asortymentu pochodzi z naszej w\u0142asnej szk\u00f3\u0142ki, zlokalizowanej w Kesteren i okolicach. Gliniasta gleba w regionie Betuwe doskonale nadaje si\u0119 do uprawy drzew alejowych, co gwarantuje najwy\u017csz\u0105 jako\u015b\u0107. Dzi\u0119ki naszemu wieloletniemu do\u015bwiadczeniu drzewa s\u0105 starannie uprawiane, od sadzenia do obwodu pnia wynosz\u0105cego [&hellip;]\" \/>\n<meta property=\"og:url\" content=\"https:\/\/www.peterseboomkwekerij.nl\/pl\/wlasna-szkolka\/\" \/>\n<meta property=\"og:site_name\" content=\"Peterse Boomkwekerij\" \/>\n<meta property=\"article:modified_time\" content=\"2025-12-05T11:16:17+00:00\" \/>\n<meta property=\"og:image\" content=\"https:\/\/www.peterseboomkwekerij.nl\/wp-content\/uploads\/2024\/10\/Logo_Peterse_Boomkwekerij_HR-scaled.jpg\" \/>\n\t<meta property=\"og:image:width\" content=\"2560\" \/>\n\t<meta property=\"og:image:height\" content=\"631\" \/>\n\t<meta property=\"og:image:type\" content=\"image\/jpeg\" \/>\n<meta name=\"twitter:card\" content=\"summary_large_image\" \/>\n<meta name=\"twitter:label1\" content=\"Szacowany czas czytania\" \/>\n\t<meta name=\"twitter:data1\" content=\"2 minuty\" \/>\n<script type=\"application\/ld+json\" class=\"yoast-schema-graph\">{\"@context\":\"https:\\\/\\\/schema.org\",\"@graph\":[{\"@type\":\"WebPage\",\"@id\":\"https:\\\/\\\/www.peterseboomkwekerij.nl\\\/pl\\\/wlasna-szkolka\\\/\",\"url\":\"https:\\\/\\\/www.peterseboomkwekerij.nl\\\/pl\\\/wlasna-szkolka\\\/\",\"name\":\"W\u0142asna szk\u00f3\u0142ka | Peterse Boomkwekerij\",\"isPartOf\":{\"@id\":\"https:\\\/\\\/www.peterseboomkwekerij.nl\\\/#website\"},\"datePublished\":\"2024-06-05T08:24:44+00:00\",\"dateModified\":\"2025-12-05T11:16:17+00:00\",\"breadcrumb\":{\"@id\":\"https:\\\/\\\/www.peterseboomkwekerij.nl\\\/pl\\\/wlasna-szkolka\\\/#breadcrumb\"},\"inLanguage\":\"pl-PL\",\"potentialAction\":[{\"@type\":\"ReadAction\",\"target\":[\"https:\\\/\\\/www.peterseboomkwekerij.nl\\\/pl\\\/wlasna-szkolka\\\/\"]}]},{\"@type\":\"BreadcrumbList\",\"@id\":\"https:\\\/\\\/www.peterseboomkwekerij.nl\\\/pl\\\/wlasna-szkolka\\\/#breadcrumb\",\"itemListElement\":[{\"@type\":\"ListItem\",\"position\":1,\"name\":\"Home\",\"item\":\"https:\\\/\\\/www.peterseboomkwekerij.nl\\\/pl\\\/\"},{\"@type\":\"ListItem\",\"position\":2,\"name\":\"W\u0142asna szk\u00f3\u0142ka\"}]},{\"@type\":\"WebSite\",\"@id\":\"https:\\\/\\\/www.peterseboomkwekerij.nl\\\/#website\",\"url\":\"https:\\\/\\\/www.peterseboomkwekerij.nl\\\/\",\"name\":\"Peterse Boomkwekerij\",\"description\":\"Peterse Boomkwekerij\",\"publisher\":{\"@id\":\"https:\\\/\\\/www.peterseboomkwekerij.nl\\\/#organization\"},\"potentialAction\":[{\"@type\":\"SearchAction\",\"target\":{\"@type\":\"EntryPoint\",\"urlTemplate\":\"https:\\\/\\\/www.peterseboomkwekerij.nl\\\/?s={search_term_string}\"},\"query-input\":{\"@type\":\"PropertyValueSpecification\",\"valueRequired\":true,\"valueName\":\"search_term_string\"}}],\"inLanguage\":\"pl-PL\"},{\"@type\":\"Organization\",\"@id\":\"https:\\\/\\\/www.peterseboomkwekerij.nl\\\/#organization\",\"name\":\"Peterse Boomkwekerij\",\"url\":\"https:\\\/\\\/www.peterseboomkwekerij.nl\\\/\",\"logo\":{\"@type\":\"ImageObject\",\"inLanguage\":\"pl-PL\",\"@id\":\"https:\\\/\\\/www.peterseboomkwekerij.nl\\\/#\\\/schema\\\/logo\\\/image\\\/\",\"url\":\"https:\\\/\\\/www.peterseboomkwekerij.nl\\\/wp-content\\\/uploads\\\/2024\\\/10\\\/Logo_Peterse_Boomkwekerij_HR-scaled.jpg\",\"contentUrl\":\"https:\\\/\\\/www.peterseboomkwekerij.nl\\\/wp-content\\\/uploads\\\/2024\\\/10\\\/Logo_Peterse_Boomkwekerij_HR-scaled.jpg\",\"width\":2560,\"height\":631,\"caption\":\"Peterse Boomkwekerij\"},\"image\":{\"@id\":\"https:\\\/\\\/www.peterseboomkwekerij.nl\\\/#\\\/schema\\\/logo\\\/image\\\/\"}}]}<\/script>\n<!-- \/ Yoast SEO plugin. -->","yoast_head_json":{"title":"W\u0142asna szk\u00f3\u0142ka | Peterse Boomkwekerij","robots":{"index":"index","follow":"follow","max-snippet":"max-snippet:-1","max-image-preview":"max-image-preview:large","max-video-preview":"max-video-preview:-1"},"canonical":"https:\/\/www.peterseboomkwekerij.nl\/pl\/wlasna-szkolka\/","og_locale":"pl_PL","og_type":"article","og_title":"W\u0142asna szk\u00f3\u0142ka | Peterse Boomkwekerij","og_description":"[vc_row content_placement=&#8221;middle&#8221;][vc_column width=&#8221;1\/2&#8243;][vc_column_text] W\u0142asna szk\u00f3\u0142ka W szk\u00f3\u0142ce Peterse kupujesz bezpo\u015brednio u \u017ar\u00f3d\u0142a. Wi\u0119kszo\u015b\u0107 naszego asortymentu pochodzi z naszej w\u0142asnej szk\u00f3\u0142ki, zlokalizowanej w Kesteren i okolicach. Gliniasta gleba w regionie Betuwe doskonale nadaje si\u0119 do uprawy drzew alejowych, co gwarantuje najwy\u017csz\u0105 jako\u015b\u0107. Dzi\u0119ki naszemu wieloletniemu do\u015bwiadczeniu drzewa s\u0105 starannie uprawiane, od sadzenia do obwodu pnia wynosz\u0105cego [&hellip;]","og_url":"https:\/\/www.peterseboomkwekerij.nl\/pl\/wlasna-szkolka\/","og_site_name":"Peterse Boomkwekerij","article_modified_time":"2025-12-05T11:16:17+00:00","og_image":[{"width":2560,"height":631,"url":"https:\/\/www.peterseboomkwekerij.nl\/wp-content\/uploads\/2024\/10\/Logo_Peterse_Boomkwekerij_HR-scaled.jpg","type":"image\/jpeg"}],"twitter_card":"summary_large_image","twitter_misc":{"Szacowany czas czytania":"2 minuty"},"schema":{"@context":"https:\/\/schema.org","@graph":[{"@type":"WebPage","@id":"https:\/\/www.peterseboomkwekerij.nl\/pl\/wlasna-szkolka\/","url":"https:\/\/www.peterseboomkwekerij.nl\/pl\/wlasna-szkolka\/","name":"W\u0142asna szk\u00f3\u0142ka | Peterse Boomkwekerij","isPartOf":{"@id":"https:\/\/www.peterseboomkwekerij.nl\/#website"},"datePublished":"2024-06-05T08:24:44+00:00","dateModified":"2025-12-05T11:16:17+00:00","breadcrumb":{"@id":"https:\/\/www.peterseboomkwekerij.nl\/pl\/wlasna-szkolka\/#breadcrumb"},"inLanguage":"pl-PL","potentialAction":[{"@type":"ReadAction","target":["https:\/\/www.peterseboomkwekerij.nl\/pl\/wlasna-szkolka\/"]}]},{"@type":"BreadcrumbList","@id":"https:\/\/www.peterseboomkwekerij.nl\/pl\/wlasna-szkolka\/#breadcrumb","itemListElement":[{"@type":"ListItem","position":1,"name":"Home","item":"https:\/\/www.peterseboomkwekerij.nl\/pl\/"},{"@type":"ListItem","position":2,"name":"W\u0142asna szk\u00f3\u0142ka"}]},{"@type":"WebSite","@id":"https:\/\/www.peterseboomkwekerij.nl\/#website","url":"https:\/\/www.peterseboomkwekerij.nl\/","name":"Peterse Boomkwekerij","description":"Peterse Boomkwekerij","publisher":{"@id":"https:\/\/www.peterseboomkwekerij.nl\/#organization"},"potentialAction":[{"@type":"SearchAction","target":{"@type":"EntryPoint","urlTemplate":"https:\/\/www.peterseboomkwekerij.nl\/?s={search_term_string}"},"query-input":{"@type":"PropertyValueSpecification","valueRequired":true,"valueName":"search_term_string"}}],"inLanguage":"pl-PL"},{"@type":"Organization","@id":"https:\/\/www.peterseboomkwekerij.nl\/#organization","name":"Peterse Boomkwekerij","url":"https:\/\/www.peterseboomkwekerij.nl\/","logo":{"@type":"ImageObject","inLanguage":"pl-PL","@id":"https:\/\/www.peterseboomkwekerij.nl\/#\/schema\/logo\/image\/","url":"https:\/\/www.peterseboomkwekerij.nl\/wp-content\/uploads\/2024\/10\/Logo_Peterse_Boomkwekerij_HR-scaled.jpg","contentUrl":"https:\/\/www.peterseboomkwekerij.nl\/wp-content\/uploads\/2024\/10\/Logo_Peterse_Boomkwekerij_HR-scaled.jpg","width":2560,"height":631,"caption":"Peterse Boomkwekerij"},"image":{"@id":"https:\/\/www.peterseboomkwekerij.nl\/#\/schema\/logo\/image\/"}}]}},"_links":{"self":[{"href":"https:\/\/www.peterseboomkwekerij.nl\/pl\/wp-json\/wp\/v2\/pages\/936","targetHints":{"allow":["GET"]}}],"collection":[{"href":"https:\/\/www.peterseboomkwekerij.nl\/pl\/wp-json\/wp\/v2\/pages"}],"about":[{"href":"https:\/\/www.peterseboomkwekerij.nl\/pl\/wp-json\/wp\/v2\/types\/page"}],"author":[{"embeddable":true,"href":"https:\/\/www.peterseboomkwekerij.nl\/pl\/wp-json\/wp\/v2\/users\/1"}],"replies":[{"embeddable":true,"href":"https:\/\/www.peterseboomkwekerij.nl\/pl\/wp-json\/wp\/v2\/comments?post=936"}],"version-history":[{"count":12,"href":"https:\/\/www.peterseboomkwekerij.nl\/pl\/wp-json\/wp\/v2\/pages\/936\/revisions"}],"predecessor-version":[{"id":3681,"href":"https:\/\/www.peterseboomkwekerij.nl\/pl\/wp-json\/wp\/v2\/pages\/936\/revisions\/3681"}],"wp:attachment":[{"href":"https:\/\/www.peterseboomkwekerij.nl\/pl\/wp-json\/wp\/v2\/media?parent=936"}],"curies":[{"name":"wp","href":"https:\/\/api.w.org\/{rel}","templated":true}]}}