{"id":886,"date":"2024-06-05T08:24:55","date_gmt":"2024-06-05T08:24:55","guid":{"rendered":"https:\/\/www.peterseboomkwekerij.nl\/asortyment\/"},"modified":"2024-10-17T07:16:31","modified_gmt":"2024-10-17T07:16:31","slug":"asortyment","status":"publish","type":"page","link":"https:\/\/www.peterseboomkwekerij.nl\/pl\/asortyment\/","title":{"rendered":"Asortyment"},"content":{"rendered":"<div class=\"wpb-content-wrapper\"><p>[vc_row content_placement=&#8221;middle&#8221;][vc_column width=&#8221;1\/2&#8243;][vc_column_text]<\/p>\n<h1>Asortyment<\/h1>\n<p>W Peterse Boomkwekerij oferujemy szeroki asortyment drzew alejowych najwy\u017cszej jako\u015bci, dzi\u0119ki \u017cyznej glebie gliniastej w regionie Betuwe. Ta unikalna gleba jest idealna do uprawy silnych i zdrowych drzew, kt\u00f3re dostarczamy zar\u00f3wno holenderskim kolegom z bran\u017cy szk\u00f3\u0142karskiej, jak i mi\u0119dzynarodowym odbiorcom. Dzi\u0119ki wieloletniemu do\u015bwiadczeniu zapewniamy, \u017ce nasze drzewa s\u0105 starannie hodowane, od sadzenia po osi\u0105gni\u0119cie obwodu 40-45 cm.[\/vc_column_text][\/vc_column][vc_column width=&#8221;1\/2&#8243;][vc_single_image image=&#8221;560&#8243; img_size=&#8221;large&#8221; alignment=&#8221;center&#8221; style=&#8221;vc_box_rounded&#8221; css=&#8221;.vc_custom_1728907172379{margin-right: 0px !important;margin-left: 0px !important;background-position: center !important;background-repeat: no-repeat !important;background-size: cover !important;}&#8221;][\/vc_column][\/vc_row][vc_row][vc_column][vc_empty_space][\/vc_column][\/vc_row][vc_row content_placement=&#8221;middle&#8221;][vc_column width=&#8221;1\/2&#8243;][vc_single_image image=&#8221;565&#8243; img_size=&#8221;large&#8221; alignment=&#8221;center&#8221; style=&#8221;vc_box_rounded&#8221; css=&#8221;.vc_custom_1728907224220{margin-right: 0px !important;margin-left: 0px !important;background-position: center !important;background-repeat: no-repeat !important;background-size: cover !important;}&#8221;][\/vc_column][vc_column width=&#8221;1\/2&#8243;][vc_column_text]Dzi\u0119ki temu spe\u0142niaj\u0105 one najwy\u017csze standardy jako\u015bci. Nasz proces jest wydajny i ukierunkowany na wyniki, co pozwala nam oferowa\u0107 nasze drzewa alejowe w konkurencyjnych cenach bez uszczerbku na jako\u015bci.<\/p>\n<p>Niezale\u017cnie od tego, czy sk\u0142adasz du\u017ce, czy ma\u0142e zam\u00f3wienie, mo\u017cesz liczy\u0107 na spersonalizowan\u0105 obs\u0142ug\u0119 i indywidualne doradztwo. Zam\u00f3w bezp\u0142atn\u0105 wycen\u0119 ju\u017c dzi\u015b i odkryj nasz\u0105 ofert\u0119.[\/vc_column_text]<div class='wpb_content_element' align=''><a class='button button--primary'  href='\/pl\/lista-asortymentow\/'>Zobacz nasz asortyment tutaj<\/a><\/div>[\/vc_column][\/vc_row]<\/p>\n<\/div>","protected":false},"excerpt":{"rendered":"<p>[vc_row content_placement=&#8221;middle&#8221;][vc_column width=&#8221;1\/2&#8243;][vc_column_text] Asortyment W Peterse Boomkwekerij oferujemy szeroki asortyment drzew alejowych najwy\u017cszej jako\u015bci, dzi\u0119ki \u017cyznej glebie gliniastej w regionie Betuwe. Ta unikalna gleba jest idealna do uprawy silnych i zdrowych drzew, kt\u00f3re dostarczamy zar\u00f3wno holenderskim kolegom z bran\u017cy szk\u00f3\u0142karskiej, jak i mi\u0119dzynarodowym odbiorcom. Dzi\u0119ki wieloletniemu do\u015bwiadczeniu zapewniamy, \u017ce nasze drzewa s\u0105 starannie hodowane, od [&hellip;]<\/p>\n","protected":false},"author":1,"featured_media":0,"parent":0,"menu_order":0,"comment_status":"closed","ping_status":"closed","template":"","meta":{"_acf_changed":false,"footnotes":""},"class_list":["post-886","page","type-page","status-publish","hentry"],"acf":[],"yoast_head":"<!-- This site is optimized with the Yoast SEO plugin v27.5 - https:\/\/yoast.com\/product\/yoast-seo-wordpress\/ -->\n<title>Asortyment | Peterse Boomkwekerij<\/title>\n<meta name=\"robots\" content=\"index, follow, max-snippet:-1, max-image-preview:large, max-video-preview:-1\" \/>\n<link rel=\"canonical\" href=\"https:\/\/www.peterseboomkwekerij.nl\/pl\/asortyment\/\" \/>\n<meta property=\"og:locale\" content=\"pl_PL\" \/>\n<meta property=\"og:type\" content=\"article\" \/>\n<meta property=\"og:title\" content=\"Asortyment | Peterse Boomkwekerij\" \/>\n<meta property=\"og:description\" content=\"[vc_row content_placement=&#8221;middle&#8221;][vc_column width=&#8221;1\/2&#8243;][vc_column_text] Asortyment W Peterse Boomkwekerij oferujemy szeroki asortyment drzew alejowych najwy\u017cszej jako\u015bci, dzi\u0119ki \u017cyznej glebie gliniastej w regionie Betuwe. Ta unikalna gleba jest idealna do uprawy silnych i zdrowych drzew, kt\u00f3re dostarczamy zar\u00f3wno holenderskim kolegom z bran\u017cy szk\u00f3\u0142karskiej, jak i mi\u0119dzynarodowym odbiorcom. Dzi\u0119ki wieloletniemu do\u015bwiadczeniu zapewniamy, \u017ce nasze drzewa s\u0105 starannie hodowane, od [&hellip;]\" \/>\n<meta property=\"og:url\" content=\"https:\/\/www.peterseboomkwekerij.nl\/pl\/asortyment\/\" \/>\n<meta property=\"og:site_name\" content=\"Peterse Boomkwekerij\" \/>\n<meta property=\"article:modified_time\" content=\"2024-10-17T07:16:31+00:00\" \/>\n<meta property=\"og:image\" content=\"https:\/\/www.peterseboomkwekerij.nl\/wp-content\/uploads\/2024\/10\/Logo_Peterse_Boomkwekerij_HR-scaled.jpg\" \/>\n\t<meta property=\"og:image:width\" content=\"2560\" \/>\n\t<meta property=\"og:image:height\" content=\"631\" \/>\n\t<meta property=\"og:image:type\" content=\"image\/jpeg\" \/>\n<meta name=\"twitter:card\" content=\"summary_large_image\" \/>\n<meta name=\"twitter:label1\" content=\"Szacowany czas czytania\" \/>\n\t<meta name=\"twitter:data1\" content=\"2 minuty\" \/>\n<script type=\"application\/ld+json\" class=\"yoast-schema-graph\">{\"@context\":\"https:\\\/\\\/schema.org\",\"@graph\":[{\"@type\":\"WebPage\",\"@id\":\"https:\\\/\\\/www.peterseboomkwekerij.nl\\\/pl\\\/asortyment\\\/\",\"url\":\"https:\\\/\\\/www.peterseboomkwekerij.nl\\\/pl\\\/asortyment\\\/\",\"name\":\"Asortyment | Peterse Boomkwekerij\",\"isPartOf\":{\"@id\":\"https:\\\/\\\/www.peterseboomkwekerij.nl\\\/#website\"},\"datePublished\":\"2024-06-05T08:24:55+00:00\",\"dateModified\":\"2024-10-17T07:16:31+00:00\",\"breadcrumb\":{\"@id\":\"https:\\\/\\\/www.peterseboomkwekerij.nl\\\/pl\\\/asortyment\\\/#breadcrumb\"},\"inLanguage\":\"pl-PL\",\"potentialAction\":[{\"@type\":\"ReadAction\",\"target\":[\"https:\\\/\\\/www.peterseboomkwekerij.nl\\\/pl\\\/asortyment\\\/\"]}]},{\"@type\":\"BreadcrumbList\",\"@id\":\"https:\\\/\\\/www.peterseboomkwekerij.nl\\\/pl\\\/asortyment\\\/#breadcrumb\",\"itemListElement\":[{\"@type\":\"ListItem\",\"position\":1,\"name\":\"Home\",\"item\":\"https:\\\/\\\/www.peterseboomkwekerij.nl\\\/pl\\\/\"},{\"@type\":\"ListItem\",\"position\":2,\"name\":\"Asortyment\"}]},{\"@type\":\"WebSite\",\"@id\":\"https:\\\/\\\/www.peterseboomkwekerij.nl\\\/#website\",\"url\":\"https:\\\/\\\/www.peterseboomkwekerij.nl\\\/\",\"name\":\"Peterse Boomkwekerij\",\"description\":\"Peterse Boomkwekerij\",\"publisher\":{\"@id\":\"https:\\\/\\\/www.peterseboomkwekerij.nl\\\/#organization\"},\"potentialAction\":[{\"@type\":\"SearchAction\",\"target\":{\"@type\":\"EntryPoint\",\"urlTemplate\":\"https:\\\/\\\/www.peterseboomkwekerij.nl\\\/?s={search_term_string}\"},\"query-input\":{\"@type\":\"PropertyValueSpecification\",\"valueRequired\":true,\"valueName\":\"search_term_string\"}}],\"inLanguage\":\"pl-PL\"},{\"@type\":\"Organization\",\"@id\":\"https:\\\/\\\/www.peterseboomkwekerij.nl\\\/#organization\",\"name\":\"Peterse Boomkwekerij\",\"url\":\"https:\\\/\\\/www.peterseboomkwekerij.nl\\\/\",\"logo\":{\"@type\":\"ImageObject\",\"inLanguage\":\"pl-PL\",\"@id\":\"https:\\\/\\\/www.peterseboomkwekerij.nl\\\/#\\\/schema\\\/logo\\\/image\\\/\",\"url\":\"https:\\\/\\\/www.peterseboomkwekerij.nl\\\/wp-content\\\/uploads\\\/2024\\\/10\\\/Logo_Peterse_Boomkwekerij_HR-scaled.jpg\",\"contentUrl\":\"https:\\\/\\\/www.peterseboomkwekerij.nl\\\/wp-content\\\/uploads\\\/2024\\\/10\\\/Logo_Peterse_Boomkwekerij_HR-scaled.jpg\",\"width\":2560,\"height\":631,\"caption\":\"Peterse Boomkwekerij\"},\"image\":{\"@id\":\"https:\\\/\\\/www.peterseboomkwekerij.nl\\\/#\\\/schema\\\/logo\\\/image\\\/\"}}]}<\/script>\n<!-- \/ Yoast SEO plugin. -->","yoast_head_json":{"title":"Asortyment | Peterse Boomkwekerij","robots":{"index":"index","follow":"follow","max-snippet":"max-snippet:-1","max-image-preview":"max-image-preview:large","max-video-preview":"max-video-preview:-1"},"canonical":"https:\/\/www.peterseboomkwekerij.nl\/pl\/asortyment\/","og_locale":"pl_PL","og_type":"article","og_title":"Asortyment | Peterse Boomkwekerij","og_description":"[vc_row content_placement=&#8221;middle&#8221;][vc_column width=&#8221;1\/2&#8243;][vc_column_text] Asortyment W Peterse Boomkwekerij oferujemy szeroki asortyment drzew alejowych najwy\u017cszej jako\u015bci, dzi\u0119ki \u017cyznej glebie gliniastej w regionie Betuwe. Ta unikalna gleba jest idealna do uprawy silnych i zdrowych drzew, kt\u00f3re dostarczamy zar\u00f3wno holenderskim kolegom z bran\u017cy szk\u00f3\u0142karskiej, jak i mi\u0119dzynarodowym odbiorcom. Dzi\u0119ki wieloletniemu do\u015bwiadczeniu zapewniamy, \u017ce nasze drzewa s\u0105 starannie hodowane, od [&hellip;]","og_url":"https:\/\/www.peterseboomkwekerij.nl\/pl\/asortyment\/","og_site_name":"Peterse Boomkwekerij","article_modified_time":"2024-10-17T07:16:31+00:00","og_image":[{"width":2560,"height":631,"url":"https:\/\/www.peterseboomkwekerij.nl\/wp-content\/uploads\/2024\/10\/Logo_Peterse_Boomkwekerij_HR-scaled.jpg","type":"image\/jpeg"}],"twitter_card":"summary_large_image","twitter_misc":{"Szacowany czas czytania":"2 minuty"},"schema":{"@context":"https:\/\/schema.org","@graph":[{"@type":"WebPage","@id":"https:\/\/www.peterseboomkwekerij.nl\/pl\/asortyment\/","url":"https:\/\/www.peterseboomkwekerij.nl\/pl\/asortyment\/","name":"Asortyment | Peterse Boomkwekerij","isPartOf":{"@id":"https:\/\/www.peterseboomkwekerij.nl\/#website"},"datePublished":"2024-06-05T08:24:55+00:00","dateModified":"2024-10-17T07:16:31+00:00","breadcrumb":{"@id":"https:\/\/www.peterseboomkwekerij.nl\/pl\/asortyment\/#breadcrumb"},"inLanguage":"pl-PL","potentialAction":[{"@type":"ReadAction","target":["https:\/\/www.peterseboomkwekerij.nl\/pl\/asortyment\/"]}]},{"@type":"BreadcrumbList","@id":"https:\/\/www.peterseboomkwekerij.nl\/pl\/asortyment\/#breadcrumb","itemListElement":[{"@type":"ListItem","position":1,"name":"Home","item":"https:\/\/www.peterseboomkwekerij.nl\/pl\/"},{"@type":"ListItem","position":2,"name":"Asortyment"}]},{"@type":"WebSite","@id":"https:\/\/www.peterseboomkwekerij.nl\/#website","url":"https:\/\/www.peterseboomkwekerij.nl\/","name":"Peterse Boomkwekerij","description":"Peterse Boomkwekerij","publisher":{"@id":"https:\/\/www.peterseboomkwekerij.nl\/#organization"},"potentialAction":[{"@type":"SearchAction","target":{"@type":"EntryPoint","urlTemplate":"https:\/\/www.peterseboomkwekerij.nl\/?s={search_term_string}"},"query-input":{"@type":"PropertyValueSpecification","valueRequired":true,"valueName":"search_term_string"}}],"inLanguage":"pl-PL"},{"@type":"Organization","@id":"https:\/\/www.peterseboomkwekerij.nl\/#organization","name":"Peterse Boomkwekerij","url":"https:\/\/www.peterseboomkwekerij.nl\/","logo":{"@type":"ImageObject","inLanguage":"pl-PL","@id":"https:\/\/www.peterseboomkwekerij.nl\/#\/schema\/logo\/image\/","url":"https:\/\/www.peterseboomkwekerij.nl\/wp-content\/uploads\/2024\/10\/Logo_Peterse_Boomkwekerij_HR-scaled.jpg","contentUrl":"https:\/\/www.peterseboomkwekerij.nl\/wp-content\/uploads\/2024\/10\/Logo_Peterse_Boomkwekerij_HR-scaled.jpg","width":2560,"height":631,"caption":"Peterse Boomkwekerij"},"image":{"@id":"https:\/\/www.peterseboomkwekerij.nl\/#\/schema\/logo\/image\/"}}]}},"_links":{"self":[{"href":"https:\/\/www.peterseboomkwekerij.nl\/pl\/wp-json\/wp\/v2\/pages\/886","targetHints":{"allow":["GET"]}}],"collection":[{"href":"https:\/\/www.peterseboomkwekerij.nl\/pl\/wp-json\/wp\/v2\/pages"}],"about":[{"href":"https:\/\/www.peterseboomkwekerij.nl\/pl\/wp-json\/wp\/v2\/types\/page"}],"author":[{"embeddable":true,"href":"https:\/\/www.peterseboomkwekerij.nl\/pl\/wp-json\/wp\/v2\/users\/1"}],"replies":[{"embeddable":true,"href":"https:\/\/www.peterseboomkwekerij.nl\/pl\/wp-json\/wp\/v2\/comments?post=886"}],"version-history":[{"count":5,"href":"https:\/\/www.peterseboomkwekerij.nl\/pl\/wp-json\/wp\/v2\/pages\/886\/revisions"}],"predecessor-version":[{"id":2507,"href":"https:\/\/www.peterseboomkwekerij.nl\/pl\/wp-json\/wp\/v2\/pages\/886\/revisions\/2507"}],"wp:attachment":[{"href":"https:\/\/www.peterseboomkwekerij.nl\/pl\/wp-json\/wp\/v2\/media?parent=886"}],"curies":[{"name":"wp","href":"https:\/\/api.w.org\/{rel}","templated":true}]}}