{"id":869,"date":"2022-03-17T09:57:03","date_gmt":"2022-03-17T09:57:03","guid":{"rendered":"https:\/\/www.peterseboomkwekerij.nl\/strona-glowna\/"},"modified":"2024-10-18T07:17:41","modified_gmt":"2024-10-18T07:17:41","slug":"strona-glowna","status":"publish","type":"page","link":"https:\/\/www.peterseboomkwekerij.nl\/pl\/","title":{"rendered":"Strona g\u0142\u00f3wna"},"content":{"rendered":"<div class=\"wpb-content-wrapper\"><p>[vc_row full_width=&#8221;stretch_row&#8221; css=&#8221;.vc_custom_1728982537531{background: rgba(10,1,1,0.42) url(https:\/\/www.peterseboomkwekerij.nl\/wp-content\/uploads\/2024\/10\/petersekwekerij-home-iets-opgeschoven-1-scaled.jpg?id=2414) !important;background-position: center !important;background-repeat: no-repeat !important;background-size: cover !important;*background-color: rgb(10,1,1) !important;}&#8221; el_class=&#8221;shadow_background&#8221;][vc_column][vc_empty_space height=&#8221;200px&#8221;][vc_row_inner el_class=&#8221;slider_row&#8221;][vc_column_inner width=&#8221;2\/3&#8243;][vc_column_text el_class=&#8221;textColorWhite&#8221;]<\/p>\n<h1>G\u0142\u0119boko zakorzenieni w \u015bwiecie drzew alejowych<\/h1>\n<p>Szk\u00f3\u0142ka Drzew Peterse, z siedzib\u0105 w Kesteren, w sercu Holandii, specjalizuje si\u0119 w uprawie i handlu drzewami alejowymi.[\/vc_column_text]<div class='wpb_content_element' align=''><a class='button button--primary'  href='\/pl\/wlasna-szkolka\/'>W\u0142asna szk\u00f3\u0142ka<\/a><\/div>[\/vc_column_inner][vc_column_inner el_class=&#8221;slider_form&#8221; width=&#8221;1\/3&#8243; css=&#8221;.vc_custom_1719914031766{background-color: #222222 !important;}&#8221;][vc_column_text el_class=&#8221;textColorWhite&#8221;]<\/p>\n<h4>Za pomoc\u0105 poni\u017cszego formularza mo\u017cesz skontaktowa\u0107 si\u0119 z nami lub bezpo\u015brednio poprosi\u0107 o ofert\u0119.<\/h4>\n<p>[\/vc_column_text]\n<div class=\"wpcf7 no-js\" id=\"wpcf7-f1052-o1\" lang=\"pl-PL\" dir=\"ltr\" data-wpcf7-id=\"1052\">\n<div class=\"screen-reader-response\"><p role=\"status\" aria-live=\"polite\" aria-atomic=\"true\"><\/p> <ul><\/ul><\/div>\n<form action=\"\/pl\/wp-json\/wp\/v2\/pages\/869#wpcf7-f1052-o1\" method=\"post\" class=\"wpcf7-form init\" aria-label=\"Formularz kontaktowy\" novalidate=\"novalidate\" data-status=\"init\">\n<fieldset class=\"hidden-fields-container\"><input type=\"hidden\" name=\"_wpcf7\" value=\"1052\" \/><input type=\"hidden\" name=\"_wpcf7_version\" value=\"6.1.5\" \/><input type=\"hidden\" name=\"_wpcf7_locale\" value=\"pl_PL\" \/><input type=\"hidden\" name=\"_wpcf7_unit_tag\" value=\"wpcf7-f1052-o1\" \/><input type=\"hidden\" name=\"_wpcf7_container_post\" value=\"0\" \/><input type=\"hidden\" name=\"_wpcf7_posted_data_hash\" value=\"\" \/>\n<\/fieldset>\n<div class=\"contact-form\">\n\t<div style=\"margin: 0 -15px\">\n\t\t<div class=\"row\">\n\t\t\t<div class=\"col-md-12\">\n\t\t\t\t<p><span class=\"wpcf7-form-control-wrap\" data-name=\"naam\"><input size=\"40\" maxlength=\"400\" class=\"wpcf7-form-control wpcf7-text wpcf7-validates-as-required form-control\" aria-required=\"true\" aria-invalid=\"false\" placeholder=\"Imi\u0119*\" value=\"\" type=\"text\" name=\"naam\" \/><\/span>\n\t\t\t\t<\/p>\n\t\t\t<\/div>\n\t\t<\/div>\n\t\t<div class=\"row\">\n\t\t\t<div class=\"col-md-12\">\n\t\t\t\t<p><span class=\"wpcf7-form-control-wrap\" data-name=\"Telefoonnummer\"><input size=\"40\" maxlength=\"400\" class=\"wpcf7-form-control wpcf7-tel wpcf7-validates-as-required wpcf7-text wpcf7-validates-as-tel form-control\" aria-required=\"true\" aria-invalid=\"false\" placeholder=\"Numer telefonu *\" value=\"\" type=\"tel\" name=\"Telefoonnummer\" \/><\/span>\n\t\t\t\t<\/p>\n\t\t\t<\/div>\n\t\t<\/div>\n\t\t<div class=\"row\">\n\t\t\t<div class=\"col-md-12\">\n\t\t\t\t<p><span class=\"wpcf7-form-control-wrap\" data-name=\"E-mailadres\"><input size=\"40\" maxlength=\"400\" class=\"wpcf7-form-control wpcf7-email wpcf7-validates-as-required wpcf7-text wpcf7-validates-as-email form-control\" aria-required=\"true\" aria-invalid=\"false\" placeholder=\"Adres e-mail *\" value=\"\" type=\"email\" name=\"E-mailadres\" \/><\/span>\n\t\t\t\t<\/p>\n\t\t\t<\/div>\n\t\t<\/div>\n\t\t<div class=\"row\">\n\t\t\t<div class=\"col-md-12\">\n\t\t\t\t<p><span class=\"wpcf7-form-control-wrap\" data-name=\"your-message\"><textarea cols=\"40\" rows=\"10\" maxlength=\"2000\" class=\"wpcf7-form-control wpcf7-textarea form-control\" aria-invalid=\"false\" placeholder=\"Wpisz tutaj swoj\u0105 wiadomo\u015b\u0107\" name=\"your-message\"><\/textarea><\/span><span id=\"wpcf7-69f9ea94e14c7-wrapper\" class=\"wpcf7-form-control-wrap accept-policy-wrap\" style=\"display:none !important; visibility:hidden !important;\"><label for=\"wpcf7-69f9ea94e14c7-field\" class=\"hp-message\">Please leave this field empty.<\/label><input id=\"wpcf7-69f9ea94e14c7-field\"  class=\"wpcf7-form-control wpcf7-text\" type=\"text\" name=\"accept-policy\" value=\"\" size=\"40\" tabindex=\"-1\" autocomplete=\"new-password\" \/><\/span>\n\t\t\t\t<\/p>\n\t\t\t<\/div>\n\t\t<\/div>\n\t\t<div class=\"row\">\n\t\t\t<div class=\"col-md-8\">\n\t\t\t\t<p><input class=\"wpcf7-form-control wpcf7-submit has-spinner btn-block btn button--primary m-0 btn-lg w-100\" type=\"submit\" value=\"Wy\u015blij\" \/>\n\t\t\t\t<\/p>\n\t\t\t<\/div>\n\t\t<\/div>\n\t<\/div>\n<\/div><div class=\"wpcf7-response-output\" aria-hidden=\"true\"><\/div>\n<\/form>\n<\/div>\n[\/vc_column_inner][\/vc_row_inner][\/vc_column][\/vc_row][vc_row content_placement=&#8221;middle&#8221;][vc_column width=&#8221;1\/2&#8243;][vc_column_text]Firma zosta\u0142a za\u0142o\u017cona w 2002 roku przez Everta Peterse i szybko zdoby\u0142a renom\u0119 jako niezawodny gracz w sektorze szk\u00f3\u0142ek drzew, zar\u00f3wno na rynku krajowym, jak i mi\u0119dzynarodowym. Wiedza i do\u015bwiadczenie s\u0105 przekazywane z ojca na syna od ponad 75 lat, co stanowi solidn\u0105 podstaw\u0119 rzemios\u0142a i jako\u015bci.<\/p>\n<p>W Szk\u00f3\u0142ce Drzew Peterse znajdziesz szeroki asortyment drzew alejowych, pocz\u0105wszy od m\u0142odych sadzonek (100-125 cm) a\u017c po drzewa o obwodzie pnia 40-45 cm. Nasze drzewa s\u0105 uprawiane zar\u00f3wno w pojemnikach, jak i w gruncie, dzi\u0119ki czemu mo\u017cemy dostosowa\u0107 si\u0119 do r\u00f3\u017cnorodnych potrzeb naszych klient\u00f3w. Dzi\u0119ki naszemu po\u0142o\u017ceniu w centrum holenderskiego regionu szk\u00f3\u0142karskiego mamy optymalne partnerstwa z dostawcami, co przyczynia si\u0119 do pe\u0142nej i zr\u00f3\u017cnicowanej oferty wysokiej jako\u015bci drzew.[\/vc_column_text]<div class='wpb_content_element' align=''><a class='button button--primary'  href='\/pl\/kontakt\/'>Skontaktuj si\u0119<\/a><\/div>[\/vc_column][vc_column width=&#8221;1\/2&#8243;][vc_single_image image=&#8221;565&#8243; img_size=&#8221;large&#8221; alignment=&#8221;center&#8221; style=&#8221;vc_box_rounded&#8221; css=&#8221;.vc_custom_1719839441121{margin-right: 0px !important;margin-left: 0px !important;background-position: center !important;background-repeat: no-repeat !important;background-size: cover !important;}&#8221;][\/vc_column][\/vc_row][vc_row][vc_column][vc_empty_space][\/vc_column][\/vc_row][vc_row][vc_column width=&#8221;1\/3&#8243;]<div class='wpb_content_element vso_intro_blok'><a href='\/pl\/eksport\/'><img class='vc_single_image-img image_intro_blok' src='https:\/\/www.peterseboomkwekerij.nl\/wp-content\/uploads\/2024\/06\/DSC00037.jpg' alt=''><\/a><div class='content mt-4'><h4 class='title mb-4'>Eksport<\/h4><p class='text_below_title'>W Szk\u00f3\u0142ce Drzew Peterse nasze ambicje wykraczaj\u0105 poza granice naszej w\u0142asnej szk\u00f3\u0142ki.<\/p><div align='left'><a class='button button--primary'  href='\/pl\/eksport\/'>Wi\u0119cej informacji<\/a><\/div><\/div><\/div>[\/vc_column][vc_column width=&#8221;1\/3&#8243;]<div class='wpb_content_element vso_intro_blok'><a href='\/pl\/asortyment\/'><img class='vc_single_image-img image_intro_blok' src='https:\/\/www.peterseboomkwekerij.nl\/wp-content\/uploads\/2024\/06\/DSC00001.jpg' alt=''><\/a><div class='content mt-4'><h4 class='title mb-4'>Asortyment<\/h4><p class='text_below_title'>Szeroki asortyment drzew alejowych, od m\u0142odych sadzonek (100-125 cm) do drzew o obwodzie pnia 40-45 cm.<\/p><div align='left'><a class='button button--primary'  href='\/pl\/asortyment\/'>Wi\u0119cej informacji<\/a><\/div><\/div><\/div>[\/vc_column][vc_column width=&#8221;1\/3&#8243;]<div class='wpb_content_element vso_intro_blok'><a href='\/pl\/wlasna-szkolka\/'><img class='vc_single_image-img image_intro_blok' src='https:\/\/www.peterseboomkwekerij.nl\/wp-content\/uploads\/2024\/06\/fotos-17-oktober-2006-boomkwekerij-022.jpg' alt=''><\/a><div class='content mt-4'><h4 class='title mb-4'>Rodzinna szk\u00f3\u0142ka<\/h4><p class='text_below_title'>W szk\u00f3\u0142ce Peterse kupujesz bezpo\u015brednio u \u017ar\u00f3d\u0142a. Wi\u0119kszo\u015b\u0107 naszego asortymentu pochodzi z naszej w\u0142asnej szk\u00f3\u0142ki,<\/p><div align='left'><a class='button button--primary'  href='\/pl\/wlasna-szkolka\/'>Wi\u0119cej informacji<\/a><\/div><\/div><\/div>[\/vc_column][\/vc_row]<\/p>\n<\/div>","protected":false},"excerpt":{"rendered":"<p>[vc_row full_width=&#8221;stretch_row&#8221; css=&#8221;.vc_custom_1728982537531{background: rgba(10,1,1,0.42) url(https:\/\/www.peterseboomkwekerij.nl\/wp-content\/uploads\/2024\/10\/petersekwekerij-home-iets-opgeschoven-1-scaled.jpg?id=2414) !important;background-position: center !important;background-repeat: no-repeat !important;background-size: cover !important;*background-color: rgb(10,1,1) !important;}&#8221; el_class=&#8221;shadow_background&#8221;][vc_column][vc_empty_space height=&#8221;200px&#8221;][vc_row_inner el_class=&#8221;slider_row&#8221;][vc_column_inner width=&#8221;2\/3&#8243;][vc_column_text el_class=&#8221;textColorWhite&#8221;] G\u0142\u0119boko zakorzenieni w \u015bwiecie drzew alejowych Szk\u00f3\u0142ka Drzew Peterse, z siedzib\u0105 w Kesteren, w sercu Holandii, specjalizuje si\u0119 w uprawie i handlu drzewami alejowymi.[\/vc_column_text][\/vc_column_inner][vc_column_inner el_class=&#8221;slider_form&#8221; width=&#8221;1\/3&#8243; css=&#8221;.vc_custom_1719914031766{background-color: #222222 !important;}&#8221;][vc_column_text el_class=&#8221;textColorWhite&#8221;] Za pomoc\u0105 poni\u017cszego formularza mo\u017cesz skontaktowa\u0107 [&hellip;]<\/p>\n","protected":false},"author":1,"featured_media":0,"parent":0,"menu_order":0,"comment_status":"closed","ping_status":"closed","template":"","meta":{"_acf_changed":false,"footnotes":""},"class_list":["post-869","page","type-page","status-publish","hentry"],"acf":[],"yoast_head":"<!-- This site is optimized with the Yoast SEO plugin v27.5 - https:\/\/yoast.com\/product\/yoast-seo-wordpress\/ -->\n<title>Szk\u00f3\u0142ka Drzew Peterse | Specjalista w drzewach alejowych<\/title>\n<meta name=\"description\" content=\"Szk\u00f3\u0142ka Drzew Peterse znajduje si\u0119 w Kesteren, w sercu Holandii, i specjalizuje si\u0119 w uprawie oraz handlu drzewami alejowymi.\" \/>\n<meta name=\"robots\" content=\"index, follow, max-snippet:-1, max-image-preview:large, max-video-preview:-1\" \/>\n<link rel=\"canonical\" href=\"https:\/\/www.peterseboomkwekerij.nl\/pl\/\" \/>\n<meta property=\"og:locale\" content=\"pl_PL\" \/>\n<meta property=\"og:type\" content=\"article\" \/>\n<meta property=\"og:title\" content=\"Szk\u00f3\u0142ka Drzew Peterse | Specjalista w drzewach alejowych\" \/>\n<meta property=\"og:description\" content=\"Szk\u00f3\u0142ka Drzew Peterse znajduje si\u0119 w Kesteren, w sercu Holandii, i specjalizuje si\u0119 w uprawie oraz handlu drzewami alejowymi.\" \/>\n<meta property=\"og:url\" content=\"https:\/\/www.peterseboomkwekerij.nl\/pl\/\" \/>\n<meta property=\"og:site_name\" content=\"Peterse Boomkwekerij\" \/>\n<meta property=\"article:modified_time\" content=\"2024-10-18T07:17:41+00:00\" \/>\n<meta property=\"og:image\" content=\"https:\/\/www.peterseboomkwekerij.nl\/wp-content\/uploads\/2024\/10\/Logo_Peterse_Boomkwekerij_HR-scaled.jpg\" \/>\n\t<meta property=\"og:image:width\" content=\"2560\" \/>\n\t<meta property=\"og:image:height\" content=\"631\" \/>\n\t<meta property=\"og:image:type\" content=\"image\/jpeg\" \/>\n<meta name=\"twitter:card\" content=\"summary_large_image\" \/>\n<meta name=\"twitter:title\" content=\"Szk\u00f3\u0142ka Drzew Peterse | Specjalista w drzewach alejowych\" \/>\n<meta name=\"twitter:description\" content=\"Szk\u00f3\u0142ka Drzew Peterse znajduje si\u0119 w Kesteren, w sercu Holandii, i specjalizuje si\u0119 w uprawie oraz handlu drzewami alejowymi.\" \/>\n<meta name=\"twitter:image\" content=\"https:\/\/www.peterseboomkwekerij.nl\/wp-content\/uploads\/2024\/10\/Logo_Peterse_Boomkwekerij_HR-scaled.jpg\" \/>\n<meta name=\"twitter:label1\" content=\"Szacowany czas czytania\" \/>\n\t<meta name=\"twitter:data1\" content=\"3 minuty\" \/>\n<script type=\"application\/ld+json\" class=\"yoast-schema-graph\">{\"@context\":\"https:\\\/\\\/schema.org\",\"@graph\":[{\"@type\":\"WebPage\",\"@id\":\"https:\\\/\\\/www.peterseboomkwekerij.nl\\\/pl\\\/\",\"url\":\"https:\\\/\\\/www.peterseboomkwekerij.nl\\\/pl\\\/\",\"name\":\"Szk\u00f3\u0142ka Drzew Peterse | Specjalista w drzewach alejowych\",\"isPartOf\":{\"@id\":\"https:\\\/\\\/www.peterseboomkwekerij.nl\\\/#website\"},\"datePublished\":\"2022-03-17T09:57:03+00:00\",\"dateModified\":\"2024-10-18T07:17:41+00:00\",\"description\":\"Szk\u00f3\u0142ka Drzew Peterse znajduje si\u0119 w Kesteren, w sercu Holandii, i specjalizuje si\u0119 w uprawie oraz handlu drzewami alejowymi.\",\"breadcrumb\":{\"@id\":\"https:\\\/\\\/www.peterseboomkwekerij.nl\\\/pl\\\/#breadcrumb\"},\"inLanguage\":\"pl-PL\",\"potentialAction\":[{\"@type\":\"ReadAction\",\"target\":[\"https:\\\/\\\/www.peterseboomkwekerij.nl\\\/pl\\\/\"]}]},{\"@type\":\"BreadcrumbList\",\"@id\":\"https:\\\/\\\/www.peterseboomkwekerij.nl\\\/pl\\\/#breadcrumb\",\"itemListElement\":[{\"@type\":\"ListItem\",\"position\":1,\"name\":\"Home\",\"item\":\"https:\\\/\\\/www.peterseboomkwekerij.nl\\\/pl\\\/\"},{\"@type\":\"ListItem\",\"position\":2,\"name\":\"Strona g\u0142\u00f3wna\"}]},{\"@type\":\"WebSite\",\"@id\":\"https:\\\/\\\/www.peterseboomkwekerij.nl\\\/#website\",\"url\":\"https:\\\/\\\/www.peterseboomkwekerij.nl\\\/\",\"name\":\"Peterse Boomkwekerij\",\"description\":\"Peterse Boomkwekerij\",\"publisher\":{\"@id\":\"https:\\\/\\\/www.peterseboomkwekerij.nl\\\/#organization\"},\"potentialAction\":[{\"@type\":\"SearchAction\",\"target\":{\"@type\":\"EntryPoint\",\"urlTemplate\":\"https:\\\/\\\/www.peterseboomkwekerij.nl\\\/?s={search_term_string}\"},\"query-input\":{\"@type\":\"PropertyValueSpecification\",\"valueRequired\":true,\"valueName\":\"search_term_string\"}}],\"inLanguage\":\"pl-PL\"},{\"@type\":\"Organization\",\"@id\":\"https:\\\/\\\/www.peterseboomkwekerij.nl\\\/#organization\",\"name\":\"Peterse Boomkwekerij\",\"url\":\"https:\\\/\\\/www.peterseboomkwekerij.nl\\\/\",\"logo\":{\"@type\":\"ImageObject\",\"inLanguage\":\"pl-PL\",\"@id\":\"https:\\\/\\\/www.peterseboomkwekerij.nl\\\/#\\\/schema\\\/logo\\\/image\\\/\",\"url\":\"https:\\\/\\\/www.peterseboomkwekerij.nl\\\/wp-content\\\/uploads\\\/2024\\\/10\\\/Logo_Peterse_Boomkwekerij_HR-scaled.jpg\",\"contentUrl\":\"https:\\\/\\\/www.peterseboomkwekerij.nl\\\/wp-content\\\/uploads\\\/2024\\\/10\\\/Logo_Peterse_Boomkwekerij_HR-scaled.jpg\",\"width\":2560,\"height\":631,\"caption\":\"Peterse Boomkwekerij\"},\"image\":{\"@id\":\"https:\\\/\\\/www.peterseboomkwekerij.nl\\\/#\\\/schema\\\/logo\\\/image\\\/\"}}]}<\/script>\n<!-- \/ Yoast SEO plugin. -->","yoast_head_json":{"title":"Szk\u00f3\u0142ka Drzew Peterse | Specjalista w drzewach alejowych","description":"Szk\u00f3\u0142ka Drzew Peterse znajduje si\u0119 w Kesteren, w sercu Holandii, i specjalizuje si\u0119 w uprawie oraz handlu drzewami alejowymi.","robots":{"index":"index","follow":"follow","max-snippet":"max-snippet:-1","max-image-preview":"max-image-preview:large","max-video-preview":"max-video-preview:-1"},"canonical":"https:\/\/www.peterseboomkwekerij.nl\/pl\/","og_locale":"pl_PL","og_type":"article","og_title":"Szk\u00f3\u0142ka Drzew Peterse | Specjalista w drzewach alejowych","og_description":"Szk\u00f3\u0142ka Drzew Peterse znajduje si\u0119 w Kesteren, w sercu Holandii, i specjalizuje si\u0119 w uprawie oraz handlu drzewami alejowymi.","og_url":"https:\/\/www.peterseboomkwekerij.nl\/pl\/","og_site_name":"Peterse Boomkwekerij","article_modified_time":"2024-10-18T07:17:41+00:00","og_image":[{"width":2560,"height":631,"url":"https:\/\/www.peterseboomkwekerij.nl\/wp-content\/uploads\/2024\/10\/Logo_Peterse_Boomkwekerij_HR-scaled.jpg","type":"image\/jpeg"}],"twitter_card":"summary_large_image","twitter_title":"Szk\u00f3\u0142ka Drzew Peterse | Specjalista w drzewach alejowych","twitter_description":"Szk\u00f3\u0142ka Drzew Peterse znajduje si\u0119 w Kesteren, w sercu Holandii, i specjalizuje si\u0119 w uprawie oraz handlu drzewami alejowymi.","twitter_image":"https:\/\/www.peterseboomkwekerij.nl\/wp-content\/uploads\/2024\/10\/Logo_Peterse_Boomkwekerij_HR-scaled.jpg","twitter_misc":{"Szacowany czas czytania":"3 minuty"},"schema":{"@context":"https:\/\/schema.org","@graph":[{"@type":"WebPage","@id":"https:\/\/www.peterseboomkwekerij.nl\/pl\/","url":"https:\/\/www.peterseboomkwekerij.nl\/pl\/","name":"Szk\u00f3\u0142ka Drzew Peterse | Specjalista w drzewach alejowych","isPartOf":{"@id":"https:\/\/www.peterseboomkwekerij.nl\/#website"},"datePublished":"2022-03-17T09:57:03+00:00","dateModified":"2024-10-18T07:17:41+00:00","description":"Szk\u00f3\u0142ka Drzew Peterse znajduje si\u0119 w Kesteren, w sercu Holandii, i specjalizuje si\u0119 w uprawie oraz handlu drzewami alejowymi.","breadcrumb":{"@id":"https:\/\/www.peterseboomkwekerij.nl\/pl\/#breadcrumb"},"inLanguage":"pl-PL","potentialAction":[{"@type":"ReadAction","target":["https:\/\/www.peterseboomkwekerij.nl\/pl\/"]}]},{"@type":"BreadcrumbList","@id":"https:\/\/www.peterseboomkwekerij.nl\/pl\/#breadcrumb","itemListElement":[{"@type":"ListItem","position":1,"name":"Home","item":"https:\/\/www.peterseboomkwekerij.nl\/pl\/"},{"@type":"ListItem","position":2,"name":"Strona g\u0142\u00f3wna"}]},{"@type":"WebSite","@id":"https:\/\/www.peterseboomkwekerij.nl\/#website","url":"https:\/\/www.peterseboomkwekerij.nl\/","name":"Peterse Boomkwekerij","description":"Peterse Boomkwekerij","publisher":{"@id":"https:\/\/www.peterseboomkwekerij.nl\/#organization"},"potentialAction":[{"@type":"SearchAction","target":{"@type":"EntryPoint","urlTemplate":"https:\/\/www.peterseboomkwekerij.nl\/?s={search_term_string}"},"query-input":{"@type":"PropertyValueSpecification","valueRequired":true,"valueName":"search_term_string"}}],"inLanguage":"pl-PL"},{"@type":"Organization","@id":"https:\/\/www.peterseboomkwekerij.nl\/#organization","name":"Peterse Boomkwekerij","url":"https:\/\/www.peterseboomkwekerij.nl\/","logo":{"@type":"ImageObject","inLanguage":"pl-PL","@id":"https:\/\/www.peterseboomkwekerij.nl\/#\/schema\/logo\/image\/","url":"https:\/\/www.peterseboomkwekerij.nl\/wp-content\/uploads\/2024\/10\/Logo_Peterse_Boomkwekerij_HR-scaled.jpg","contentUrl":"https:\/\/www.peterseboomkwekerij.nl\/wp-content\/uploads\/2024\/10\/Logo_Peterse_Boomkwekerij_HR-scaled.jpg","width":2560,"height":631,"caption":"Peterse Boomkwekerij"},"image":{"@id":"https:\/\/www.peterseboomkwekerij.nl\/#\/schema\/logo\/image\/"}}]}},"_links":{"self":[{"href":"https:\/\/www.peterseboomkwekerij.nl\/pl\/wp-json\/wp\/v2\/pages\/869","targetHints":{"allow":["GET"]}}],"collection":[{"href":"https:\/\/www.peterseboomkwekerij.nl\/pl\/wp-json\/wp\/v2\/pages"}],"about":[{"href":"https:\/\/www.peterseboomkwekerij.nl\/pl\/wp-json\/wp\/v2\/types\/page"}],"author":[{"embeddable":true,"href":"https:\/\/www.peterseboomkwekerij.nl\/pl\/wp-json\/wp\/v2\/users\/1"}],"replies":[{"embeddable":true,"href":"https:\/\/www.peterseboomkwekerij.nl\/pl\/wp-json\/wp\/v2\/comments?post=869"}],"version-history":[{"count":14,"href":"https:\/\/www.peterseboomkwekerij.nl\/pl\/wp-json\/wp\/v2\/pages\/869\/revisions"}],"predecessor-version":[{"id":2456,"href":"https:\/\/www.peterseboomkwekerij.nl\/pl\/wp-json\/wp\/v2\/pages\/869\/revisions\/2456"}],"wp:attachment":[{"href":"https:\/\/www.peterseboomkwekerij.nl\/pl\/wp-json\/wp\/v2\/media?parent=869"}],"curies":[{"name":"wp","href":"https:\/\/api.w.org\/{rel}","templated":true}]}}