{"id":1092,"date":"2022-03-17T14:14:35","date_gmt":"2022-03-17T14:14:35","guid":{"rendered":"https:\/\/www.peterseboomkwekerij.nl\/polityka-prywatnosci\/"},"modified":"2024-10-15T09:05:37","modified_gmt":"2024-10-15T09:05:37","slug":"polityka-prywatnosci","status":"publish","type":"page","link":"https:\/\/www.peterseboomkwekerij.nl\/pl\/polityka-prywatnosci\/","title":{"rendered":"Polityka prywatno\u015bci"},"content":{"rendered":"<div class=\"wpb-content-wrapper\"><p>[vc_row content_placement=&#8221;middle&#8221;][vc_column][vc_column_text]<strong>Polityka prywatno\u015bci Peterse Boomkwekerij, w\u0142a\u015bciciela <\/strong><a href=\"http:\/\/www.peterseboomkwekerij.nl\"><strong>www.peterseboomkwekerij.nl<\/strong><\/a><\/p>\n<ol>\n<li><strong>Zapewnienie prywatno\u015bci<\/strong><br \/>\nZapewnienie prywatno\u015bci odwiedzaj\u0105cych stron\u0119 <a href=\"http:\/\/www.peterseboomkwekerij.nl\">www.peterseboomkwekerij.nl<\/a> jest dla nas wa\u017cnym zadaniem. Dlatego w naszej polityce prywatno\u015bci opisujemy, jakie informacje zbieramy i jak je wykorzystujemy.<\/li>\n<li><strong>Zgoda<\/strong><br \/>\nKorzystaj\u0105c z informacji i us\u0142ug na stronie <a href=\"http:\/\/www.peterseboomkwekerij.nl\">www.peterseboomkwekerij.nl<\/a>, zgadzasz si\u0119 na nasz\u0105 polityk\u0119 prywatno\u015bci i zawarte w niej warunki.<\/li>\n<li><strong>Pytania<\/strong><br \/>\nJe\u015bli chcesz uzyska\u0107 wi\u0119cej informacji lub masz pytania dotycz\u0105ce polityki prywatno\u015bci H van der Burg, a w szczeg\u00f3lno\u015bci strony <a href=\"http:\/\/www.peterseboomkwekerij.nl\">www.peterseboomkwekerij.nl<\/a>, mo\u017cesz skontaktowa\u0107 si\u0119 z nami za po\u015brednictwem poczty e-mail. Nasz adres e-mail to info@peterseboomkwekerij.nl.<\/li>\n<li><strong>Monitorowanie zachowa\u0144 odwiedzaj\u0105cych<\/strong><br \/>\n<a href=\"http:\/\/www.peterseboomkwekerij.nl\">www.peterseboomkwekerij.nl<\/a> korzysta z r\u00f3\u017cnych technik, aby \u015bledzi\u0107, kto odwiedza stron\u0119, jak zachowuj\u0105 si\u0119 odwiedzaj\u0105cy na stronie i kt\u00f3re strony s\u0105 przegl\u0105dane. Jest to powszechna praktyka na stronach internetowych, poniewa\u017c dostarcza informacji przyczyniaj\u0105cych si\u0119 do poprawy do\u015bwiadcze\u0144 u\u017cytkownika. Informacje, kt\u00f3re rejestrujemy za pomoc\u0105 plik\u00f3w cookie, obejmuj\u0105 adresy IP, typ przegl\u0105darki i przegl\u0105dane strony. Monitorujemy r\u00f3wnie\u017c, sk\u0105d po raz pierwszy odwiedzaj\u0105cy odwiedzaj\u0105 stron\u0119 i z kt\u00f3rej strony wychodz\u0105. Te informacje s\u0105 zapisywane anonimowo i nie s\u0105 powi\u0105zane z innymi danymi osobowymi.<\/li>\n<li><strong>U\u017cycie plik\u00f3w cookie<\/strong><br \/>\n<a href=\"http:\/\/www.peterseboomkwekerij.nl\">www.peterseboomkwekerij.nl<\/a> umieszcza pliki cookie na komputerach odwiedzaj\u0105cych. Robimy to, aby zbiera\u0107 informacje o stronach, kt\u00f3re u\u017cytkownicy przegl\u0105daj\u0105 na naszej stronie, \u015bledzi\u0107, jak cz\u0119sto odwiedzaj\u0105cy wracaj\u0105, i sprawdza\u0107, kt\u00f3re strony s\u0105 najbardziej popularne. \u015aledzimy r\u00f3wnie\u017c, jakie informacje udost\u0119pnia przegl\u0105darka.<\/li>\n<li><strong>Wy\u0142\u0105czenie plik\u00f3w cookie<\/strong><br \/>\nMo\u017cesz wy\u0142\u0105czy\u0107 pliki cookie, korzystaj\u0105c z opcji swojej przegl\u0105darki. Wi\u0119cej informacji na temat tych opcji znajdziesz na stronie dostawcy przegl\u0105darki.<\/li>\n<li><strong>Pliki cookie stron trzecich<\/strong><br \/>\nMo\u017cliwe, \u017ce strony trzecie, takie jak Google, b\u0119d\u0105 umieszcza\u0107 reklamy na naszej stronie internetowej lub \u017ce b\u0119dziemy korzysta\u0107 z innych us\u0142ug. W niekt\u00f3rych przypadkach te strony trzecie mog\u0105 umieszcza\u0107 pliki cookie. Na te pliki cookie nie mamy wp\u0142ywu.<\/li>\n<\/ol>\n<p>[\/vc_column_text][\/vc_column][\/vc_row]<\/p>\n<\/div>","protected":false},"excerpt":{"rendered":"<p>[vc_row content_placement=&#8221;middle&#8221;][vc_column][vc_column_text]Polityka prywatno\u015bci Peterse Boomkwekerij, w\u0142a\u015bciciela www.peterseboomkwekerij.nl Zapewnienie prywatno\u015bci Zapewnienie prywatno\u015bci odwiedzaj\u0105cych stron\u0119 www.peterseboomkwekerij.nl jest dla nas wa\u017cnym zadaniem. Dlatego w naszej polityce prywatno\u015bci opisujemy, jakie informacje zbieramy i jak je wykorzystujemy. Zgoda Korzystaj\u0105c z informacji i us\u0142ug na stronie www.peterseboomkwekerij.nl, zgadzasz si\u0119 na nasz\u0105 polityk\u0119 prywatno\u015bci i zawarte w niej warunki. Pytania Je\u015bli chcesz [&hellip;]<\/p>\n","protected":false},"author":1,"featured_media":0,"parent":0,"menu_order":0,"comment_status":"closed","ping_status":"closed","template":"","meta":{"_acf_changed":false,"footnotes":""},"class_list":["post-1092","page","type-page","status-publish","hentry"],"acf":[],"yoast_head":"<!-- This site is optimized with the Yoast SEO plugin v27.4 - https:\/\/yoast.com\/product\/yoast-seo-wordpress\/ -->\n<title>Polityka prywatno\u015bci | Peterse Boomkwekerij<\/title>\n<meta name=\"robots\" content=\"index, follow, max-snippet:-1, max-image-preview:large, max-video-preview:-1\" \/>\n<link rel=\"canonical\" href=\"https:\/\/www.peterseboomkwekerij.nl\/pl\/polityka-prywatnosci\/\" \/>\n<meta property=\"og:locale\" content=\"pl_PL\" \/>\n<meta property=\"og:type\" content=\"article\" \/>\n<meta property=\"og:title\" content=\"Polityka prywatno\u015bci | Peterse Boomkwekerij\" \/>\n<meta property=\"og:description\" content=\"[vc_row content_placement=&#8221;middle&#8221;][vc_column][vc_column_text]Polityka prywatno\u015bci Peterse Boomkwekerij, w\u0142a\u015bciciela www.peterseboomkwekerij.nl Zapewnienie prywatno\u015bci Zapewnienie prywatno\u015bci odwiedzaj\u0105cych stron\u0119 www.peterseboomkwekerij.nl jest dla nas wa\u017cnym zadaniem. Dlatego w naszej polityce prywatno\u015bci opisujemy, jakie informacje zbieramy i jak je wykorzystujemy. Zgoda Korzystaj\u0105c z informacji i us\u0142ug na stronie www.peterseboomkwekerij.nl, zgadzasz si\u0119 na nasz\u0105 polityk\u0119 prywatno\u015bci i zawarte w niej warunki. Pytania Je\u015bli chcesz [&hellip;]\" \/>\n<meta property=\"og:url\" content=\"https:\/\/www.peterseboomkwekerij.nl\/pl\/polityka-prywatnosci\/\" \/>\n<meta property=\"og:site_name\" content=\"Peterse Boomkwekerij\" \/>\n<meta property=\"article:modified_time\" content=\"2024-10-15T09:05:37+00:00\" \/>\n<meta property=\"og:image\" content=\"https:\/\/www.peterseboomkwekerij.nl\/wp-content\/uploads\/2024\/10\/Logo_Peterse_Boomkwekerij_HR-scaled.jpg\" \/>\n\t<meta property=\"og:image:width\" content=\"2560\" \/>\n\t<meta property=\"og:image:height\" content=\"631\" \/>\n\t<meta property=\"og:image:type\" content=\"image\/jpeg\" \/>\n<meta name=\"twitter:card\" content=\"summary_large_image\" \/>\n<meta name=\"twitter:label1\" content=\"Szacowany czas czytania\" \/>\n\t<meta name=\"twitter:data1\" content=\"2 minuty\" \/>\n<script type=\"application\/ld+json\" class=\"yoast-schema-graph\">{\"@context\":\"https:\\\/\\\/schema.org\",\"@graph\":[{\"@type\":\"WebPage\",\"@id\":\"https:\\\/\\\/www.peterseboomkwekerij.nl\\\/pl\\\/polityka-prywatnosci\\\/\",\"url\":\"https:\\\/\\\/www.peterseboomkwekerij.nl\\\/pl\\\/polityka-prywatnosci\\\/\",\"name\":\"Polityka prywatno\u015bci | Peterse Boomkwekerij\",\"isPartOf\":{\"@id\":\"https:\\\/\\\/www.peterseboomkwekerij.nl\\\/#website\"},\"datePublished\":\"2022-03-17T14:14:35+00:00\",\"dateModified\":\"2024-10-15T09:05:37+00:00\",\"breadcrumb\":{\"@id\":\"https:\\\/\\\/www.peterseboomkwekerij.nl\\\/pl\\\/polityka-prywatnosci\\\/#breadcrumb\"},\"inLanguage\":\"pl-PL\",\"potentialAction\":[{\"@type\":\"ReadAction\",\"target\":[\"https:\\\/\\\/www.peterseboomkwekerij.nl\\\/pl\\\/polityka-prywatnosci\\\/\"]}]},{\"@type\":\"BreadcrumbList\",\"@id\":\"https:\\\/\\\/www.peterseboomkwekerij.nl\\\/pl\\\/polityka-prywatnosci\\\/#breadcrumb\",\"itemListElement\":[{\"@type\":\"ListItem\",\"position\":1,\"name\":\"Home\",\"item\":\"https:\\\/\\\/www.peterseboomkwekerij.nl\\\/pl\\\/\"},{\"@type\":\"ListItem\",\"position\":2,\"name\":\"Polityka prywatno\u015bci\"}]},{\"@type\":\"WebSite\",\"@id\":\"https:\\\/\\\/www.peterseboomkwekerij.nl\\\/#website\",\"url\":\"https:\\\/\\\/www.peterseboomkwekerij.nl\\\/\",\"name\":\"Peterse Boomkwekerij\",\"description\":\"Peterse Boomkwekerij\",\"publisher\":{\"@id\":\"https:\\\/\\\/www.peterseboomkwekerij.nl\\\/#organization\"},\"potentialAction\":[{\"@type\":\"SearchAction\",\"target\":{\"@type\":\"EntryPoint\",\"urlTemplate\":\"https:\\\/\\\/www.peterseboomkwekerij.nl\\\/?s={search_term_string}\"},\"query-input\":{\"@type\":\"PropertyValueSpecification\",\"valueRequired\":true,\"valueName\":\"search_term_string\"}}],\"inLanguage\":\"pl-PL\"},{\"@type\":\"Organization\",\"@id\":\"https:\\\/\\\/www.peterseboomkwekerij.nl\\\/#organization\",\"name\":\"Peterse Boomkwekerij\",\"url\":\"https:\\\/\\\/www.peterseboomkwekerij.nl\\\/\",\"logo\":{\"@type\":\"ImageObject\",\"inLanguage\":\"pl-PL\",\"@id\":\"https:\\\/\\\/www.peterseboomkwekerij.nl\\\/#\\\/schema\\\/logo\\\/image\\\/\",\"url\":\"https:\\\/\\\/www.peterseboomkwekerij.nl\\\/wp-content\\\/uploads\\\/2024\\\/10\\\/Logo_Peterse_Boomkwekerij_HR-scaled.jpg\",\"contentUrl\":\"https:\\\/\\\/www.peterseboomkwekerij.nl\\\/wp-content\\\/uploads\\\/2024\\\/10\\\/Logo_Peterse_Boomkwekerij_HR-scaled.jpg\",\"width\":2560,\"height\":631,\"caption\":\"Peterse Boomkwekerij\"},\"image\":{\"@id\":\"https:\\\/\\\/www.peterseboomkwekerij.nl\\\/#\\\/schema\\\/logo\\\/image\\\/\"}}]}<\/script>\n<!-- \/ Yoast SEO plugin. -->","yoast_head_json":{"title":"Polityka prywatno\u015bci | Peterse Boomkwekerij","robots":{"index":"index","follow":"follow","max-snippet":"max-snippet:-1","max-image-preview":"max-image-preview:large","max-video-preview":"max-video-preview:-1"},"canonical":"https:\/\/www.peterseboomkwekerij.nl\/pl\/polityka-prywatnosci\/","og_locale":"pl_PL","og_type":"article","og_title":"Polityka prywatno\u015bci | Peterse Boomkwekerij","og_description":"[vc_row content_placement=&#8221;middle&#8221;][vc_column][vc_column_text]Polityka prywatno\u015bci Peterse Boomkwekerij, w\u0142a\u015bciciela www.peterseboomkwekerij.nl Zapewnienie prywatno\u015bci Zapewnienie prywatno\u015bci odwiedzaj\u0105cych stron\u0119 www.peterseboomkwekerij.nl jest dla nas wa\u017cnym zadaniem. Dlatego w naszej polityce prywatno\u015bci opisujemy, jakie informacje zbieramy i jak je wykorzystujemy. Zgoda Korzystaj\u0105c z informacji i us\u0142ug na stronie www.peterseboomkwekerij.nl, zgadzasz si\u0119 na nasz\u0105 polityk\u0119 prywatno\u015bci i zawarte w niej warunki. Pytania Je\u015bli chcesz [&hellip;]","og_url":"https:\/\/www.peterseboomkwekerij.nl\/pl\/polityka-prywatnosci\/","og_site_name":"Peterse Boomkwekerij","article_modified_time":"2024-10-15T09:05:37+00:00","og_image":[{"width":2560,"height":631,"url":"https:\/\/www.peterseboomkwekerij.nl\/wp-content\/uploads\/2024\/10\/Logo_Peterse_Boomkwekerij_HR-scaled.jpg","type":"image\/jpeg"}],"twitter_card":"summary_large_image","twitter_misc":{"Szacowany czas czytania":"2 minuty"},"schema":{"@context":"https:\/\/schema.org","@graph":[{"@type":"WebPage","@id":"https:\/\/www.peterseboomkwekerij.nl\/pl\/polityka-prywatnosci\/","url":"https:\/\/www.peterseboomkwekerij.nl\/pl\/polityka-prywatnosci\/","name":"Polityka prywatno\u015bci | Peterse Boomkwekerij","isPartOf":{"@id":"https:\/\/www.peterseboomkwekerij.nl\/#website"},"datePublished":"2022-03-17T14:14:35+00:00","dateModified":"2024-10-15T09:05:37+00:00","breadcrumb":{"@id":"https:\/\/www.peterseboomkwekerij.nl\/pl\/polityka-prywatnosci\/#breadcrumb"},"inLanguage":"pl-PL","potentialAction":[{"@type":"ReadAction","target":["https:\/\/www.peterseboomkwekerij.nl\/pl\/polityka-prywatnosci\/"]}]},{"@type":"BreadcrumbList","@id":"https:\/\/www.peterseboomkwekerij.nl\/pl\/polityka-prywatnosci\/#breadcrumb","itemListElement":[{"@type":"ListItem","position":1,"name":"Home","item":"https:\/\/www.peterseboomkwekerij.nl\/pl\/"},{"@type":"ListItem","position":2,"name":"Polityka prywatno\u015bci"}]},{"@type":"WebSite","@id":"https:\/\/www.peterseboomkwekerij.nl\/#website","url":"https:\/\/www.peterseboomkwekerij.nl\/","name":"Peterse Boomkwekerij","description":"Peterse Boomkwekerij","publisher":{"@id":"https:\/\/www.peterseboomkwekerij.nl\/#organization"},"potentialAction":[{"@type":"SearchAction","target":{"@type":"EntryPoint","urlTemplate":"https:\/\/www.peterseboomkwekerij.nl\/?s={search_term_string}"},"query-input":{"@type":"PropertyValueSpecification","valueRequired":true,"valueName":"search_term_string"}}],"inLanguage":"pl-PL"},{"@type":"Organization","@id":"https:\/\/www.peterseboomkwekerij.nl\/#organization","name":"Peterse Boomkwekerij","url":"https:\/\/www.peterseboomkwekerij.nl\/","logo":{"@type":"ImageObject","inLanguage":"pl-PL","@id":"https:\/\/www.peterseboomkwekerij.nl\/#\/schema\/logo\/image\/","url":"https:\/\/www.peterseboomkwekerij.nl\/wp-content\/uploads\/2024\/10\/Logo_Peterse_Boomkwekerij_HR-scaled.jpg","contentUrl":"https:\/\/www.peterseboomkwekerij.nl\/wp-content\/uploads\/2024\/10\/Logo_Peterse_Boomkwekerij_HR-scaled.jpg","width":2560,"height":631,"caption":"Peterse Boomkwekerij"},"image":{"@id":"https:\/\/www.peterseboomkwekerij.nl\/#\/schema\/logo\/image\/"}}]}},"_links":{"self":[{"href":"https:\/\/www.peterseboomkwekerij.nl\/pl\/wp-json\/wp\/v2\/pages\/1092","targetHints":{"allow":["GET"]}}],"collection":[{"href":"https:\/\/www.peterseboomkwekerij.nl\/pl\/wp-json\/wp\/v2\/pages"}],"about":[{"href":"https:\/\/www.peterseboomkwekerij.nl\/pl\/wp-json\/wp\/v2\/types\/page"}],"author":[{"embeddable":true,"href":"https:\/\/www.peterseboomkwekerij.nl\/pl\/wp-json\/wp\/v2\/users\/1"}],"replies":[{"embeddable":true,"href":"https:\/\/www.peterseboomkwekerij.nl\/pl\/wp-json\/wp\/v2\/comments?post=1092"}],"version-history":[{"count":3,"href":"https:\/\/www.peterseboomkwekerij.nl\/pl\/wp-json\/wp\/v2\/pages\/1092\/revisions"}],"predecessor-version":[{"id":2438,"href":"https:\/\/www.peterseboomkwekerij.nl\/pl\/wp-json\/wp\/v2\/pages\/1092\/revisions\/2438"}],"wp:attachment":[{"href":"https:\/\/www.peterseboomkwekerij.nl\/pl\/wp-json\/wp\/v2\/media?parent=1092"}],"curies":[{"name":"wp","href":"https:\/\/api.w.org\/{rel}","templated":true}]}}