{"id":1089,"date":"2022-03-17T14:15:43","date_gmt":"2022-03-17T14:15:43","guid":{"rendered":"https:\/\/www.peterseboomkwekerij.nl\/zrzeczenie-sie-odpowiedzialnosci\/"},"modified":"2024-10-15T08:51:58","modified_gmt":"2024-10-15T08:51:58","slug":"zrzeczenie-sie-odpowiedzialnosci","status":"publish","type":"page","link":"https:\/\/www.peterseboomkwekerij.nl\/pl\/zrzeczenie-sie-odpowiedzialnosci\/","title":{"rendered":"Zrzeczenie si\u0119 odpowiedzialno\u015bci"},"content":{"rendered":"<div class=\"wpb-content-wrapper\"><p>[vc_row content_placement=&#8221;middle&#8221;][vc_column][vc_column_text]<strong>Zastrze\u017cenie prawne Peterse Boomkwekerij<\/strong><br \/>\nNa tej stronie znajdziesz zastrze\u017cenie prawne Peterse Boomkwekerij, udost\u0119pnione przez Peterse Boomkwekerij. W tym zastrze\u017ceniu okre\u015blamy warunki, na jakich udost\u0119pniamy Ci informacje na naszej stronie internetowej.<\/p>\n<p><strong>W\u0142asno\u015b\u0107 intelektualna<\/strong><br \/>\nKorzystanie z informacji na tej stronie internetowej jest bezp\u0142atne, o ile nie kopiujesz, nie rozpowszechniasz ani nie wykorzystujesz tych informacji w jakikolwiek inny spos\u00f3b lub nie nadu\u017cywasz ich. Mo\u017cesz ponownie wykorzysta\u0107 informacje na tej stronie internetowej tylko zgodnie z przepisami prawa bezwzgl\u0119dnie obowi\u0105zuj\u0105cego. Bez wyra\u017anej pisemnej zgody Peterse Boomkwekerij nie wolno ponownie wykorzystywa\u0107 tekst\u00f3w, materia\u0142\u00f3w fotograficznych ani innych materia\u0142\u00f3w znajduj\u0105cych si\u0119 na tej stronie. W\u0142asno\u015b\u0107 intelektualna nale\u017cy do Peterse Boomkwekerij.<\/p>\n<p><strong>Brak gwarancji dok\u0142adno\u015bci<\/strong><br \/>\nJe\u015bli dotyczy: W przypadku cen podanych na naszej stronie internetowej staramy si\u0119 jak najdok\u0142adniej przedstawi\u0107 rzeczywisto\u015b\u0107 i zamierzone ceny. B\u0142\u0119dy, kt\u00f3re si\u0119 pojawiaj\u0105 i s\u0105 rozpoznawalne jako b\u0142\u0119dy programistyczne lub liter\u00f3wki, nigdy nie stanowi\u0105 podstawy do \u017c\u0105dania lub zak\u0142adania umowy z Peterse Boomkwekerij. Peterse Boomkwekerij d\u0105\u017cy do jak najcz\u0119stszego aktualizowania strony. Mimo tych stara\u0144, je\u015bli informacje lub tre\u015bci na tej stronie s\u0105 niepe\u0142ne lub nieprawid\u0142owe, nie mo\u017cemy przyj\u0105\u0107 za to odpowiedzialno\u015bci. Informacje i\/lub produkty na tej stronie s\u0105 oferowane bez \u017cadnej gwarancji lub roszcze\u0144 dotycz\u0105cych ich dok\u0142adno\u015bci. Zastrzegamy sobie prawo do zmiany, usuni\u0119cia lub ponownego umieszczenia tych materia\u0142\u00f3w bez wcze\u015bniejszego powiadomienia. Peterse Boomkwekerij nie ponosi odpowiedzialno\u015bci za informacje znajduj\u0105ce si\u0119 na stronach internetowych, do kt\u00f3rych odsy\u0142amy za pomoc\u0105 hiper\u0142\u0105czy.<\/p>\n<p><strong>Zmiany<\/strong><br \/>\nJe\u015bli to zastrze\u017cenie prawne ulegnie zmianie, znajdziesz najnowsz\u0105 wersj\u0119 zastrze\u017cenia prawnego Peterse Boomkwekerij na tej stronie.[\/vc_column_text][\/vc_column][\/vc_row]<\/p>\n<\/div>","protected":false},"excerpt":{"rendered":"<p>[vc_row content_placement=&#8221;middle&#8221;][vc_column][vc_column_text]Zastrze\u017cenie prawne Peterse Boomkwekerij Na tej stronie znajdziesz zastrze\u017cenie prawne Peterse Boomkwekerij, udost\u0119pnione przez Peterse Boomkwekerij. W tym zastrze\u017ceniu okre\u015blamy warunki, na jakich udost\u0119pniamy Ci informacje na naszej stronie internetowej. W\u0142asno\u015b\u0107 intelektualna Korzystanie z informacji na tej stronie internetowej jest bezp\u0142atne, o ile nie kopiujesz, nie rozpowszechniasz ani nie wykorzystujesz tych informacji w jakikolwiek [&hellip;]<\/p>\n","protected":false},"author":1,"featured_media":0,"parent":0,"menu_order":0,"comment_status":"closed","ping_status":"closed","template":"","meta":{"_acf_changed":false,"footnotes":""},"class_list":["post-1089","page","type-page","status-publish","hentry"],"acf":[],"yoast_head":"<!-- This site is optimized with the Yoast SEO plugin v27.4 - https:\/\/yoast.com\/product\/yoast-seo-wordpress\/ -->\n<title>Zrzeczenie si\u0119 odpowiedzialno\u015bci | Peterse Boomkwekerij<\/title>\n<meta name=\"robots\" content=\"index, follow, max-snippet:-1, max-image-preview:large, max-video-preview:-1\" \/>\n<link rel=\"canonical\" href=\"https:\/\/www.peterseboomkwekerij.nl\/pl\/zrzeczenie-sie-odpowiedzialnosci\/\" \/>\n<meta property=\"og:locale\" content=\"pl_PL\" \/>\n<meta property=\"og:type\" content=\"article\" \/>\n<meta property=\"og:title\" content=\"Zrzeczenie si\u0119 odpowiedzialno\u015bci | Peterse Boomkwekerij\" \/>\n<meta property=\"og:description\" content=\"[vc_row content_placement=&#8221;middle&#8221;][vc_column][vc_column_text]Zastrze\u017cenie prawne Peterse Boomkwekerij Na tej stronie znajdziesz zastrze\u017cenie prawne Peterse Boomkwekerij, udost\u0119pnione przez Peterse Boomkwekerij. W tym zastrze\u017ceniu okre\u015blamy warunki, na jakich udost\u0119pniamy Ci informacje na naszej stronie internetowej. W\u0142asno\u015b\u0107 intelektualna Korzystanie z informacji na tej stronie internetowej jest bezp\u0142atne, o ile nie kopiujesz, nie rozpowszechniasz ani nie wykorzystujesz tych informacji w jakikolwiek [&hellip;]\" \/>\n<meta property=\"og:url\" content=\"https:\/\/www.peterseboomkwekerij.nl\/pl\/zrzeczenie-sie-odpowiedzialnosci\/\" \/>\n<meta property=\"og:site_name\" content=\"Peterse Boomkwekerij\" \/>\n<meta property=\"article:modified_time\" content=\"2024-10-15T08:51:58+00:00\" \/>\n<meta property=\"og:image\" content=\"https:\/\/www.peterseboomkwekerij.nl\/wp-content\/uploads\/2024\/10\/Logo_Peterse_Boomkwekerij_HR-scaled.jpg\" \/>\n\t<meta property=\"og:image:width\" content=\"2560\" \/>\n\t<meta property=\"og:image:height\" content=\"631\" \/>\n\t<meta property=\"og:image:type\" content=\"image\/jpeg\" \/>\n<meta name=\"twitter:card\" content=\"summary_large_image\" \/>\n<meta name=\"twitter:label1\" content=\"Szacowany czas czytania\" \/>\n\t<meta name=\"twitter:data1\" content=\"2 minuty\" \/>\n<script type=\"application\/ld+json\" class=\"yoast-schema-graph\">{\"@context\":\"https:\\\/\\\/schema.org\",\"@graph\":[{\"@type\":\"WebPage\",\"@id\":\"https:\\\/\\\/www.peterseboomkwekerij.nl\\\/pl\\\/zrzeczenie-sie-odpowiedzialnosci\\\/\",\"url\":\"https:\\\/\\\/www.peterseboomkwekerij.nl\\\/pl\\\/zrzeczenie-sie-odpowiedzialnosci\\\/\",\"name\":\"Zrzeczenie si\u0119 odpowiedzialno\u015bci | Peterse Boomkwekerij\",\"isPartOf\":{\"@id\":\"https:\\\/\\\/www.peterseboomkwekerij.nl\\\/#website\"},\"datePublished\":\"2022-03-17T14:15:43+00:00\",\"dateModified\":\"2024-10-15T08:51:58+00:00\",\"breadcrumb\":{\"@id\":\"https:\\\/\\\/www.peterseboomkwekerij.nl\\\/pl\\\/zrzeczenie-sie-odpowiedzialnosci\\\/#breadcrumb\"},\"inLanguage\":\"pl-PL\",\"potentialAction\":[{\"@type\":\"ReadAction\",\"target\":[\"https:\\\/\\\/www.peterseboomkwekerij.nl\\\/pl\\\/zrzeczenie-sie-odpowiedzialnosci\\\/\"]}]},{\"@type\":\"BreadcrumbList\",\"@id\":\"https:\\\/\\\/www.peterseboomkwekerij.nl\\\/pl\\\/zrzeczenie-sie-odpowiedzialnosci\\\/#breadcrumb\",\"itemListElement\":[{\"@type\":\"ListItem\",\"position\":1,\"name\":\"Home\",\"item\":\"https:\\\/\\\/www.peterseboomkwekerij.nl\\\/pl\\\/\"},{\"@type\":\"ListItem\",\"position\":2,\"name\":\"Zrzeczenie si\u0119 odpowiedzialno\u015bci\"}]},{\"@type\":\"WebSite\",\"@id\":\"https:\\\/\\\/www.peterseboomkwekerij.nl\\\/#website\",\"url\":\"https:\\\/\\\/www.peterseboomkwekerij.nl\\\/\",\"name\":\"Peterse Boomkwekerij\",\"description\":\"Peterse Boomkwekerij\",\"publisher\":{\"@id\":\"https:\\\/\\\/www.peterseboomkwekerij.nl\\\/#organization\"},\"potentialAction\":[{\"@type\":\"SearchAction\",\"target\":{\"@type\":\"EntryPoint\",\"urlTemplate\":\"https:\\\/\\\/www.peterseboomkwekerij.nl\\\/?s={search_term_string}\"},\"query-input\":{\"@type\":\"PropertyValueSpecification\",\"valueRequired\":true,\"valueName\":\"search_term_string\"}}],\"inLanguage\":\"pl-PL\"},{\"@type\":\"Organization\",\"@id\":\"https:\\\/\\\/www.peterseboomkwekerij.nl\\\/#organization\",\"name\":\"Peterse Boomkwekerij\",\"url\":\"https:\\\/\\\/www.peterseboomkwekerij.nl\\\/\",\"logo\":{\"@type\":\"ImageObject\",\"inLanguage\":\"pl-PL\",\"@id\":\"https:\\\/\\\/www.peterseboomkwekerij.nl\\\/#\\\/schema\\\/logo\\\/image\\\/\",\"url\":\"https:\\\/\\\/www.peterseboomkwekerij.nl\\\/wp-content\\\/uploads\\\/2024\\\/10\\\/Logo_Peterse_Boomkwekerij_HR-scaled.jpg\",\"contentUrl\":\"https:\\\/\\\/www.peterseboomkwekerij.nl\\\/wp-content\\\/uploads\\\/2024\\\/10\\\/Logo_Peterse_Boomkwekerij_HR-scaled.jpg\",\"width\":2560,\"height\":631,\"caption\":\"Peterse Boomkwekerij\"},\"image\":{\"@id\":\"https:\\\/\\\/www.peterseboomkwekerij.nl\\\/#\\\/schema\\\/logo\\\/image\\\/\"}}]}<\/script>\n<!-- \/ Yoast SEO plugin. -->","yoast_head_json":{"title":"Zrzeczenie si\u0119 odpowiedzialno\u015bci | Peterse Boomkwekerij","robots":{"index":"index","follow":"follow","max-snippet":"max-snippet:-1","max-image-preview":"max-image-preview:large","max-video-preview":"max-video-preview:-1"},"canonical":"https:\/\/www.peterseboomkwekerij.nl\/pl\/zrzeczenie-sie-odpowiedzialnosci\/","og_locale":"pl_PL","og_type":"article","og_title":"Zrzeczenie si\u0119 odpowiedzialno\u015bci | Peterse Boomkwekerij","og_description":"[vc_row content_placement=&#8221;middle&#8221;][vc_column][vc_column_text]Zastrze\u017cenie prawne Peterse Boomkwekerij Na tej stronie znajdziesz zastrze\u017cenie prawne Peterse Boomkwekerij, udost\u0119pnione przez Peterse Boomkwekerij. W tym zastrze\u017ceniu okre\u015blamy warunki, na jakich udost\u0119pniamy Ci informacje na naszej stronie internetowej. W\u0142asno\u015b\u0107 intelektualna Korzystanie z informacji na tej stronie internetowej jest bezp\u0142atne, o ile nie kopiujesz, nie rozpowszechniasz ani nie wykorzystujesz tych informacji w jakikolwiek [&hellip;]","og_url":"https:\/\/www.peterseboomkwekerij.nl\/pl\/zrzeczenie-sie-odpowiedzialnosci\/","og_site_name":"Peterse Boomkwekerij","article_modified_time":"2024-10-15T08:51:58+00:00","og_image":[{"width":2560,"height":631,"url":"https:\/\/www.peterseboomkwekerij.nl\/wp-content\/uploads\/2024\/10\/Logo_Peterse_Boomkwekerij_HR-scaled.jpg","type":"image\/jpeg"}],"twitter_card":"summary_large_image","twitter_misc":{"Szacowany czas czytania":"2 minuty"},"schema":{"@context":"https:\/\/schema.org","@graph":[{"@type":"WebPage","@id":"https:\/\/www.peterseboomkwekerij.nl\/pl\/zrzeczenie-sie-odpowiedzialnosci\/","url":"https:\/\/www.peterseboomkwekerij.nl\/pl\/zrzeczenie-sie-odpowiedzialnosci\/","name":"Zrzeczenie si\u0119 odpowiedzialno\u015bci | Peterse Boomkwekerij","isPartOf":{"@id":"https:\/\/www.peterseboomkwekerij.nl\/#website"},"datePublished":"2022-03-17T14:15:43+00:00","dateModified":"2024-10-15T08:51:58+00:00","breadcrumb":{"@id":"https:\/\/www.peterseboomkwekerij.nl\/pl\/zrzeczenie-sie-odpowiedzialnosci\/#breadcrumb"},"inLanguage":"pl-PL","potentialAction":[{"@type":"ReadAction","target":["https:\/\/www.peterseboomkwekerij.nl\/pl\/zrzeczenie-sie-odpowiedzialnosci\/"]}]},{"@type":"BreadcrumbList","@id":"https:\/\/www.peterseboomkwekerij.nl\/pl\/zrzeczenie-sie-odpowiedzialnosci\/#breadcrumb","itemListElement":[{"@type":"ListItem","position":1,"name":"Home","item":"https:\/\/www.peterseboomkwekerij.nl\/pl\/"},{"@type":"ListItem","position":2,"name":"Zrzeczenie si\u0119 odpowiedzialno\u015bci"}]},{"@type":"WebSite","@id":"https:\/\/www.peterseboomkwekerij.nl\/#website","url":"https:\/\/www.peterseboomkwekerij.nl\/","name":"Peterse Boomkwekerij","description":"Peterse Boomkwekerij","publisher":{"@id":"https:\/\/www.peterseboomkwekerij.nl\/#organization"},"potentialAction":[{"@type":"SearchAction","target":{"@type":"EntryPoint","urlTemplate":"https:\/\/www.peterseboomkwekerij.nl\/?s={search_term_string}"},"query-input":{"@type":"PropertyValueSpecification","valueRequired":true,"valueName":"search_term_string"}}],"inLanguage":"pl-PL"},{"@type":"Organization","@id":"https:\/\/www.peterseboomkwekerij.nl\/#organization","name":"Peterse Boomkwekerij","url":"https:\/\/www.peterseboomkwekerij.nl\/","logo":{"@type":"ImageObject","inLanguage":"pl-PL","@id":"https:\/\/www.peterseboomkwekerij.nl\/#\/schema\/logo\/image\/","url":"https:\/\/www.peterseboomkwekerij.nl\/wp-content\/uploads\/2024\/10\/Logo_Peterse_Boomkwekerij_HR-scaled.jpg","contentUrl":"https:\/\/www.peterseboomkwekerij.nl\/wp-content\/uploads\/2024\/10\/Logo_Peterse_Boomkwekerij_HR-scaled.jpg","width":2560,"height":631,"caption":"Peterse Boomkwekerij"},"image":{"@id":"https:\/\/www.peterseboomkwekerij.nl\/#\/schema\/logo\/image\/"}}]}},"_links":{"self":[{"href":"https:\/\/www.peterseboomkwekerij.nl\/pl\/wp-json\/wp\/v2\/pages\/1089","targetHints":{"allow":["GET"]}}],"collection":[{"href":"https:\/\/www.peterseboomkwekerij.nl\/pl\/wp-json\/wp\/v2\/pages"}],"about":[{"href":"https:\/\/www.peterseboomkwekerij.nl\/pl\/wp-json\/wp\/v2\/types\/page"}],"author":[{"embeddable":true,"href":"https:\/\/www.peterseboomkwekerij.nl\/pl\/wp-json\/wp\/v2\/users\/1"}],"replies":[{"embeddable":true,"href":"https:\/\/www.peterseboomkwekerij.nl\/pl\/wp-json\/wp\/v2\/comments?post=1089"}],"version-history":[{"count":3,"href":"https:\/\/www.peterseboomkwekerij.nl\/pl\/wp-json\/wp\/v2\/pages\/1089\/revisions"}],"predecessor-version":[{"id":2424,"href":"https:\/\/www.peterseboomkwekerij.nl\/pl\/wp-json\/wp\/v2\/pages\/1089\/revisions\/2424"}],"wp:attachment":[{"href":"https:\/\/www.peterseboomkwekerij.nl\/pl\/wp-json\/wp\/v2\/media?parent=1089"}],"curies":[{"name":"wp","href":"https:\/\/api.w.org\/{rel}","templated":true}]}}