{"id":1237,"date":"2022-03-17T14:14:35","date_gmt":"2022-03-17T14:14:35","guid":{"rendered":"https:\/\/www.peterseboomkwekerij.nl\/politique-de-confidentialite\/"},"modified":"2024-10-15T09:05:15","modified_gmt":"2024-10-15T09:05:15","slug":"politique-de-confidentialite","status":"publish","type":"page","link":"https:\/\/www.peterseboomkwekerij.nl\/fr\/politique-de-confidentialite\/","title":{"rendered":"politique de confidentialit\u00e9"},"content":{"rendered":"<div class=\"wpb-content-wrapper\"><p>[vc_row content_placement=\u00a0\u00bbmiddle\u00a0\u00bb][vc_column][vc_column_text]<strong>Politique de confidentialit\u00e9 pour Peterse Boomkwekerij, propri\u00e9taire de <\/strong><a href=\"http:\/\/www.peterseboomkwekerij.nl\"><strong>www.peterseboomkwekerij.nl<\/strong><\/a><\/p>\n<ol>\n<li><strong>Garantir la confidentialit\u00e9<\/strong><br \/>\nGarantir la confidentialit\u00e9 des visiteurs de <a href=\"http:\/\/www.peterseboomkwekerij.nl\">www.peterseboomkwekerij.nl<\/a> est une t\u00e2che importante pour nous. Par cons\u00e9quent, dans notre politique de confidentialit\u00e9, nous d\u00e9crivons quelles informations nous collectons et comment nous les utilisons.<\/li>\n<li><strong>Consentement<\/strong><br \/>\nEn utilisant les informations et les services sur <a href=\"http:\/\/www.peterseboomkwekerij.nl\">www.peterseboomkwekerij.nl<\/a>, vous acceptez notre politique de confidentialit\u00e9 et les conditions qui y sont incluses.<\/li>\n<li><strong>Questions<\/strong><br \/>\nSi vous souhaitez recevoir plus d&rsquo;informations ou si vous avez des questions concernant la politique de confidentialit\u00e9 de H van der Burg et plus particuli\u00e8rement <a href=\"http:\/\/www.peterseboomkwekerij.nl\">www.peterseboomkwekerij.nl<\/a>, vous pouvez nous contacter par e-mail. Notre adresse e-mail est info@peterseboomkwekerij.nl.<\/li>\n<li><strong>Suivi du comportement des visiteurs<\/strong><br \/>\n<a href=\"http:\/\/www.peterseboomkwekerij.nl\">www.peterseboomkwekerij.nl<\/a> utilise diverses techniques pour suivre qui visite le site, comment ces visiteurs se comportent sur le site et quelles pages sont visit\u00e9es. C&rsquo;est une pratique courante pour les sites Web, car cela fournit des informations qui contribuent \u00e0 l&rsquo;am\u00e9lioration de l&rsquo;exp\u00e9rience utilisateur. Les informations que nous enregistrons via des cookies incluent, entre autres, des adresses IP, le type de navigateur et les pages visit\u00e9es. Nous surveillons \u00e9galement d&rsquo;o\u00f9 les visiteurs acc\u00e8dent pour la premi\u00e8re fois au site Web et de quelle page ils partent. Ces informations sont enregistr\u00e9es de mani\u00e8re anonyme et ne sont pas associ\u00e9es \u00e0 d&rsquo;autres donn\u00e9es personnelles.<\/li>\n<li><strong>Utilisation des cookies<\/strong><br \/>\n<a href=\"http:\/\/www.peterseboomkwekerij.nl\">www.peterseboomkwekerij.nl<\/a> place des cookies aupr\u00e8s des visiteurs. Nous faisons cela pour collecter des informations sur les pages que les utilisateurs visitent sur notre site Web, pour suivre la fr\u00e9quence de leurs visites et pour voir quelles pages fonctionnent bien sur le site. Nous suivons \u00e9galement les informations partag\u00e9es par le navigateur.<\/li>\n<li><strong>D\u00e9sactiver les cookies<\/strong><br \/>\nVous pouvez choisir de d\u00e9sactiver les cookies. Vous pouvez le faire en utilisant les options de votre navigateur. Vous trouverez plus d&rsquo;informations sur ces options sur le site Web de votre fournisseur de navigateur.<\/li>\n<li><strong>Cookies de tiers<\/strong><br \/>\nIl est possible que des tiers, comme Google, fassent de la publicit\u00e9 sur notre site Web ou que nous utilisions un autre service. Dans certains cas, ces tiers peuvent placer des cookies. Ces cookies ne peuvent pas \u00eatre contr\u00f4l\u00e9s par <a href=\"http:\/\/www.peterseboomkwekerij.nl\">www.peterseboomkwekerij.nl<\/a>.<\/li>\n<\/ol>\n<p>[\/vc_column_text][\/vc_column][\/vc_row]<\/p>\n<\/div>","protected":false},"excerpt":{"rendered":"<p>[vc_row content_placement=\u00a0\u00bbmiddle\u00a0\u00bb][vc_column][vc_column_text]Politique de confidentialit\u00e9 pour Peterse Boomkwekerij, propri\u00e9taire de www.peterseboomkwekerij.nl Garantir la confidentialit\u00e9 Garantir la confidentialit\u00e9 des visiteurs de www.peterseboomkwekerij.nl est une t\u00e2che importante pour nous. Par cons\u00e9quent, dans notre politique de confidentialit\u00e9, nous d\u00e9crivons quelles informations nous collectons et comment nous les utilisons. Consentement En utilisant les informations et les services sur www.peterseboomkwekerij.nl, vous [&hellip;]<\/p>\n","protected":false},"author":1,"featured_media":0,"parent":0,"menu_order":0,"comment_status":"closed","ping_status":"closed","template":"","meta":{"_acf_changed":false,"footnotes":""},"class_list":["post-1237","page","type-page","status-publish","hentry"],"acf":[],"yoast_head":"<!-- This site is optimized with the Yoast SEO plugin v27.4 - https:\/\/yoast.com\/product\/yoast-seo-wordpress\/ -->\n<title>politique de confidentialit\u00e9 | Peterse Boomkwekerij<\/title>\n<meta name=\"robots\" content=\"index, follow, max-snippet:-1, max-image-preview:large, max-video-preview:-1\" \/>\n<link rel=\"canonical\" href=\"https:\/\/www.peterseboomkwekerij.nl\/fr\/politique-de-confidentialite\/\" \/>\n<meta property=\"og:locale\" content=\"fr_FR\" \/>\n<meta property=\"og:type\" content=\"article\" \/>\n<meta property=\"og:title\" content=\"politique de confidentialit\u00e9 | Peterse Boomkwekerij\" \/>\n<meta property=\"og:description\" content=\"[vc_row content_placement=\u00a0\u00bbmiddle\u00a0\u00bb][vc_column][vc_column_text]Politique de confidentialit\u00e9 pour Peterse Boomkwekerij, propri\u00e9taire de www.peterseboomkwekerij.nl Garantir la confidentialit\u00e9 Garantir la confidentialit\u00e9 des visiteurs de www.peterseboomkwekerij.nl est une t\u00e2che importante pour nous. Par cons\u00e9quent, dans notre politique de confidentialit\u00e9, nous d\u00e9crivons quelles informations nous collectons et comment nous les utilisons. Consentement En utilisant les informations et les services sur www.peterseboomkwekerij.nl, vous [&hellip;]\" \/>\n<meta property=\"og:url\" content=\"https:\/\/www.peterseboomkwekerij.nl\/fr\/politique-de-confidentialite\/\" \/>\n<meta property=\"og:site_name\" content=\"Peterse Boomkwekerij\" \/>\n<meta property=\"article:modified_time\" content=\"2024-10-15T09:05:15+00:00\" \/>\n<meta property=\"og:image\" content=\"https:\/\/www.peterseboomkwekerij.nl\/wp-content\/uploads\/2024\/10\/Logo_Peterse_Boomkwekerij_HR-scaled.jpg\" \/>\n\t<meta property=\"og:image:width\" content=\"2560\" \/>\n\t<meta property=\"og:image:height\" content=\"631\" \/>\n\t<meta property=\"og:image:type\" content=\"image\/jpeg\" \/>\n<meta name=\"twitter:card\" content=\"summary_large_image\" \/>\n<meta name=\"twitter:label1\" content=\"Dur\u00e9e de lecture estim\u00e9e\" \/>\n\t<meta name=\"twitter:data1\" content=\"2 minutes\" \/>\n<script type=\"application\/ld+json\" class=\"yoast-schema-graph\">{\"@context\":\"https:\\\/\\\/schema.org\",\"@graph\":[{\"@type\":\"WebPage\",\"@id\":\"https:\\\/\\\/www.peterseboomkwekerij.nl\\\/fr\\\/politique-de-confidentialite\\\/\",\"url\":\"https:\\\/\\\/www.peterseboomkwekerij.nl\\\/fr\\\/politique-de-confidentialite\\\/\",\"name\":\"politique de confidentialit\u00e9 | Peterse Boomkwekerij\",\"isPartOf\":{\"@id\":\"https:\\\/\\\/www.peterseboomkwekerij.nl\\\/#website\"},\"datePublished\":\"2022-03-17T14:14:35+00:00\",\"dateModified\":\"2024-10-15T09:05:15+00:00\",\"breadcrumb\":{\"@id\":\"https:\\\/\\\/www.peterseboomkwekerij.nl\\\/fr\\\/politique-de-confidentialite\\\/#breadcrumb\"},\"inLanguage\":\"fr-FR\",\"potentialAction\":[{\"@type\":\"ReadAction\",\"target\":[\"https:\\\/\\\/www.peterseboomkwekerij.nl\\\/fr\\\/politique-de-confidentialite\\\/\"]}]},{\"@type\":\"BreadcrumbList\",\"@id\":\"https:\\\/\\\/www.peterseboomkwekerij.nl\\\/fr\\\/politique-de-confidentialite\\\/#breadcrumb\",\"itemListElement\":[{\"@type\":\"ListItem\",\"position\":1,\"name\":\"Home\",\"item\":\"https:\\\/\\\/www.peterseboomkwekerij.nl\\\/fr\\\/\"},{\"@type\":\"ListItem\",\"position\":2,\"name\":\"politique de confidentialit\u00e9\"}]},{\"@type\":\"WebSite\",\"@id\":\"https:\\\/\\\/www.peterseboomkwekerij.nl\\\/#website\",\"url\":\"https:\\\/\\\/www.peterseboomkwekerij.nl\\\/\",\"name\":\"Peterse Boomkwekerij\",\"description\":\"Peterse Boomkwekerij\",\"publisher\":{\"@id\":\"https:\\\/\\\/www.peterseboomkwekerij.nl\\\/#organization\"},\"potentialAction\":[{\"@type\":\"SearchAction\",\"target\":{\"@type\":\"EntryPoint\",\"urlTemplate\":\"https:\\\/\\\/www.peterseboomkwekerij.nl\\\/?s={search_term_string}\"},\"query-input\":{\"@type\":\"PropertyValueSpecification\",\"valueRequired\":true,\"valueName\":\"search_term_string\"}}],\"inLanguage\":\"fr-FR\"},{\"@type\":\"Organization\",\"@id\":\"https:\\\/\\\/www.peterseboomkwekerij.nl\\\/#organization\",\"name\":\"Peterse Boomkwekerij\",\"url\":\"https:\\\/\\\/www.peterseboomkwekerij.nl\\\/\",\"logo\":{\"@type\":\"ImageObject\",\"inLanguage\":\"fr-FR\",\"@id\":\"https:\\\/\\\/www.peterseboomkwekerij.nl\\\/#\\\/schema\\\/logo\\\/image\\\/\",\"url\":\"https:\\\/\\\/www.peterseboomkwekerij.nl\\\/wp-content\\\/uploads\\\/2024\\\/10\\\/Logo_Peterse_Boomkwekerij_HR-scaled.jpg\",\"contentUrl\":\"https:\\\/\\\/www.peterseboomkwekerij.nl\\\/wp-content\\\/uploads\\\/2024\\\/10\\\/Logo_Peterse_Boomkwekerij_HR-scaled.jpg\",\"width\":2560,\"height\":631,\"caption\":\"Peterse Boomkwekerij\"},\"image\":{\"@id\":\"https:\\\/\\\/www.peterseboomkwekerij.nl\\\/#\\\/schema\\\/logo\\\/image\\\/\"}}]}<\/script>\n<!-- \/ Yoast SEO plugin. -->","yoast_head_json":{"title":"politique de confidentialit\u00e9 | Peterse Boomkwekerij","robots":{"index":"index","follow":"follow","max-snippet":"max-snippet:-1","max-image-preview":"max-image-preview:large","max-video-preview":"max-video-preview:-1"},"canonical":"https:\/\/www.peterseboomkwekerij.nl\/fr\/politique-de-confidentialite\/","og_locale":"fr_FR","og_type":"article","og_title":"politique de confidentialit\u00e9 | Peterse Boomkwekerij","og_description":"[vc_row content_placement=\u00a0\u00bbmiddle\u00a0\u00bb][vc_column][vc_column_text]Politique de confidentialit\u00e9 pour Peterse Boomkwekerij, propri\u00e9taire de www.peterseboomkwekerij.nl Garantir la confidentialit\u00e9 Garantir la confidentialit\u00e9 des visiteurs de www.peterseboomkwekerij.nl est une t\u00e2che importante pour nous. Par cons\u00e9quent, dans notre politique de confidentialit\u00e9, nous d\u00e9crivons quelles informations nous collectons et comment nous les utilisons. Consentement En utilisant les informations et les services sur www.peterseboomkwekerij.nl, vous [&hellip;]","og_url":"https:\/\/www.peterseboomkwekerij.nl\/fr\/politique-de-confidentialite\/","og_site_name":"Peterse Boomkwekerij","article_modified_time":"2024-10-15T09:05:15+00:00","og_image":[{"width":2560,"height":631,"url":"https:\/\/www.peterseboomkwekerij.nl\/wp-content\/uploads\/2024\/10\/Logo_Peterse_Boomkwekerij_HR-scaled.jpg","type":"image\/jpeg"}],"twitter_card":"summary_large_image","twitter_misc":{"Dur\u00e9e de lecture estim\u00e9e":"2 minutes"},"schema":{"@context":"https:\/\/schema.org","@graph":[{"@type":"WebPage","@id":"https:\/\/www.peterseboomkwekerij.nl\/fr\/politique-de-confidentialite\/","url":"https:\/\/www.peterseboomkwekerij.nl\/fr\/politique-de-confidentialite\/","name":"politique de confidentialit\u00e9 | Peterse Boomkwekerij","isPartOf":{"@id":"https:\/\/www.peterseboomkwekerij.nl\/#website"},"datePublished":"2022-03-17T14:14:35+00:00","dateModified":"2024-10-15T09:05:15+00:00","breadcrumb":{"@id":"https:\/\/www.peterseboomkwekerij.nl\/fr\/politique-de-confidentialite\/#breadcrumb"},"inLanguage":"fr-FR","potentialAction":[{"@type":"ReadAction","target":["https:\/\/www.peterseboomkwekerij.nl\/fr\/politique-de-confidentialite\/"]}]},{"@type":"BreadcrumbList","@id":"https:\/\/www.peterseboomkwekerij.nl\/fr\/politique-de-confidentialite\/#breadcrumb","itemListElement":[{"@type":"ListItem","position":1,"name":"Home","item":"https:\/\/www.peterseboomkwekerij.nl\/fr\/"},{"@type":"ListItem","position":2,"name":"politique de confidentialit\u00e9"}]},{"@type":"WebSite","@id":"https:\/\/www.peterseboomkwekerij.nl\/#website","url":"https:\/\/www.peterseboomkwekerij.nl\/","name":"Peterse Boomkwekerij","description":"Peterse Boomkwekerij","publisher":{"@id":"https:\/\/www.peterseboomkwekerij.nl\/#organization"},"potentialAction":[{"@type":"SearchAction","target":{"@type":"EntryPoint","urlTemplate":"https:\/\/www.peterseboomkwekerij.nl\/?s={search_term_string}"},"query-input":{"@type":"PropertyValueSpecification","valueRequired":true,"valueName":"search_term_string"}}],"inLanguage":"fr-FR"},{"@type":"Organization","@id":"https:\/\/www.peterseboomkwekerij.nl\/#organization","name":"Peterse Boomkwekerij","url":"https:\/\/www.peterseboomkwekerij.nl\/","logo":{"@type":"ImageObject","inLanguage":"fr-FR","@id":"https:\/\/www.peterseboomkwekerij.nl\/#\/schema\/logo\/image\/","url":"https:\/\/www.peterseboomkwekerij.nl\/wp-content\/uploads\/2024\/10\/Logo_Peterse_Boomkwekerij_HR-scaled.jpg","contentUrl":"https:\/\/www.peterseboomkwekerij.nl\/wp-content\/uploads\/2024\/10\/Logo_Peterse_Boomkwekerij_HR-scaled.jpg","width":2560,"height":631,"caption":"Peterse Boomkwekerij"},"image":{"@id":"https:\/\/www.peterseboomkwekerij.nl\/#\/schema\/logo\/image\/"}}]}},"_links":{"self":[{"href":"https:\/\/www.peterseboomkwekerij.nl\/fr\/wp-json\/wp\/v2\/pages\/1237","targetHints":{"allow":["GET"]}}],"collection":[{"href":"https:\/\/www.peterseboomkwekerij.nl\/fr\/wp-json\/wp\/v2\/pages"}],"about":[{"href":"https:\/\/www.peterseboomkwekerij.nl\/fr\/wp-json\/wp\/v2\/types\/page"}],"author":[{"embeddable":true,"href":"https:\/\/www.peterseboomkwekerij.nl\/fr\/wp-json\/wp\/v2\/users\/1"}],"replies":[{"embeddable":true,"href":"https:\/\/www.peterseboomkwekerij.nl\/fr\/wp-json\/wp\/v2\/comments?post=1237"}],"version-history":[{"count":3,"href":"https:\/\/www.peterseboomkwekerij.nl\/fr\/wp-json\/wp\/v2\/pages\/1237\/revisions"}],"predecessor-version":[{"id":2437,"href":"https:\/\/www.peterseboomkwekerij.nl\/fr\/wp-json\/wp\/v2\/pages\/1237\/revisions\/2437"}],"wp:attachment":[{"href":"https:\/\/www.peterseboomkwekerij.nl\/fr\/wp-json\/wp\/v2\/media?parent=1237"}],"curies":[{"name":"wp","href":"https:\/\/api.w.org\/{rel}","templated":true}]}}