{"id":1198,"date":"2024-06-05T08:24:49","date_gmt":"2024-06-05T08:24:49","guid":{"rendered":"https:\/\/www.peterseboomkwekerij.nl\/exportation\/"},"modified":"2025-12-05T11:20:49","modified_gmt":"2025-12-05T11:20:49","slug":"exportation","status":"publish","type":"page","link":"https:\/\/www.peterseboomkwekerij.nl\/fr\/exportation\/","title":{"rendered":"Exportation"},"content":{"rendered":"<div class=\"wpb-content-wrapper\"><p>[vc_row content_placement=\u00a0\u00bbmiddle\u00a0\u00bb][vc_column width=\u00a0\u00bb1\/2&Prime;][vc_column_text]<\/p>\n<h3>Exportation et commerce : un r\u00e9seau mondial<\/h3>\n<p>Chez Peterse P\u00e9pini\u00e8re, nos ambitions vont au-del\u00e0 des fronti\u00e8res de notre propre p\u00e9pini\u00e8re. En plus de nos propres cultures, Peterse P\u00e9pini\u00e8re est \u00e9galement active dans le commerce d&rsquo;arbres. Cela nous permet de proposer une large gamme d&rsquo;arbres d&rsquo;alignement \u00e0 des prix comp\u00e9titifs, tant aux p\u00e9pini\u00e8res partenaires aux Pays-Bas qu&rsquo;aux p\u00e9pini\u00e8res et clients \u00e0 l&rsquo;\u00e9tranger.[\/vc_column_text][\/vc_column][vc_column width=\u00a0\u00bb1\/2&Prime;][vc_single_image image=\u00a0\u00bb2248&Prime; img_size=\u00a0\u00bbmedium\u00a0\u00bb alignment=\u00a0\u00bbcenter\u00a0\u00bb style=\u00a0\u00bbvc_box_rounded\u00a0\u00bb css=\u00a0\u00bb.vc_custom_1728906850224{margin-right: 0px !important;margin-left: 0px !important;background-position: center !important;background-repeat: no-repeat !important;background-size: cover !important;}\u00a0\u00bb][\/vc_column][\/vc_row][vc_row][vc_column][vc_empty_space][\/vc_column][\/vc_row][vc_row content_placement=\u00a0\u00bbmiddle\u00a0\u00bb][vc_column width=\u00a0\u00bb1\/2&Prime;][vc_single_image image=\u00a0\u00bb1210&Prime; img_size=\u00a0\u00bblarge\u00a0\u00bb alignment=\u00a0\u00bbcenter\u00a0\u00bb style=\u00a0\u00bbvc_box_rounded\u00a0\u00bb css=\u00a0\u00bb.vc_custom_1728906292415{margin-right: 0px !important;margin-left: 0px !important;background-position: center !important;background-repeat: no-repeat !important;background-size: cover !important;}\u00a0\u00bb][\/vc_column][vc_column width=\u00a0\u00bb1\/2&Prime;][vc_column_text]Notre longue exp\u00e9rience et notre vaste r\u00e9seau nous permettent de fournir des arbres de la plus haute qualit\u00e9 dans le monde entier. Nous nous effor\u00e7ons de r\u00e9pondre aux exigences sp\u00e9cifiques et aux souhaits de nos clients, qu&rsquo;il s&rsquo;agisse de petites commandes ou de grands volumes. De nombreux clients viennent chercher leur commande eux-m\u00eames, mais sur demande, nous livrons dans toute l&rsquo;Europe.[\/vc_column_text]<div class='wpb_content_element' align=''><a class='button button--primary'  href='\/fr\/contact'>Contactez-nous<\/a><\/div>[\/vc_column][\/vc_row][vc_row][vc_column][vc_empty_space][\/vc_column][\/vc_row][vc_row][vc_column]<div class='lightbox vso_photo_gallery style_4'><div class='row'><div class='col-sm-12 col-md-3 low left'><a class='photo-link' href='https:\/\/www.peterseboomkwekerij.nl\/wp-content\/uploads\/2025\/12\/IMG_1271-1-1024x768.jpg' data-toggle='lightbox' data-gallery='gallery'><img class='w-100' src='https:\/\/www.peterseboomkwekerij.nl\/wp-content\/uploads\/2025\/12\/IMG_1271-1-1024x768.jpg' alt=''><figcaption><div class='icon'><i class='fas fa-search-plus'><\/i><\/div><\/figcaption><\/a><\/div><div class='col-sm-12 col-md-3 low left'><a class='photo-link' href='https:\/\/www.peterseboomkwekerij.nl\/wp-content\/uploads\/2025\/12\/IMG_1274-1-768x1024.jpg' data-toggle='lightbox' data-gallery='gallery'><img class='w-100' src='https:\/\/www.peterseboomkwekerij.nl\/wp-content\/uploads\/2025\/12\/IMG_1274-1-768x1024.jpg' alt=''><figcaption><div class='icon'><i class='fas fa-search-plus'><\/i><\/div><\/figcaption><\/a><\/div><div class='col-sm-12 col-md-6 high right'><a class='photo-link' href='https:\/\/www.peterseboomkwekerij.nl\/wp-content\/uploads\/2025\/12\/IMG_1280-1-1024x768.jpg' data-toggle='lightbox' data-gallery='gallery'><img class='w-100' src='https:\/\/www.peterseboomkwekerij.nl\/wp-content\/uploads\/2025\/12\/IMG_1280-1-1024x768.jpg' alt=''><figcaption><div class='icon'><i class='fas fa-search-plus'><\/i><\/div><\/figcaption><\/a><\/div><div class='col-sm-12 col-md-6 high left'><a class='photo-link' href='https:\/\/www.peterseboomkwekerij.nl\/wp-content\/uploads\/2025\/12\/IMG_1197-1-768x1024.jpg' data-toggle='lightbox' data-gallery='gallery'><img class='w-100' src='https:\/\/www.peterseboomkwekerij.nl\/wp-content\/uploads\/2025\/12\/IMG_1197-1-768x1024.jpg' alt=''><figcaption><div class='icon'><i class='fas fa-search-plus'><\/i><\/div><\/figcaption><\/a><\/div><div class='col-sm-12 col-md-3 low right'><a class='photo-link' href='https:\/\/www.peterseboomkwekerij.nl\/wp-content\/uploads\/2025\/12\/IMG_1241-1-1024x768.jpg' data-toggle='lightbox' data-gallery='gallery'><img class='w-100' src='https:\/\/www.peterseboomkwekerij.nl\/wp-content\/uploads\/2025\/12\/IMG_1241-1-1024x768.jpg' alt=''><figcaption><div class='icon'><i class='fas fa-search-plus'><\/i><\/div><\/figcaption><\/a><\/div><div class='col-sm-12 col-md-3 low right'><a class='photo-link' href='https:\/\/www.peterseboomkwekerij.nl\/wp-content\/uploads\/2025\/12\/IMG_1243-1-768x1024.jpg' data-toggle='lightbox' data-gallery='gallery'><img class='w-100' src='https:\/\/www.peterseboomkwekerij.nl\/wp-content\/uploads\/2025\/12\/IMG_1243-1-768x1024.jpg' alt=''><figcaption><div class='icon'><i class='fas fa-search-plus'><\/i><\/div><\/figcaption><\/a><\/div><div class='col-sm-12 col-md-3 low left'><a class='photo-link' href='https:\/\/www.peterseboomkwekerij.nl\/wp-content\/uploads\/2025\/12\/IMG_1245-1-1024x768.jpg' data-toggle='lightbox' data-gallery='gallery'><img class='w-100' src='https:\/\/www.peterseboomkwekerij.nl\/wp-content\/uploads\/2025\/12\/IMG_1245-1-1024x768.jpg' alt=''><figcaption><div class='icon'><i class='fas fa-search-plus'><\/i><\/div><\/figcaption><\/a><\/div><div class='col-sm-12 col-md-3 low left'><a class='photo-link' href='https:\/\/www.peterseboomkwekerij.nl\/wp-content\/uploads\/2025\/12\/IMG_1246-1-1024x768.jpg' data-toggle='lightbox' data-gallery='gallery'><img class='w-100' src='https:\/\/www.peterseboomkwekerij.nl\/wp-content\/uploads\/2025\/12\/IMG_1246-1-1024x768.jpg' alt=''><figcaption><div class='icon'><i class='fas fa-search-plus'><\/i><\/div><\/figcaption><\/a><\/div><div class='col-sm-12 col-md-6 high right'><a class='photo-link' href='https:\/\/www.peterseboomkwekerij.nl\/wp-content\/uploads\/2025\/12\/IMG_1247-1-1024x768.jpg' data-toggle='lightbox' data-gallery='gallery'><img class='w-100' src='https:\/\/www.peterseboomkwekerij.nl\/wp-content\/uploads\/2025\/12\/IMG_1247-1-1024x768.jpg' alt=''><figcaption><div class='icon'><i class='fas fa-search-plus'><\/i><\/div><\/figcaption><\/a><\/div><div class='col-sm-12 col-md-6 high left'><a class='photo-link' href='https:\/\/www.peterseboomkwekerij.nl\/wp-content\/uploads\/2025\/12\/IMG_1267-1-1024x768.jpg' data-toggle='lightbox' data-gallery='gallery'><img class='w-100' src='https:\/\/www.peterseboomkwekerij.nl\/wp-content\/uploads\/2025\/12\/IMG_1267-1-1024x768.jpg' alt=''><figcaption><div class='icon'><i class='fas fa-search-plus'><\/i><\/div><\/figcaption><\/a><\/div><div class='col-sm-12 col-md-3 low right'><a class='photo-link' href='https:\/\/www.peterseboomkwekerij.nl\/wp-content\/uploads\/2025\/12\/IMG_1268-1-1024x768.jpg' data-toggle='lightbox' data-gallery='gallery'><img class='w-100' src='https:\/\/www.peterseboomkwekerij.nl\/wp-content\/uploads\/2025\/12\/IMG_1268-1-1024x768.jpg' alt=''><figcaption><div class='icon'><i class='fas fa-search-plus'><\/i><\/div><\/figcaption><\/a><\/div><div class='col-sm-12 col-md-3 low right'><a class='photo-link' href='https:\/\/www.peterseboomkwekerij.nl\/wp-content\/uploads\/2025\/12\/IMG_1269-1-1024x768.jpg' data-toggle='lightbox' data-gallery='gallery'><img class='w-100' src='https:\/\/www.peterseboomkwekerij.nl\/wp-content\/uploads\/2025\/12\/IMG_1269-1-1024x768.jpg' alt=''><figcaption><div class='icon'><i class='fas fa-search-plus'><\/i><\/div><\/figcaption><\/a><\/div><div class='col-sm-12 col-md-3 low left'><a class='photo-link' href='https:\/\/www.peterseboomkwekerij.nl\/wp-content\/uploads\/2025\/07\/IMG_0193-1024x768.jpg' data-toggle='lightbox' data-gallery='gallery'><img class='w-100' src='https:\/\/www.peterseboomkwekerij.nl\/wp-content\/uploads\/2025\/07\/IMG_0193-1024x768.jpg' alt=''><figcaption><div class='icon'><i class='fas fa-search-plus'><\/i><\/div><\/figcaption><\/a><\/div><div class='col-sm-12 col-md-3 low left'><a class='photo-link' href='https:\/\/www.peterseboomkwekerij.nl\/wp-content\/uploads\/2025\/07\/IMG_0292-1024x768.jpg' data-toggle='lightbox' data-gallery='gallery'><img class='w-100' src='https:\/\/www.peterseboomkwekerij.nl\/wp-content\/uploads\/2025\/07\/IMG_0292-1024x768.jpg' alt=''><figcaption><div class='icon'><i class='fas fa-search-plus'><\/i><\/div><\/figcaption><\/a><\/div><div class='col-sm-12 col-md-6 high right'><a class='photo-link' href='https:\/\/www.peterseboomkwekerij.nl\/wp-content\/uploads\/2025\/07\/IMG_0291-1024x768.jpg' data-toggle='lightbox' data-gallery='gallery'><img class='w-100' src='https:\/\/www.peterseboomkwekerij.nl\/wp-content\/uploads\/2025\/07\/IMG_0291-1024x768.jpg' alt=''><figcaption><div class='icon'><i class='fas fa-search-plus'><\/i><\/div><\/figcaption><\/a><\/div><\/div><\/div><script src='https:\/\/cdn.jsdelivr.net\/npm\/bs5-lightbox@1.8.3\/dist\/index.bundle.min.js'><\/script>[\/vc_column][\/vc_row]<\/p>\n<\/div>","protected":false},"excerpt":{"rendered":"<p>[vc_row content_placement=\u00a0\u00bbmiddle\u00a0\u00bb][vc_column width=\u00a0\u00bb1\/2&Prime;][vc_column_text] Exportation et commerce : un r\u00e9seau mondial Chez Peterse P\u00e9pini\u00e8re, nos ambitions vont au-del\u00e0 des fronti\u00e8res de notre propre p\u00e9pini\u00e8re. En plus de nos propres cultures, Peterse P\u00e9pini\u00e8re est \u00e9galement active dans le commerce d&rsquo;arbres. Cela nous permet de proposer une large gamme d&rsquo;arbres d&rsquo;alignement \u00e0 des prix comp\u00e9titifs, tant aux p\u00e9pini\u00e8res [&hellip;]<\/p>\n","protected":false},"author":1,"featured_media":0,"parent":0,"menu_order":0,"comment_status":"closed","ping_status":"closed","template":"","meta":{"_acf_changed":false,"footnotes":""},"class_list":["post-1198","page","type-page","status-publish","hentry"],"acf":[],"yoast_head":"<!-- This site is optimized with the Yoast SEO plugin v27.4 - https:\/\/yoast.com\/product\/yoast-seo-wordpress\/ -->\n<title>Exportation | Peterse Boomkwekerij<\/title>\n<meta name=\"robots\" content=\"index, follow, max-snippet:-1, max-image-preview:large, max-video-preview:-1\" \/>\n<link rel=\"canonical\" href=\"https:\/\/www.peterseboomkwekerij.nl\/fr\/exportation\/\" \/>\n<meta property=\"og:locale\" content=\"fr_FR\" \/>\n<meta property=\"og:type\" content=\"article\" \/>\n<meta property=\"og:title\" content=\"Exportation | Peterse Boomkwekerij\" \/>\n<meta property=\"og:description\" content=\"[vc_row content_placement=\u00a0\u00bbmiddle\u00a0\u00bb][vc_column width=\u00a0\u00bb1\/2&Prime;][vc_column_text] Exportation et commerce : un r\u00e9seau mondial Chez Peterse P\u00e9pini\u00e8re, nos ambitions vont au-del\u00e0 des fronti\u00e8res de notre propre p\u00e9pini\u00e8re. En plus de nos propres cultures, Peterse P\u00e9pini\u00e8re est \u00e9galement active dans le commerce d&rsquo;arbres. Cela nous permet de proposer une large gamme d&rsquo;arbres d&rsquo;alignement \u00e0 des prix comp\u00e9titifs, tant aux p\u00e9pini\u00e8res [&hellip;]\" \/>\n<meta property=\"og:url\" content=\"https:\/\/www.peterseboomkwekerij.nl\/fr\/exportation\/\" \/>\n<meta property=\"og:site_name\" content=\"Peterse Boomkwekerij\" \/>\n<meta property=\"article:modified_time\" content=\"2025-12-05T11:20:49+00:00\" \/>\n<meta property=\"og:image\" content=\"https:\/\/www.peterseboomkwekerij.nl\/wp-content\/uploads\/2024\/10\/Logo_Peterse_Boomkwekerij_HR-scaled.jpg\" \/>\n\t<meta property=\"og:image:width\" content=\"2560\" \/>\n\t<meta property=\"og:image:height\" content=\"631\" \/>\n\t<meta property=\"og:image:type\" content=\"image\/jpeg\" \/>\n<meta name=\"twitter:card\" content=\"summary_large_image\" \/>\n<meta name=\"twitter:label1\" content=\"Dur\u00e9e de lecture estim\u00e9e\" \/>\n\t<meta name=\"twitter:data1\" content=\"2 minutes\" \/>\n<script type=\"application\/ld+json\" class=\"yoast-schema-graph\">{\"@context\":\"https:\\\/\\\/schema.org\",\"@graph\":[{\"@type\":\"WebPage\",\"@id\":\"https:\\\/\\\/www.peterseboomkwekerij.nl\\\/fr\\\/exportation\\\/\",\"url\":\"https:\\\/\\\/www.peterseboomkwekerij.nl\\\/fr\\\/exportation\\\/\",\"name\":\"Exportation | Peterse Boomkwekerij\",\"isPartOf\":{\"@id\":\"https:\\\/\\\/www.peterseboomkwekerij.nl\\\/#website\"},\"datePublished\":\"2024-06-05T08:24:49+00:00\",\"dateModified\":\"2025-12-05T11:20:49+00:00\",\"breadcrumb\":{\"@id\":\"https:\\\/\\\/www.peterseboomkwekerij.nl\\\/fr\\\/exportation\\\/#breadcrumb\"},\"inLanguage\":\"fr-FR\",\"potentialAction\":[{\"@type\":\"ReadAction\",\"target\":[\"https:\\\/\\\/www.peterseboomkwekerij.nl\\\/fr\\\/exportation\\\/\"]}]},{\"@type\":\"BreadcrumbList\",\"@id\":\"https:\\\/\\\/www.peterseboomkwekerij.nl\\\/fr\\\/exportation\\\/#breadcrumb\",\"itemListElement\":[{\"@type\":\"ListItem\",\"position\":1,\"name\":\"Home\",\"item\":\"https:\\\/\\\/www.peterseboomkwekerij.nl\\\/fr\\\/\"},{\"@type\":\"ListItem\",\"position\":2,\"name\":\"Exportation\"}]},{\"@type\":\"WebSite\",\"@id\":\"https:\\\/\\\/www.peterseboomkwekerij.nl\\\/#website\",\"url\":\"https:\\\/\\\/www.peterseboomkwekerij.nl\\\/\",\"name\":\"Peterse Boomkwekerij\",\"description\":\"Peterse Boomkwekerij\",\"publisher\":{\"@id\":\"https:\\\/\\\/www.peterseboomkwekerij.nl\\\/#organization\"},\"potentialAction\":[{\"@type\":\"SearchAction\",\"target\":{\"@type\":\"EntryPoint\",\"urlTemplate\":\"https:\\\/\\\/www.peterseboomkwekerij.nl\\\/?s={search_term_string}\"},\"query-input\":{\"@type\":\"PropertyValueSpecification\",\"valueRequired\":true,\"valueName\":\"search_term_string\"}}],\"inLanguage\":\"fr-FR\"},{\"@type\":\"Organization\",\"@id\":\"https:\\\/\\\/www.peterseboomkwekerij.nl\\\/#organization\",\"name\":\"Peterse Boomkwekerij\",\"url\":\"https:\\\/\\\/www.peterseboomkwekerij.nl\\\/\",\"logo\":{\"@type\":\"ImageObject\",\"inLanguage\":\"fr-FR\",\"@id\":\"https:\\\/\\\/www.peterseboomkwekerij.nl\\\/#\\\/schema\\\/logo\\\/image\\\/\",\"url\":\"https:\\\/\\\/www.peterseboomkwekerij.nl\\\/wp-content\\\/uploads\\\/2024\\\/10\\\/Logo_Peterse_Boomkwekerij_HR-scaled.jpg\",\"contentUrl\":\"https:\\\/\\\/www.peterseboomkwekerij.nl\\\/wp-content\\\/uploads\\\/2024\\\/10\\\/Logo_Peterse_Boomkwekerij_HR-scaled.jpg\",\"width\":2560,\"height\":631,\"caption\":\"Peterse Boomkwekerij\"},\"image\":{\"@id\":\"https:\\\/\\\/www.peterseboomkwekerij.nl\\\/#\\\/schema\\\/logo\\\/image\\\/\"}}]}<\/script>\n<!-- \/ Yoast SEO plugin. -->","yoast_head_json":{"title":"Exportation | Peterse Boomkwekerij","robots":{"index":"index","follow":"follow","max-snippet":"max-snippet:-1","max-image-preview":"max-image-preview:large","max-video-preview":"max-video-preview:-1"},"canonical":"https:\/\/www.peterseboomkwekerij.nl\/fr\/exportation\/","og_locale":"fr_FR","og_type":"article","og_title":"Exportation | Peterse Boomkwekerij","og_description":"[vc_row content_placement=\u00a0\u00bbmiddle\u00a0\u00bb][vc_column width=\u00a0\u00bb1\/2&Prime;][vc_column_text] Exportation et commerce : un r\u00e9seau mondial Chez Peterse P\u00e9pini\u00e8re, nos ambitions vont au-del\u00e0 des fronti\u00e8res de notre propre p\u00e9pini\u00e8re. En plus de nos propres cultures, Peterse P\u00e9pini\u00e8re est \u00e9galement active dans le commerce d&rsquo;arbres. Cela nous permet de proposer une large gamme d&rsquo;arbres d&rsquo;alignement \u00e0 des prix comp\u00e9titifs, tant aux p\u00e9pini\u00e8res [&hellip;]","og_url":"https:\/\/www.peterseboomkwekerij.nl\/fr\/exportation\/","og_site_name":"Peterse Boomkwekerij","article_modified_time":"2025-12-05T11:20:49+00:00","og_image":[{"width":2560,"height":631,"url":"https:\/\/www.peterseboomkwekerij.nl\/wp-content\/uploads\/2024\/10\/Logo_Peterse_Boomkwekerij_HR-scaled.jpg","type":"image\/jpeg"}],"twitter_card":"summary_large_image","twitter_misc":{"Dur\u00e9e de lecture estim\u00e9e":"2 minutes"},"schema":{"@context":"https:\/\/schema.org","@graph":[{"@type":"WebPage","@id":"https:\/\/www.peterseboomkwekerij.nl\/fr\/exportation\/","url":"https:\/\/www.peterseboomkwekerij.nl\/fr\/exportation\/","name":"Exportation | Peterse Boomkwekerij","isPartOf":{"@id":"https:\/\/www.peterseboomkwekerij.nl\/#website"},"datePublished":"2024-06-05T08:24:49+00:00","dateModified":"2025-12-05T11:20:49+00:00","breadcrumb":{"@id":"https:\/\/www.peterseboomkwekerij.nl\/fr\/exportation\/#breadcrumb"},"inLanguage":"fr-FR","potentialAction":[{"@type":"ReadAction","target":["https:\/\/www.peterseboomkwekerij.nl\/fr\/exportation\/"]}]},{"@type":"BreadcrumbList","@id":"https:\/\/www.peterseboomkwekerij.nl\/fr\/exportation\/#breadcrumb","itemListElement":[{"@type":"ListItem","position":1,"name":"Home","item":"https:\/\/www.peterseboomkwekerij.nl\/fr\/"},{"@type":"ListItem","position":2,"name":"Exportation"}]},{"@type":"WebSite","@id":"https:\/\/www.peterseboomkwekerij.nl\/#website","url":"https:\/\/www.peterseboomkwekerij.nl\/","name":"Peterse Boomkwekerij","description":"Peterse Boomkwekerij","publisher":{"@id":"https:\/\/www.peterseboomkwekerij.nl\/#organization"},"potentialAction":[{"@type":"SearchAction","target":{"@type":"EntryPoint","urlTemplate":"https:\/\/www.peterseboomkwekerij.nl\/?s={search_term_string}"},"query-input":{"@type":"PropertyValueSpecification","valueRequired":true,"valueName":"search_term_string"}}],"inLanguage":"fr-FR"},{"@type":"Organization","@id":"https:\/\/www.peterseboomkwekerij.nl\/#organization","name":"Peterse Boomkwekerij","url":"https:\/\/www.peterseboomkwekerij.nl\/","logo":{"@type":"ImageObject","inLanguage":"fr-FR","@id":"https:\/\/www.peterseboomkwekerij.nl\/#\/schema\/logo\/image\/","url":"https:\/\/www.peterseboomkwekerij.nl\/wp-content\/uploads\/2024\/10\/Logo_Peterse_Boomkwekerij_HR-scaled.jpg","contentUrl":"https:\/\/www.peterseboomkwekerij.nl\/wp-content\/uploads\/2024\/10\/Logo_Peterse_Boomkwekerij_HR-scaled.jpg","width":2560,"height":631,"caption":"Peterse Boomkwekerij"},"image":{"@id":"https:\/\/www.peterseboomkwekerij.nl\/#\/schema\/logo\/image\/"}}]}},"_links":{"self":[{"href":"https:\/\/www.peterseboomkwekerij.nl\/fr\/wp-json\/wp\/v2\/pages\/1198","targetHints":{"allow":["GET"]}}],"collection":[{"href":"https:\/\/www.peterseboomkwekerij.nl\/fr\/wp-json\/wp\/v2\/pages"}],"about":[{"href":"https:\/\/www.peterseboomkwekerij.nl\/fr\/wp-json\/wp\/v2\/types\/page"}],"author":[{"embeddable":true,"href":"https:\/\/www.peterseboomkwekerij.nl\/fr\/wp-json\/wp\/v2\/users\/1"}],"replies":[{"embeddable":true,"href":"https:\/\/www.peterseboomkwekerij.nl\/fr\/wp-json\/wp\/v2\/comments?post=1198"}],"version-history":[{"count":8,"href":"https:\/\/www.peterseboomkwekerij.nl\/fr\/wp-json\/wp\/v2\/pages\/1198\/revisions"}],"predecessor-version":[{"id":3775,"href":"https:\/\/www.peterseboomkwekerij.nl\/fr\/wp-json\/wp\/v2\/pages\/1198\/revisions\/3775"}],"wp:attachment":[{"href":"https:\/\/www.peterseboomkwekerij.nl\/fr\/wp-json\/wp\/v2\/media?parent=1198"}],"curies":[{"name":"wp","href":"https:\/\/api.w.org\/{rel}","templated":true}]}}