{"id":1195,"date":"2024-06-05T08:24:44","date_gmt":"2024-06-05T08:24:44","guid":{"rendered":"https:\/\/www.peterseboomkwekerij.nl\/propre-pepiniere\/"},"modified":"2025-12-05T11:15:39","modified_gmt":"2025-12-05T11:15:39","slug":"propre-pepiniere","status":"publish","type":"page","link":"https:\/\/www.peterseboomkwekerij.nl\/fr\/propre-pepiniere\/","title":{"rendered":"Propre P\u00e9pini\u00e8re"},"content":{"rendered":"<div class=\"wpb-content-wrapper\"><p>[vc_row content_placement=\u00a0\u00bbmiddle\u00a0\u00bb][vc_column width=\u00a0\u00bb1\/2&Prime;][vc_column_text]<\/p>\n<h3>P\u00e9pini\u00e8re propre<\/h3>\n<p>Chez P\u00e9pini\u00e8re Peterse, vous achetez directement \u00e0 la source. Une grande partie de notre stock provient de notre propre p\u00e9pini\u00e8re, situ\u00e9e \u00e0 Kesteren et dans les environs. Le sol argileux de la r\u00e9gion de Betuwe est id\u00e9al pour la culture d&rsquo;arbres d&rsquo;alignement, garantissant la plus haute qualit\u00e9. Gr\u00e2ce \u00e0 notre longue exp\u00e9rience, les arbres sont soigneusement cultiv\u00e9s, de la plantation \u00e0 une circonf\u00e9rence de 40-45 cm.[\/vc_column_text][\/vc_column][vc_column width=\u00a0\u00bb1\/2&Prime;][vc_single_image image=\u00a0\u00bb2179&Prime; img_size=\u00a0\u00bblarge\u00a0\u00bb alignment=\u00a0\u00bbcenter\u00a0\u00bb style=\u00a0\u00bbvc_box_rounded\u00a0\u00bb css=\u00a0\u00bb.vc_custom_1728285755322{margin-right: 0px !important;margin-left: 0px !important;background-position: center !important;background-repeat: no-repeat !important;background-size: cover !important;}\u00a0\u00bb][\/vc_column][\/vc_row][vc_row][vc_column][vc_empty_space][\/vc_column][\/vc_row][vc_row content_placement=\u00a0\u00bbmiddle\u00a0\u00bb][vc_column width=\u00a0\u00bb1\/2&Prime;][vc_single_image image=\u00a0\u00bb1717&Prime; img_size=\u00a0\u00bblarge\u00a0\u00bb alignment=\u00a0\u00bbcenter\u00a0\u00bb style=\u00a0\u00bbvc_box_rounded\u00a0\u00bb css=\u00a0\u00bb.vc_custom_1728285779703{margin-right: 0px !important;margin-left: 0px !important;background-position: center !important;background-repeat: no-repeat !important;background-size: cover !important;}\u00a0\u00bb][\/vc_column][vc_column width=\u00a0\u00bb1\/2&Prime;][vc_column_text]En plus de cultiver des arbres en pleine terre, nous cultivons \u00e9galement en conteneurs. Cela nous permet de r\u00e9pondre aux besoins sp\u00e9cifiques de diff\u00e9rentes esp\u00e8ces d&rsquo;arbres tout au long de l&rsquo;ann\u00e9e, cr\u00e9ant ainsi des conditions de croissance optimales. Notre entreprise est situ\u00e9e au c\u0153ur du secteur de la p\u00e9pini\u00e8re n\u00e9erlandaise, o\u00f9 le savoir-faire est transmis de p\u00e8re en fils depuis des g\u00e9n\u00e9rations.[\/vc_column_text][\/vc_column][\/vc_row][vc_row][vc_column][vc_empty_space][\/vc_column][\/vc_row][vc_row content_placement=\u00a0\u00bbmiddle\u00a0\u00bb][vc_column width=\u00a0\u00bb1\/2&Prime;][vc_column_text]Si vous souhaitez voir notre p\u00e9pini\u00e8re de vos propres yeux, vous \u00eates le bienvenu. Nous vous invitons volontiers sur notre site \u00e0 Kesteren. En plus de notre propre p\u00e9pini\u00e8re, nous travaillons en \u00e9troite collaboration avec des coll\u00e8gues de la r\u00e9gion, ce qui rend notre gamme tr\u00e8s large et vari\u00e9e.<\/p>\n<p>Contactez-nous ou demandez un devis directement. Nous garantissons la plus haute qualit\u00e9 de nos produits.[\/vc_column_text]<div class='wpb_content_element' align=''><a class='button button--primary'  href='\/fr\/contact'>Contactez-nous<\/a><\/div>[\/vc_column][vc_column width=\u00a0\u00bb1\/2&Prime;][vc_single_image image=\u00a0\u00bb1857&Prime; img_size=\u00a0\u00bblarge\u00a0\u00bb alignment=\u00a0\u00bbcenter\u00a0\u00bb style=\u00a0\u00bbvc_box_rounded\u00a0\u00bb css=\u00a0\u00bb.vc_custom_1728906925112{margin-right: 0px !important;margin-left: 0px !important;background-position: center !important;background-repeat: no-repeat !important;background-size: cover !important;}\u00a0\u00bb][\/vc_column][\/vc_row][vc_row][vc_column]<div class='lightbox vso_photo_gallery style_4'><div class='row'><div class='col-sm-12 col-md-3 low left'><a class='photo-link' href='https:\/\/www.peterseboomkwekerij.nl\/wp-content\/uploads\/2025\/12\/IMG_0969-1-768x1024.jpg' data-toggle='lightbox' data-gallery='gallery'><img class='w-100' src='https:\/\/www.peterseboomkwekerij.nl\/wp-content\/uploads\/2025\/12\/IMG_0969-1-768x1024.jpg' alt=''><figcaption><div class='icon'><i class='fas fa-search-plus'><\/i><\/div><\/figcaption><\/a><\/div><div class='col-sm-12 col-md-3 low left'><a class='photo-link' href='https:\/\/www.peterseboomkwekerij.nl\/wp-content\/uploads\/2025\/12\/IMG_1098-1-768x1024.jpg' data-toggle='lightbox' data-gallery='gallery'><img class='w-100' src='https:\/\/www.peterseboomkwekerij.nl\/wp-content\/uploads\/2025\/12\/IMG_1098-1-768x1024.jpg' alt=''><figcaption><div class='icon'><i class='fas fa-search-plus'><\/i><\/div><\/figcaption><\/a><\/div><div class='col-sm-12 col-md-6 high right'><a class='photo-link' href='https:\/\/www.peterseboomkwekerij.nl\/wp-content\/uploads\/2025\/12\/IMG_1100-1-768x1024.jpg' data-toggle='lightbox' data-gallery='gallery'><img class='w-100' src='https:\/\/www.peterseboomkwekerij.nl\/wp-content\/uploads\/2025\/12\/IMG_1100-1-768x1024.jpg' alt=''><figcaption><div class='icon'><i class='fas fa-search-plus'><\/i><\/div><\/figcaption><\/a><\/div><div class='col-sm-12 col-md-6 high left'><a class='photo-link' href='https:\/\/www.peterseboomkwekerij.nl\/wp-content\/uploads\/2025\/12\/IMG_1101-1-768x1024.jpg' data-toggle='lightbox' data-gallery='gallery'><img class='w-100' src='https:\/\/www.peterseboomkwekerij.nl\/wp-content\/uploads\/2025\/12\/IMG_1101-1-768x1024.jpg' alt=''><figcaption><div class='icon'><i class='fas fa-search-plus'><\/i><\/div><\/figcaption><\/a><\/div><div class='col-sm-12 col-md-3 low right'><a class='photo-link' href='https:\/\/www.peterseboomkwekerij.nl\/wp-content\/uploads\/2025\/12\/IMG_1174-1-768x1024.jpg' data-toggle='lightbox' data-gallery='gallery'><img class='w-100' src='https:\/\/www.peterseboomkwekerij.nl\/wp-content\/uploads\/2025\/12\/IMG_1174-1-768x1024.jpg' alt=''><figcaption><div class='icon'><i class='fas fa-search-plus'><\/i><\/div><\/figcaption><\/a><\/div><div class='col-sm-12 col-md-3 low right'><a class='photo-link' href='https:\/\/www.peterseboomkwekerij.nl\/wp-content\/uploads\/2025\/12\/IMG_1179-1-768x1024.jpg' data-toggle='lightbox' data-gallery='gallery'><img class='w-100' src='https:\/\/www.peterseboomkwekerij.nl\/wp-content\/uploads\/2025\/12\/IMG_1179-1-768x1024.jpg' alt=''><figcaption><div class='icon'><i class='fas fa-search-plus'><\/i><\/div><\/figcaption><\/a><\/div><div class='col-sm-12 col-md-3 low left'><a class='photo-link' href='https:\/\/www.peterseboomkwekerij.nl\/wp-content\/uploads\/2025\/12\/IMG_1180-1-768x1024.jpg' data-toggle='lightbox' data-gallery='gallery'><img class='w-100' src='https:\/\/www.peterseboomkwekerij.nl\/wp-content\/uploads\/2025\/12\/IMG_1180-1-768x1024.jpg' alt=''><figcaption><div class='icon'><i class='fas fa-search-plus'><\/i><\/div><\/figcaption><\/a><\/div><div class='col-sm-12 col-md-3 low left'><a class='photo-link' href='https:\/\/www.peterseboomkwekerij.nl\/wp-content\/uploads\/2025\/12\/IMG_1181-1-768x1024.jpg' data-toggle='lightbox' data-gallery='gallery'><img class='w-100' src='https:\/\/www.peterseboomkwekerij.nl\/wp-content\/uploads\/2025\/12\/IMG_1181-1-768x1024.jpg' alt=''><figcaption><div class='icon'><i class='fas fa-search-plus'><\/i><\/div><\/figcaption><\/a><\/div><div class='col-sm-12 col-md-6 high right'><a class='photo-link' href='https:\/\/www.peterseboomkwekerij.nl\/wp-content\/uploads\/2025\/12\/IMG_1182-1-768x1024.jpg' data-toggle='lightbox' data-gallery='gallery'><img class='w-100' src='https:\/\/www.peterseboomkwekerij.nl\/wp-content\/uploads\/2025\/12\/IMG_1182-1-768x1024.jpg' alt=''><figcaption><div class='icon'><i class='fas fa-search-plus'><\/i><\/div><\/figcaption><\/a><\/div><div class='col-sm-12 col-md-6 high left'><a class='photo-link' href='https:\/\/www.peterseboomkwekerij.nl\/wp-content\/uploads\/2025\/12\/IMG_1185-1-768x1024.jpg' data-toggle='lightbox' data-gallery='gallery'><img class='w-100' src='https:\/\/www.peterseboomkwekerij.nl\/wp-content\/uploads\/2025\/12\/IMG_1185-1-768x1024.jpg' alt=''><figcaption><div class='icon'><i class='fas fa-search-plus'><\/i><\/div><\/figcaption><\/a><\/div><div class='col-sm-12 col-md-3 low right'><a class='photo-link' href='https:\/\/www.peterseboomkwekerij.nl\/wp-content\/uploads\/2025\/12\/IMG_1186-1-768x1024.jpg' data-toggle='lightbox' data-gallery='gallery'><img class='w-100' src='https:\/\/www.peterseboomkwekerij.nl\/wp-content\/uploads\/2025\/12\/IMG_1186-1-768x1024.jpg' alt=''><figcaption><div class='icon'><i class='fas fa-search-plus'><\/i><\/div><\/figcaption><\/a><\/div><div class='col-sm-12 col-md-3 low right'><a class='photo-link' href='https:\/\/www.peterseboomkwekerij.nl\/wp-content\/uploads\/2025\/12\/IMG_1187-1-768x1024.jpg' data-toggle='lightbox' data-gallery='gallery'><img class='w-100' src='https:\/\/www.peterseboomkwekerij.nl\/wp-content\/uploads\/2025\/12\/IMG_1187-1-768x1024.jpg' alt=''><figcaption><div class='icon'><i class='fas fa-search-plus'><\/i><\/div><\/figcaption><\/a><\/div><div class='col-sm-12 col-md-3 low left'><a class='photo-link' href='https:\/\/www.peterseboomkwekerij.nl\/wp-content\/uploads\/2025\/12\/IMG_1188-1-1024x768.jpg' data-toggle='lightbox' data-gallery='gallery'><img class='w-100' src='https:\/\/www.peterseboomkwekerij.nl\/wp-content\/uploads\/2025\/12\/IMG_1188-1-1024x768.jpg' alt=''><figcaption><div class='icon'><i class='fas fa-search-plus'><\/i><\/div><\/figcaption><\/a><\/div><div class='col-sm-12 col-md-3 low left'><a class='photo-link' href='https:\/\/www.peterseboomkwekerij.nl\/wp-content\/uploads\/2025\/12\/IMG_1195-1-768x1024.jpg' data-toggle='lightbox' data-gallery='gallery'><img class='w-100' src='https:\/\/www.peterseboomkwekerij.nl\/wp-content\/uploads\/2025\/12\/IMG_1195-1-768x1024.jpg' alt=''><figcaption><div class='icon'><i class='fas fa-search-plus'><\/i><\/div><\/figcaption><\/a><\/div><div class='col-sm-12 col-md-6 high right'><a class='photo-link' href='https:\/\/www.peterseboomkwekerij.nl\/wp-content\/uploads\/2025\/12\/IMG_1196-1-768x1024.jpg' data-toggle='lightbox' data-gallery='gallery'><img class='w-100' src='https:\/\/www.peterseboomkwekerij.nl\/wp-content\/uploads\/2025\/12\/IMG_1196-1-768x1024.jpg' alt=''><figcaption><div class='icon'><i class='fas fa-search-plus'><\/i><\/div><\/figcaption><\/a><\/div><div class='col-sm-12 col-md-6 high left'><a class='photo-link' href='https:\/\/www.peterseboomkwekerij.nl\/wp-content\/uploads\/2025\/12\/IMG_0506-1-1024x768.jpg' data-toggle='lightbox' data-gallery='gallery'><img class='w-100' src='https:\/\/www.peterseboomkwekerij.nl\/wp-content\/uploads\/2025\/12\/IMG_0506-1-1024x768.jpg' alt=''><figcaption><div class='icon'><i class='fas fa-search-plus'><\/i><\/div><\/figcaption><\/a><\/div><div class='col-sm-12 col-md-3 low right'><a class='photo-link' href='https:\/\/www.peterseboomkwekerij.nl\/wp-content\/uploads\/2025\/12\/IMG_0512-1-768x1024.jpg' data-toggle='lightbox' data-gallery='gallery'><img class='w-100' src='https:\/\/www.peterseboomkwekerij.nl\/wp-content\/uploads\/2025\/12\/IMG_0512-1-768x1024.jpg' alt=''><figcaption><div class='icon'><i class='fas fa-search-plus'><\/i><\/div><\/figcaption><\/a><\/div><div class='col-sm-12 col-md-3 low right'><a class='photo-link' href='https:\/\/www.peterseboomkwekerij.nl\/wp-content\/uploads\/2025\/12\/IMG_0701-1-1024x768.jpg' data-toggle='lightbox' data-gallery='gallery'><img class='w-100' src='https:\/\/www.peterseboomkwekerij.nl\/wp-content\/uploads\/2025\/12\/IMG_0701-1-1024x768.jpg' alt=''><figcaption><div class='icon'><i class='fas fa-search-plus'><\/i><\/div><\/figcaption><\/a><\/div><div class='col-sm-12 col-md-3 low left'><a class='photo-link' href='https:\/\/www.peterseboomkwekerij.nl\/wp-content\/uploads\/2025\/12\/IMG_0732-1-768x1024.jpg' data-toggle='lightbox' data-gallery='gallery'><img class='w-100' src='https:\/\/www.peterseboomkwekerij.nl\/wp-content\/uploads\/2025\/12\/IMG_0732-1-768x1024.jpg' alt=''><figcaption><div class='icon'><i class='fas fa-search-plus'><\/i><\/div><\/figcaption><\/a><\/div><div class='col-sm-12 col-md-3 low left'><a class='photo-link' href='https:\/\/www.peterseboomkwekerij.nl\/wp-content\/uploads\/2025\/12\/IMG_0769-1-768x1024.jpg' data-toggle='lightbox' data-gallery='gallery'><img class='w-100' src='https:\/\/www.peterseboomkwekerij.nl\/wp-content\/uploads\/2025\/12\/IMG_0769-1-768x1024.jpg' alt=''><figcaption><div class='icon'><i class='fas fa-search-plus'><\/i><\/div><\/figcaption><\/a><\/div><div class='col-sm-12 col-md-6 high right'><a class='photo-link' href='https:\/\/www.peterseboomkwekerij.nl\/wp-content\/uploads\/2025\/12\/IMG_0791-1-1024x768.jpg' data-toggle='lightbox' data-gallery='gallery'><img class='w-100' src='https:\/\/www.peterseboomkwekerij.nl\/wp-content\/uploads\/2025\/12\/IMG_0791-1-1024x768.jpg' alt=''><figcaption><div class='icon'><i class='fas fa-search-plus'><\/i><\/div><\/figcaption><\/a><\/div><div class='col-sm-12 col-md-6 high left'><a class='photo-link' href='https:\/\/www.peterseboomkwekerij.nl\/wp-content\/uploads\/2025\/12\/IMG_0851-1-768x1024.jpg' data-toggle='lightbox' data-gallery='gallery'><img class='w-100' src='https:\/\/www.peterseboomkwekerij.nl\/wp-content\/uploads\/2025\/12\/IMG_0851-1-768x1024.jpg' alt=''><figcaption><div class='icon'><i class='fas fa-search-plus'><\/i><\/div><\/figcaption><\/a><\/div><div class='col-sm-12 col-md-3 low right'><a class='photo-link' href='https:\/\/www.peterseboomkwekerij.nl\/wp-content\/uploads\/2025\/12\/IMG_0938-1-768x1024.jpg' data-toggle='lightbox' data-gallery='gallery'><img class='w-100' src='https:\/\/www.peterseboomkwekerij.nl\/wp-content\/uploads\/2025\/12\/IMG_0938-1-768x1024.jpg' alt=''><figcaption><div class='icon'><i class='fas fa-search-plus'><\/i><\/div><\/figcaption><\/a><\/div><div class='col-sm-12 col-md-3 low right'><a class='photo-link' href='https:\/\/www.peterseboomkwekerij.nl\/wp-content\/uploads\/2025\/12\/IMG_0967-1-1024x768.jpg' data-toggle='lightbox' data-gallery='gallery'><img class='w-100' src='https:\/\/www.peterseboomkwekerij.nl\/wp-content\/uploads\/2025\/12\/IMG_0967-1-1024x768.jpg' alt=''><figcaption><div class='icon'><i class='fas fa-search-plus'><\/i><\/div><\/figcaption><\/a><\/div><\/div><\/div><script src='https:\/\/cdn.jsdelivr.net\/npm\/bs5-lightbox@1.8.3\/dist\/index.bundle.min.js'><\/script>[\/vc_column][\/vc_row]<\/p>\n<\/div>","protected":false},"excerpt":{"rendered":"<p>[vc_row content_placement=\u00a0\u00bbmiddle\u00a0\u00bb][vc_column width=\u00a0\u00bb1\/2&Prime;][vc_column_text] P\u00e9pini\u00e8re propre Chez P\u00e9pini\u00e8re Peterse, vous achetez directement \u00e0 la source. Une grande partie de notre stock provient de notre propre p\u00e9pini\u00e8re, situ\u00e9e \u00e0 Kesteren et dans les environs. Le sol argileux de la r\u00e9gion de Betuwe est id\u00e9al pour la culture d&rsquo;arbres d&rsquo;alignement, garantissant la plus haute qualit\u00e9. Gr\u00e2ce \u00e0 notre [&hellip;]<\/p>\n","protected":false},"author":1,"featured_media":0,"parent":0,"menu_order":0,"comment_status":"closed","ping_status":"closed","template":"","meta":{"_acf_changed":false,"footnotes":""},"class_list":["post-1195","page","type-page","status-publish","hentry"],"acf":[],"yoast_head":"<!-- This site is optimized with the Yoast SEO plugin v27.4 - https:\/\/yoast.com\/product\/yoast-seo-wordpress\/ -->\n<title>Propre P\u00e9pini\u00e8re | Peterse Boomkwekerij<\/title>\n<meta name=\"robots\" content=\"index, follow, max-snippet:-1, max-image-preview:large, max-video-preview:-1\" \/>\n<link rel=\"canonical\" href=\"https:\/\/www.peterseboomkwekerij.nl\/fr\/propre-pepiniere\/\" \/>\n<meta property=\"og:locale\" content=\"fr_FR\" \/>\n<meta property=\"og:type\" content=\"article\" \/>\n<meta property=\"og:title\" content=\"Propre P\u00e9pini\u00e8re | Peterse Boomkwekerij\" \/>\n<meta property=\"og:description\" content=\"[vc_row content_placement=\u00a0\u00bbmiddle\u00a0\u00bb][vc_column width=\u00a0\u00bb1\/2&Prime;][vc_column_text] P\u00e9pini\u00e8re propre Chez P\u00e9pini\u00e8re Peterse, vous achetez directement \u00e0 la source. Une grande partie de notre stock provient de notre propre p\u00e9pini\u00e8re, situ\u00e9e \u00e0 Kesteren et dans les environs. Le sol argileux de la r\u00e9gion de Betuwe est id\u00e9al pour la culture d&rsquo;arbres d&rsquo;alignement, garantissant la plus haute qualit\u00e9. Gr\u00e2ce \u00e0 notre [&hellip;]\" \/>\n<meta property=\"og:url\" content=\"https:\/\/www.peterseboomkwekerij.nl\/fr\/propre-pepiniere\/\" \/>\n<meta property=\"og:site_name\" content=\"Peterse Boomkwekerij\" \/>\n<meta property=\"article:modified_time\" content=\"2025-12-05T11:15:39+00:00\" \/>\n<meta property=\"og:image\" content=\"https:\/\/www.peterseboomkwekerij.nl\/wp-content\/uploads\/2024\/10\/Logo_Peterse_Boomkwekerij_HR-scaled.jpg\" \/>\n\t<meta property=\"og:image:width\" content=\"2560\" \/>\n\t<meta property=\"og:image:height\" content=\"631\" \/>\n\t<meta property=\"og:image:type\" content=\"image\/jpeg\" \/>\n<meta name=\"twitter:card\" content=\"summary_large_image\" \/>\n<meta name=\"twitter:label1\" content=\"Dur\u00e9e de lecture estim\u00e9e\" \/>\n\t<meta name=\"twitter:data1\" content=\"2 minutes\" \/>\n<script type=\"application\/ld+json\" class=\"yoast-schema-graph\">{\"@context\":\"https:\\\/\\\/schema.org\",\"@graph\":[{\"@type\":\"WebPage\",\"@id\":\"https:\\\/\\\/www.peterseboomkwekerij.nl\\\/fr\\\/propre-pepiniere\\\/\",\"url\":\"https:\\\/\\\/www.peterseboomkwekerij.nl\\\/fr\\\/propre-pepiniere\\\/\",\"name\":\"Propre P\u00e9pini\u00e8re | Peterse Boomkwekerij\",\"isPartOf\":{\"@id\":\"https:\\\/\\\/www.peterseboomkwekerij.nl\\\/#website\"},\"datePublished\":\"2024-06-05T08:24:44+00:00\",\"dateModified\":\"2025-12-05T11:15:39+00:00\",\"breadcrumb\":{\"@id\":\"https:\\\/\\\/www.peterseboomkwekerij.nl\\\/fr\\\/propre-pepiniere\\\/#breadcrumb\"},\"inLanguage\":\"fr-FR\",\"potentialAction\":[{\"@type\":\"ReadAction\",\"target\":[\"https:\\\/\\\/www.peterseboomkwekerij.nl\\\/fr\\\/propre-pepiniere\\\/\"]}]},{\"@type\":\"BreadcrumbList\",\"@id\":\"https:\\\/\\\/www.peterseboomkwekerij.nl\\\/fr\\\/propre-pepiniere\\\/#breadcrumb\",\"itemListElement\":[{\"@type\":\"ListItem\",\"position\":1,\"name\":\"Home\",\"item\":\"https:\\\/\\\/www.peterseboomkwekerij.nl\\\/fr\\\/\"},{\"@type\":\"ListItem\",\"position\":2,\"name\":\"Propre P\u00e9pini\u00e8re\"}]},{\"@type\":\"WebSite\",\"@id\":\"https:\\\/\\\/www.peterseboomkwekerij.nl\\\/#website\",\"url\":\"https:\\\/\\\/www.peterseboomkwekerij.nl\\\/\",\"name\":\"Peterse Boomkwekerij\",\"description\":\"Peterse Boomkwekerij\",\"publisher\":{\"@id\":\"https:\\\/\\\/www.peterseboomkwekerij.nl\\\/#organization\"},\"potentialAction\":[{\"@type\":\"SearchAction\",\"target\":{\"@type\":\"EntryPoint\",\"urlTemplate\":\"https:\\\/\\\/www.peterseboomkwekerij.nl\\\/?s={search_term_string}\"},\"query-input\":{\"@type\":\"PropertyValueSpecification\",\"valueRequired\":true,\"valueName\":\"search_term_string\"}}],\"inLanguage\":\"fr-FR\"},{\"@type\":\"Organization\",\"@id\":\"https:\\\/\\\/www.peterseboomkwekerij.nl\\\/#organization\",\"name\":\"Peterse Boomkwekerij\",\"url\":\"https:\\\/\\\/www.peterseboomkwekerij.nl\\\/\",\"logo\":{\"@type\":\"ImageObject\",\"inLanguage\":\"fr-FR\",\"@id\":\"https:\\\/\\\/www.peterseboomkwekerij.nl\\\/#\\\/schema\\\/logo\\\/image\\\/\",\"url\":\"https:\\\/\\\/www.peterseboomkwekerij.nl\\\/wp-content\\\/uploads\\\/2024\\\/10\\\/Logo_Peterse_Boomkwekerij_HR-scaled.jpg\",\"contentUrl\":\"https:\\\/\\\/www.peterseboomkwekerij.nl\\\/wp-content\\\/uploads\\\/2024\\\/10\\\/Logo_Peterse_Boomkwekerij_HR-scaled.jpg\",\"width\":2560,\"height\":631,\"caption\":\"Peterse Boomkwekerij\"},\"image\":{\"@id\":\"https:\\\/\\\/www.peterseboomkwekerij.nl\\\/#\\\/schema\\\/logo\\\/image\\\/\"}}]}<\/script>\n<!-- \/ Yoast SEO plugin. -->","yoast_head_json":{"title":"Propre P\u00e9pini\u00e8re | Peterse Boomkwekerij","robots":{"index":"index","follow":"follow","max-snippet":"max-snippet:-1","max-image-preview":"max-image-preview:large","max-video-preview":"max-video-preview:-1"},"canonical":"https:\/\/www.peterseboomkwekerij.nl\/fr\/propre-pepiniere\/","og_locale":"fr_FR","og_type":"article","og_title":"Propre P\u00e9pini\u00e8re | Peterse Boomkwekerij","og_description":"[vc_row content_placement=\u00a0\u00bbmiddle\u00a0\u00bb][vc_column width=\u00a0\u00bb1\/2&Prime;][vc_column_text] P\u00e9pini\u00e8re propre Chez P\u00e9pini\u00e8re Peterse, vous achetez directement \u00e0 la source. Une grande partie de notre stock provient de notre propre p\u00e9pini\u00e8re, situ\u00e9e \u00e0 Kesteren et dans les environs. Le sol argileux de la r\u00e9gion de Betuwe est id\u00e9al pour la culture d&rsquo;arbres d&rsquo;alignement, garantissant la plus haute qualit\u00e9. Gr\u00e2ce \u00e0 notre [&hellip;]","og_url":"https:\/\/www.peterseboomkwekerij.nl\/fr\/propre-pepiniere\/","og_site_name":"Peterse Boomkwekerij","article_modified_time":"2025-12-05T11:15:39+00:00","og_image":[{"width":2560,"height":631,"url":"https:\/\/www.peterseboomkwekerij.nl\/wp-content\/uploads\/2024\/10\/Logo_Peterse_Boomkwekerij_HR-scaled.jpg","type":"image\/jpeg"}],"twitter_card":"summary_large_image","twitter_misc":{"Dur\u00e9e de lecture estim\u00e9e":"2 minutes"},"schema":{"@context":"https:\/\/schema.org","@graph":[{"@type":"WebPage","@id":"https:\/\/www.peterseboomkwekerij.nl\/fr\/propre-pepiniere\/","url":"https:\/\/www.peterseboomkwekerij.nl\/fr\/propre-pepiniere\/","name":"Propre P\u00e9pini\u00e8re | Peterse Boomkwekerij","isPartOf":{"@id":"https:\/\/www.peterseboomkwekerij.nl\/#website"},"datePublished":"2024-06-05T08:24:44+00:00","dateModified":"2025-12-05T11:15:39+00:00","breadcrumb":{"@id":"https:\/\/www.peterseboomkwekerij.nl\/fr\/propre-pepiniere\/#breadcrumb"},"inLanguage":"fr-FR","potentialAction":[{"@type":"ReadAction","target":["https:\/\/www.peterseboomkwekerij.nl\/fr\/propre-pepiniere\/"]}]},{"@type":"BreadcrumbList","@id":"https:\/\/www.peterseboomkwekerij.nl\/fr\/propre-pepiniere\/#breadcrumb","itemListElement":[{"@type":"ListItem","position":1,"name":"Home","item":"https:\/\/www.peterseboomkwekerij.nl\/fr\/"},{"@type":"ListItem","position":2,"name":"Propre P\u00e9pini\u00e8re"}]},{"@type":"WebSite","@id":"https:\/\/www.peterseboomkwekerij.nl\/#website","url":"https:\/\/www.peterseboomkwekerij.nl\/","name":"Peterse Boomkwekerij","description":"Peterse Boomkwekerij","publisher":{"@id":"https:\/\/www.peterseboomkwekerij.nl\/#organization"},"potentialAction":[{"@type":"SearchAction","target":{"@type":"EntryPoint","urlTemplate":"https:\/\/www.peterseboomkwekerij.nl\/?s={search_term_string}"},"query-input":{"@type":"PropertyValueSpecification","valueRequired":true,"valueName":"search_term_string"}}],"inLanguage":"fr-FR"},{"@type":"Organization","@id":"https:\/\/www.peterseboomkwekerij.nl\/#organization","name":"Peterse Boomkwekerij","url":"https:\/\/www.peterseboomkwekerij.nl\/","logo":{"@type":"ImageObject","inLanguage":"fr-FR","@id":"https:\/\/www.peterseboomkwekerij.nl\/#\/schema\/logo\/image\/","url":"https:\/\/www.peterseboomkwekerij.nl\/wp-content\/uploads\/2024\/10\/Logo_Peterse_Boomkwekerij_HR-scaled.jpg","contentUrl":"https:\/\/www.peterseboomkwekerij.nl\/wp-content\/uploads\/2024\/10\/Logo_Peterse_Boomkwekerij_HR-scaled.jpg","width":2560,"height":631,"caption":"Peterse Boomkwekerij"},"image":{"@id":"https:\/\/www.peterseboomkwekerij.nl\/#\/schema\/logo\/image\/"}}]}},"_links":{"self":[{"href":"https:\/\/www.peterseboomkwekerij.nl\/fr\/wp-json\/wp\/v2\/pages\/1195","targetHints":{"allow":["GET"]}}],"collection":[{"href":"https:\/\/www.peterseboomkwekerij.nl\/fr\/wp-json\/wp\/v2\/pages"}],"about":[{"href":"https:\/\/www.peterseboomkwekerij.nl\/fr\/wp-json\/wp\/v2\/types\/page"}],"author":[{"embeddable":true,"href":"https:\/\/www.peterseboomkwekerij.nl\/fr\/wp-json\/wp\/v2\/users\/1"}],"replies":[{"embeddable":true,"href":"https:\/\/www.peterseboomkwekerij.nl\/fr\/wp-json\/wp\/v2\/comments?post=1195"}],"version-history":[{"count":9,"href":"https:\/\/www.peterseboomkwekerij.nl\/fr\/wp-json\/wp\/v2\/pages\/1195\/revisions"}],"predecessor-version":[{"id":3677,"href":"https:\/\/www.peterseboomkwekerij.nl\/fr\/wp-json\/wp\/v2\/pages\/1195\/revisions\/3677"}],"wp:attachment":[{"href":"https:\/\/www.peterseboomkwekerij.nl\/fr\/wp-json\/wp\/v2\/media?parent=1195"}],"curies":[{"name":"wp","href":"https:\/\/api.w.org\/{rel}","templated":true}]}}