{"id":1192,"date":"2022-03-17T14:15:43","date_gmt":"2022-03-17T14:15:43","guid":{"rendered":"https:\/\/www.peterseboomkwekerij.nl\/disclaimer\/"},"modified":"2024-10-15T08:51:43","modified_gmt":"2024-10-15T08:51:43","slug":"disclaimer","status":"publish","type":"page","link":"https:\/\/www.peterseboomkwekerij.nl\/fr\/disclaimer\/","title":{"rendered":"Disclaimer"},"content":{"rendered":"<div class=\"wpb-content-wrapper\"><p>[vc_row content_placement=\u00a0\u00bbmiddle\u00a0\u00bb][vc_column][vc_column_text]<strong>Clause de non-responsabilit\u00e9 Peterse Boomkwekerij<\/strong><br \/>\nSur cette page, vous trouverez la clause de non-responsabilit\u00e9 de Peterse Boomkwekerij telle que mise \u00e0 disposition par Peterse Boomkwekerij. Dans cette clause, nous indiquons sous quelles conditions nous vous offrons les informations sur notre site web.<\/p>\n<p><strong>Propri\u00e9t\u00e9 intellectuelle<\/strong><br \/>\nL&rsquo;utilisation des informations sur ce site est gratuite tant que vous ne copiez pas, ne diffusez pas ou n&rsquo;utilisez pas ces informations de quelque mani\u00e8re que ce soit ou ne les abusez pas. Vous ne pouvez r\u00e9utiliser les informations sur ce site que conform\u00e9ment aux dispositions de la loi imp\u00e9rative. Sans autorisation \u00e9crite expresse de Peterse Boomkwekerij, il n&rsquo;est pas permis de r\u00e9utiliser le texte, les photos ou tout autre mat\u00e9riel sur ce site. La propri\u00e9t\u00e9 intellectuelle appartient \u00e0 Peterse Boomkwekerij.<\/p>\n<p><strong>Aucune garantie d&rsquo;exactitude<\/strong><br \/>\nLe cas \u00e9ch\u00e9ant: Pour les prix indiqu\u00e9s sur notre site web, nous nous effor\u00e7ons de fournir une repr\u00e9sentation aussi fid\u00e8le que possible de la r\u00e9alit\u00e9 et des prix pr\u00e9vus. Les erreurs qui se produisent et qui sont reconnaissables comme des erreurs de programmation ou de typographie ne constituent jamais un motif pour revendiquer ou supposer un contrat ou un accord avec Peterse Boomkwekerij. Peterse Boomkwekerij s&rsquo;efforce de maintenir son site aussi \u00e0 jour que possible. Malgr\u00e9 ces efforts, si les informations ou le contenu de ce site sont incomplets ou incorrects, nous ne pouvons pas en accepter la responsabilit\u00e9. Les informations et\/ou produits sur ce site sont propos\u00e9s sans aucune forme de garantie ni revendication d&rsquo;exactitude. Nous nous r\u00e9servons le droit de modifier, supprimer ou republier ces mat\u00e9riaux sans pr\u00e9avis. Peterse Boomkwekerij d\u00e9cline toute responsabilit\u00e9 quant aux informations figurant sur les sites vers lesquels nous renvoyons via des hyperliens.<\/p>\n<p><strong>Modifications<\/strong><br \/>\nSi cette clause de non-responsabilit\u00e9 change, vous trouverez la version la plus r\u00e9cente de la clause de non-responsabilit\u00e9 de Peterse Boomkwekerij sur cette page.[\/vc_column_text][\/vc_column][\/vc_row]<\/p>\n<\/div>","protected":false},"excerpt":{"rendered":"<p>[vc_row content_placement=\u00a0\u00bbmiddle\u00a0\u00bb][vc_column][vc_column_text]Clause de non-responsabilit\u00e9 Peterse Boomkwekerij Sur cette page, vous trouverez la clause de non-responsabilit\u00e9 de Peterse Boomkwekerij telle que mise \u00e0 disposition par Peterse Boomkwekerij. Dans cette clause, nous indiquons sous quelles conditions nous vous offrons les informations sur notre site web. Propri\u00e9t\u00e9 intellectuelle L&rsquo;utilisation des informations sur ce site est gratuite tant que [&hellip;]<\/p>\n","protected":false},"author":1,"featured_media":0,"parent":0,"menu_order":0,"comment_status":"closed","ping_status":"closed","template":"","meta":{"_acf_changed":false,"footnotes":""},"class_list":["post-1192","page","type-page","status-publish","hentry"],"acf":[],"yoast_head":"<!-- This site is optimized with the Yoast SEO plugin v27.4 - https:\/\/yoast.com\/product\/yoast-seo-wordpress\/ -->\n<title>Disclaimer | Peterse Boomkwekerij<\/title>\n<meta name=\"robots\" content=\"index, follow, max-snippet:-1, max-image-preview:large, max-video-preview:-1\" \/>\n<link rel=\"canonical\" href=\"https:\/\/www.peterseboomkwekerij.nl\/fr\/disclaimer\/\" \/>\n<meta property=\"og:locale\" content=\"fr_FR\" \/>\n<meta property=\"og:type\" content=\"article\" \/>\n<meta property=\"og:title\" content=\"Disclaimer | Peterse Boomkwekerij\" \/>\n<meta property=\"og:description\" content=\"[vc_row content_placement=\u00a0\u00bbmiddle\u00a0\u00bb][vc_column][vc_column_text]Clause de non-responsabilit\u00e9 Peterse Boomkwekerij Sur cette page, vous trouverez la clause de non-responsabilit\u00e9 de Peterse Boomkwekerij telle que mise \u00e0 disposition par Peterse Boomkwekerij. Dans cette clause, nous indiquons sous quelles conditions nous vous offrons les informations sur notre site web. Propri\u00e9t\u00e9 intellectuelle L&rsquo;utilisation des informations sur ce site est gratuite tant que [&hellip;]\" \/>\n<meta property=\"og:url\" content=\"https:\/\/www.peterseboomkwekerij.nl\/fr\/disclaimer\/\" \/>\n<meta property=\"og:site_name\" content=\"Peterse Boomkwekerij\" \/>\n<meta property=\"article:modified_time\" content=\"2024-10-15T08:51:43+00:00\" \/>\n<meta property=\"og:image\" content=\"https:\/\/www.peterseboomkwekerij.nl\/wp-content\/uploads\/2024\/10\/Logo_Peterse_Boomkwekerij_HR-scaled.jpg\" \/>\n\t<meta property=\"og:image:width\" content=\"2560\" \/>\n\t<meta property=\"og:image:height\" content=\"631\" \/>\n\t<meta property=\"og:image:type\" content=\"image\/jpeg\" \/>\n<meta name=\"twitter:card\" content=\"summary_large_image\" \/>\n<meta name=\"twitter:label1\" content=\"Dur\u00e9e de lecture estim\u00e9e\" \/>\n\t<meta name=\"twitter:data1\" content=\"2 minutes\" \/>\n<script type=\"application\/ld+json\" class=\"yoast-schema-graph\">{\"@context\":\"https:\\\/\\\/schema.org\",\"@graph\":[{\"@type\":\"WebPage\",\"@id\":\"https:\\\/\\\/www.peterseboomkwekerij.nl\\\/fr\\\/disclaimer\\\/\",\"url\":\"https:\\\/\\\/www.peterseboomkwekerij.nl\\\/fr\\\/disclaimer\\\/\",\"name\":\"Disclaimer | Peterse Boomkwekerij\",\"isPartOf\":{\"@id\":\"https:\\\/\\\/www.peterseboomkwekerij.nl\\\/#website\"},\"datePublished\":\"2022-03-17T14:15:43+00:00\",\"dateModified\":\"2024-10-15T08:51:43+00:00\",\"breadcrumb\":{\"@id\":\"https:\\\/\\\/www.peterseboomkwekerij.nl\\\/fr\\\/disclaimer\\\/#breadcrumb\"},\"inLanguage\":\"fr-FR\",\"potentialAction\":[{\"@type\":\"ReadAction\",\"target\":[\"https:\\\/\\\/www.peterseboomkwekerij.nl\\\/fr\\\/disclaimer\\\/\"]}]},{\"@type\":\"BreadcrumbList\",\"@id\":\"https:\\\/\\\/www.peterseboomkwekerij.nl\\\/fr\\\/disclaimer\\\/#breadcrumb\",\"itemListElement\":[{\"@type\":\"ListItem\",\"position\":1,\"name\":\"Home\",\"item\":\"https:\\\/\\\/www.peterseboomkwekerij.nl\\\/fr\\\/\"},{\"@type\":\"ListItem\",\"position\":2,\"name\":\"Disclaimer\"}]},{\"@type\":\"WebSite\",\"@id\":\"https:\\\/\\\/www.peterseboomkwekerij.nl\\\/#website\",\"url\":\"https:\\\/\\\/www.peterseboomkwekerij.nl\\\/\",\"name\":\"Peterse Boomkwekerij\",\"description\":\"Peterse Boomkwekerij\",\"publisher\":{\"@id\":\"https:\\\/\\\/www.peterseboomkwekerij.nl\\\/#organization\"},\"potentialAction\":[{\"@type\":\"SearchAction\",\"target\":{\"@type\":\"EntryPoint\",\"urlTemplate\":\"https:\\\/\\\/www.peterseboomkwekerij.nl\\\/?s={search_term_string}\"},\"query-input\":{\"@type\":\"PropertyValueSpecification\",\"valueRequired\":true,\"valueName\":\"search_term_string\"}}],\"inLanguage\":\"fr-FR\"},{\"@type\":\"Organization\",\"@id\":\"https:\\\/\\\/www.peterseboomkwekerij.nl\\\/#organization\",\"name\":\"Peterse Boomkwekerij\",\"url\":\"https:\\\/\\\/www.peterseboomkwekerij.nl\\\/\",\"logo\":{\"@type\":\"ImageObject\",\"inLanguage\":\"fr-FR\",\"@id\":\"https:\\\/\\\/www.peterseboomkwekerij.nl\\\/#\\\/schema\\\/logo\\\/image\\\/\",\"url\":\"https:\\\/\\\/www.peterseboomkwekerij.nl\\\/wp-content\\\/uploads\\\/2024\\\/10\\\/Logo_Peterse_Boomkwekerij_HR-scaled.jpg\",\"contentUrl\":\"https:\\\/\\\/www.peterseboomkwekerij.nl\\\/wp-content\\\/uploads\\\/2024\\\/10\\\/Logo_Peterse_Boomkwekerij_HR-scaled.jpg\",\"width\":2560,\"height\":631,\"caption\":\"Peterse Boomkwekerij\"},\"image\":{\"@id\":\"https:\\\/\\\/www.peterseboomkwekerij.nl\\\/#\\\/schema\\\/logo\\\/image\\\/\"}}]}<\/script>\n<!-- \/ Yoast SEO plugin. -->","yoast_head_json":{"title":"Disclaimer | Peterse Boomkwekerij","robots":{"index":"index","follow":"follow","max-snippet":"max-snippet:-1","max-image-preview":"max-image-preview:large","max-video-preview":"max-video-preview:-1"},"canonical":"https:\/\/www.peterseboomkwekerij.nl\/fr\/disclaimer\/","og_locale":"fr_FR","og_type":"article","og_title":"Disclaimer | Peterse Boomkwekerij","og_description":"[vc_row content_placement=\u00a0\u00bbmiddle\u00a0\u00bb][vc_column][vc_column_text]Clause de non-responsabilit\u00e9 Peterse Boomkwekerij Sur cette page, vous trouverez la clause de non-responsabilit\u00e9 de Peterse Boomkwekerij telle que mise \u00e0 disposition par Peterse Boomkwekerij. Dans cette clause, nous indiquons sous quelles conditions nous vous offrons les informations sur notre site web. Propri\u00e9t\u00e9 intellectuelle L&rsquo;utilisation des informations sur ce site est gratuite tant que [&hellip;]","og_url":"https:\/\/www.peterseboomkwekerij.nl\/fr\/disclaimer\/","og_site_name":"Peterse Boomkwekerij","article_modified_time":"2024-10-15T08:51:43+00:00","og_image":[{"width":2560,"height":631,"url":"https:\/\/www.peterseboomkwekerij.nl\/wp-content\/uploads\/2024\/10\/Logo_Peterse_Boomkwekerij_HR-scaled.jpg","type":"image\/jpeg"}],"twitter_card":"summary_large_image","twitter_misc":{"Dur\u00e9e de lecture estim\u00e9e":"2 minutes"},"schema":{"@context":"https:\/\/schema.org","@graph":[{"@type":"WebPage","@id":"https:\/\/www.peterseboomkwekerij.nl\/fr\/disclaimer\/","url":"https:\/\/www.peterseboomkwekerij.nl\/fr\/disclaimer\/","name":"Disclaimer | Peterse Boomkwekerij","isPartOf":{"@id":"https:\/\/www.peterseboomkwekerij.nl\/#website"},"datePublished":"2022-03-17T14:15:43+00:00","dateModified":"2024-10-15T08:51:43+00:00","breadcrumb":{"@id":"https:\/\/www.peterseboomkwekerij.nl\/fr\/disclaimer\/#breadcrumb"},"inLanguage":"fr-FR","potentialAction":[{"@type":"ReadAction","target":["https:\/\/www.peterseboomkwekerij.nl\/fr\/disclaimer\/"]}]},{"@type":"BreadcrumbList","@id":"https:\/\/www.peterseboomkwekerij.nl\/fr\/disclaimer\/#breadcrumb","itemListElement":[{"@type":"ListItem","position":1,"name":"Home","item":"https:\/\/www.peterseboomkwekerij.nl\/fr\/"},{"@type":"ListItem","position":2,"name":"Disclaimer"}]},{"@type":"WebSite","@id":"https:\/\/www.peterseboomkwekerij.nl\/#website","url":"https:\/\/www.peterseboomkwekerij.nl\/","name":"Peterse Boomkwekerij","description":"Peterse Boomkwekerij","publisher":{"@id":"https:\/\/www.peterseboomkwekerij.nl\/#organization"},"potentialAction":[{"@type":"SearchAction","target":{"@type":"EntryPoint","urlTemplate":"https:\/\/www.peterseboomkwekerij.nl\/?s={search_term_string}"},"query-input":{"@type":"PropertyValueSpecification","valueRequired":true,"valueName":"search_term_string"}}],"inLanguage":"fr-FR"},{"@type":"Organization","@id":"https:\/\/www.peterseboomkwekerij.nl\/#organization","name":"Peterse Boomkwekerij","url":"https:\/\/www.peterseboomkwekerij.nl\/","logo":{"@type":"ImageObject","inLanguage":"fr-FR","@id":"https:\/\/www.peterseboomkwekerij.nl\/#\/schema\/logo\/image\/","url":"https:\/\/www.peterseboomkwekerij.nl\/wp-content\/uploads\/2024\/10\/Logo_Peterse_Boomkwekerij_HR-scaled.jpg","contentUrl":"https:\/\/www.peterseboomkwekerij.nl\/wp-content\/uploads\/2024\/10\/Logo_Peterse_Boomkwekerij_HR-scaled.jpg","width":2560,"height":631,"caption":"Peterse Boomkwekerij"},"image":{"@id":"https:\/\/www.peterseboomkwekerij.nl\/#\/schema\/logo\/image\/"}}]}},"_links":{"self":[{"href":"https:\/\/www.peterseboomkwekerij.nl\/fr\/wp-json\/wp\/v2\/pages\/1192","targetHints":{"allow":["GET"]}}],"collection":[{"href":"https:\/\/www.peterseboomkwekerij.nl\/fr\/wp-json\/wp\/v2\/pages"}],"about":[{"href":"https:\/\/www.peterseboomkwekerij.nl\/fr\/wp-json\/wp\/v2\/types\/page"}],"author":[{"embeddable":true,"href":"https:\/\/www.peterseboomkwekerij.nl\/fr\/wp-json\/wp\/v2\/users\/1"}],"replies":[{"embeddable":true,"href":"https:\/\/www.peterseboomkwekerij.nl\/fr\/wp-json\/wp\/v2\/comments?post=1192"}],"version-history":[{"count":3,"href":"https:\/\/www.peterseboomkwekerij.nl\/fr\/wp-json\/wp\/v2\/pages\/1192\/revisions"}],"predecessor-version":[{"id":2423,"href":"https:\/\/www.peterseboomkwekerij.nl\/fr\/wp-json\/wp\/v2\/pages\/1192\/revisions\/2423"}],"wp:attachment":[{"href":"https:\/\/www.peterseboomkwekerij.nl\/fr\/wp-json\/wp\/v2\/media?parent=1192"}],"curies":[{"name":"wp","href":"https:\/\/api.w.org\/{rel}","templated":true}]}}