{"id":956,"date":"2024-06-05T08:24:49","date_gmt":"2024-06-05T08:24:49","guid":{"rendered":"https:\/\/www.peterseboomkwekerij.nl\/export\/"},"modified":"2025-12-05T11:21:03","modified_gmt":"2025-12-05T11:21:03","slug":"export","status":"publish","type":"page","link":"https:\/\/www.peterseboomkwekerij.nl\/de\/export\/","title":{"rendered":"Export"},"content":{"rendered":"<div class=\"wpb-content-wrapper\"><p>[vc_row content_placement=&#8220;middle&#8220;][vc_column width=&#8220;1\/2&#8243;][vc_column_text]<\/p>\n<h3>Export und handel: ein weltweites netzwerk<\/h3>\n<p>Bei Peterse Baumschule reichen unsere Ambitionen \u00fcber die Grenzen unserer eigenen Baumschule hinaus. Neben dem eigenen Anbau ist Peterse Baumschule auch im Baumhandel aktiv. Dies erm\u00f6glicht es uns, ein breites Sortiment an Alleeb\u00e4umen zu wettbewerbsf\u00e4higen Preisen sowohl an andere Baumschulen in den Niederlanden als auch an Baumschulen und Abnehmer im Ausland anzubieten.[\/vc_column_text][\/vc_column][vc_column width=&#8220;1\/2&#8243;][vc_single_image image=&#8220;2249&#8243; img_size=&#8220;medium&#8220; alignment=&#8220;center&#8220; style=&#8220;vc_box_rounded&#8220; css=&#8220;.vc_custom_1728906850224{margin-right: 0px !important;margin-left: 0px !important;background-position: center !important;background-repeat: no-repeat !important;background-size: cover !important;}&#8220;][\/vc_column][\/vc_row][vc_row][vc_column][vc_empty_space][\/vc_column][\/vc_row][vc_row content_placement=&#8220;middle&#8220;][vc_column width=&#8220;1\/2&#8243;][vc_single_image image=&#8220;792&#8243; img_size=&#8220;large&#8220; alignment=&#8220;center&#8220; style=&#8220;vc_box_rounded&#8220; css=&#8220;.vc_custom_1728906292415{margin-right: 0px !important;margin-left: 0px !important;background-position: center !important;background-repeat: no-repeat !important;background-size: cover !important;}&#8220;][\/vc_column][vc_column width=&#8220;1\/2&#8243;][vc_column_text]Unsere jahrelange Erfahrung und unser umfangreiches Netzwerk stellen sicher, dass wir B\u00e4ume von h\u00f6chster Qualit\u00e4t weltweit liefern k\u00f6nnen. Wir bem\u00fchen uns, die spezifischen Anforderungen und W\u00fcnsche unserer Kunden zu erf\u00fcllen, unabh\u00e4ngig davon, ob es sich um kleine Mengen oder gro\u00dfe Bestellungen handelt. Viele unserer Kunden holen ihre Bestellungen ab, aber auf Wunsch liefern wir auch in ganz Europa.[\/vc_column_text]<div class='wpb_content_element' align=''><a class='button button--primary'  href='\/de\/kontakt\/'>Kontaktieren Sie uns<\/a><\/div>[\/vc_column][\/vc_row][vc_row][vc_column][vc_empty_space][\/vc_column][\/vc_row][vc_row][vc_column]<div class='lightbox vso_photo_gallery style_4'><div class='row'><div class='col-sm-12 col-md-3 low left'><a class='photo-link' href='https:\/\/www.peterseboomkwekerij.nl\/wp-content\/uploads\/2025\/12\/IMG_1271-1-1024x768.jpg' data-toggle='lightbox' data-gallery='gallery'><img class='w-100' src='https:\/\/www.peterseboomkwekerij.nl\/wp-content\/uploads\/2025\/12\/IMG_1271-1-1024x768.jpg' alt=''><figcaption><div class='icon'><i class='fas fa-search-plus'><\/i><\/div><\/figcaption><\/a><\/div><div class='col-sm-12 col-md-3 low left'><a class='photo-link' href='https:\/\/www.peterseboomkwekerij.nl\/wp-content\/uploads\/2025\/12\/IMG_1274-1-768x1024.jpg' data-toggle='lightbox' data-gallery='gallery'><img class='w-100' src='https:\/\/www.peterseboomkwekerij.nl\/wp-content\/uploads\/2025\/12\/IMG_1274-1-768x1024.jpg' alt=''><figcaption><div class='icon'><i class='fas fa-search-plus'><\/i><\/div><\/figcaption><\/a><\/div><div class='col-sm-12 col-md-6 high right'><a class='photo-link' href='https:\/\/www.peterseboomkwekerij.nl\/wp-content\/uploads\/2025\/12\/IMG_1280-1-1024x768.jpg' data-toggle='lightbox' data-gallery='gallery'><img class='w-100' src='https:\/\/www.peterseboomkwekerij.nl\/wp-content\/uploads\/2025\/12\/IMG_1280-1-1024x768.jpg' alt=''><figcaption><div class='icon'><i class='fas fa-search-plus'><\/i><\/div><\/figcaption><\/a><\/div><div class='col-sm-12 col-md-6 high left'><a class='photo-link' href='https:\/\/www.peterseboomkwekerij.nl\/wp-content\/uploads\/2025\/12\/IMG_1197-1-768x1024.jpg' data-toggle='lightbox' data-gallery='gallery'><img class='w-100' src='https:\/\/www.peterseboomkwekerij.nl\/wp-content\/uploads\/2025\/12\/IMG_1197-1-768x1024.jpg' alt=''><figcaption><div class='icon'><i class='fas fa-search-plus'><\/i><\/div><\/figcaption><\/a><\/div><div class='col-sm-12 col-md-3 low right'><a class='photo-link' href='https:\/\/www.peterseboomkwekerij.nl\/wp-content\/uploads\/2025\/12\/IMG_1241-1-1024x768.jpg' data-toggle='lightbox' data-gallery='gallery'><img class='w-100' src='https:\/\/www.peterseboomkwekerij.nl\/wp-content\/uploads\/2025\/12\/IMG_1241-1-1024x768.jpg' alt=''><figcaption><div class='icon'><i class='fas fa-search-plus'><\/i><\/div><\/figcaption><\/a><\/div><div class='col-sm-12 col-md-3 low right'><a class='photo-link' href='https:\/\/www.peterseboomkwekerij.nl\/wp-content\/uploads\/2025\/12\/IMG_1243-1-768x1024.jpg' data-toggle='lightbox' data-gallery='gallery'><img class='w-100' src='https:\/\/www.peterseboomkwekerij.nl\/wp-content\/uploads\/2025\/12\/IMG_1243-1-768x1024.jpg' alt=''><figcaption><div class='icon'><i class='fas fa-search-plus'><\/i><\/div><\/figcaption><\/a><\/div><div class='col-sm-12 col-md-3 low left'><a class='photo-link' href='https:\/\/www.peterseboomkwekerij.nl\/wp-content\/uploads\/2025\/12\/IMG_1245-1-1024x768.jpg' data-toggle='lightbox' data-gallery='gallery'><img class='w-100' src='https:\/\/www.peterseboomkwekerij.nl\/wp-content\/uploads\/2025\/12\/IMG_1245-1-1024x768.jpg' alt=''><figcaption><div class='icon'><i class='fas fa-search-plus'><\/i><\/div><\/figcaption><\/a><\/div><div class='col-sm-12 col-md-3 low left'><a class='photo-link' href='https:\/\/www.peterseboomkwekerij.nl\/wp-content\/uploads\/2025\/12\/IMG_1246-1-1024x768.jpg' data-toggle='lightbox' data-gallery='gallery'><img class='w-100' src='https:\/\/www.peterseboomkwekerij.nl\/wp-content\/uploads\/2025\/12\/IMG_1246-1-1024x768.jpg' alt=''><figcaption><div class='icon'><i class='fas fa-search-plus'><\/i><\/div><\/figcaption><\/a><\/div><div class='col-sm-12 col-md-6 high right'><a class='photo-link' href='https:\/\/www.peterseboomkwekerij.nl\/wp-content\/uploads\/2025\/12\/IMG_1247-1-1024x768.jpg' data-toggle='lightbox' data-gallery='gallery'><img class='w-100' src='https:\/\/www.peterseboomkwekerij.nl\/wp-content\/uploads\/2025\/12\/IMG_1247-1-1024x768.jpg' alt=''><figcaption><div class='icon'><i class='fas fa-search-plus'><\/i><\/div><\/figcaption><\/a><\/div><div class='col-sm-12 col-md-6 high left'><a class='photo-link' href='https:\/\/www.peterseboomkwekerij.nl\/wp-content\/uploads\/2025\/12\/IMG_1267-1-1024x768.jpg' data-toggle='lightbox' data-gallery='gallery'><img class='w-100' src='https:\/\/www.peterseboomkwekerij.nl\/wp-content\/uploads\/2025\/12\/IMG_1267-1-1024x768.jpg' alt=''><figcaption><div class='icon'><i class='fas fa-search-plus'><\/i><\/div><\/figcaption><\/a><\/div><div class='col-sm-12 col-md-3 low right'><a class='photo-link' href='https:\/\/www.peterseboomkwekerij.nl\/wp-content\/uploads\/2025\/12\/IMG_1268-1-1024x768.jpg' data-toggle='lightbox' data-gallery='gallery'><img class='w-100' src='https:\/\/www.peterseboomkwekerij.nl\/wp-content\/uploads\/2025\/12\/IMG_1268-1-1024x768.jpg' alt=''><figcaption><div class='icon'><i class='fas fa-search-plus'><\/i><\/div><\/figcaption><\/a><\/div><div class='col-sm-12 col-md-3 low right'><a class='photo-link' href='https:\/\/www.peterseboomkwekerij.nl\/wp-content\/uploads\/2025\/12\/IMG_1269-1-1024x768.jpg' data-toggle='lightbox' data-gallery='gallery'><img class='w-100' src='https:\/\/www.peterseboomkwekerij.nl\/wp-content\/uploads\/2025\/12\/IMG_1269-1-1024x768.jpg' alt=''><figcaption><div class='icon'><i class='fas fa-search-plus'><\/i><\/div><\/figcaption><\/a><\/div><div class='col-sm-12 col-md-3 low left'><a class='photo-link' href='https:\/\/www.peterseboomkwekerij.nl\/wp-content\/uploads\/2025\/07\/IMG_0193-1024x768.jpg' data-toggle='lightbox' data-gallery='gallery'><img class='w-100' src='https:\/\/www.peterseboomkwekerij.nl\/wp-content\/uploads\/2025\/07\/IMG_0193-1024x768.jpg' alt=''><figcaption><div class='icon'><i class='fas fa-search-plus'><\/i><\/div><\/figcaption><\/a><\/div><div class='col-sm-12 col-md-3 low left'><a class='photo-link' href='https:\/\/www.peterseboomkwekerij.nl\/wp-content\/uploads\/2025\/07\/IMG_0292-1024x768.jpg' data-toggle='lightbox' data-gallery='gallery'><img class='w-100' src='https:\/\/www.peterseboomkwekerij.nl\/wp-content\/uploads\/2025\/07\/IMG_0292-1024x768.jpg' alt=''><figcaption><div class='icon'><i class='fas fa-search-plus'><\/i><\/div><\/figcaption><\/a><\/div><div class='col-sm-12 col-md-6 high right'><a class='photo-link' href='https:\/\/www.peterseboomkwekerij.nl\/wp-content\/uploads\/2025\/07\/IMG_0291-1024x768.jpg' data-toggle='lightbox' data-gallery='gallery'><img class='w-100' src='https:\/\/www.peterseboomkwekerij.nl\/wp-content\/uploads\/2025\/07\/IMG_0291-1024x768.jpg' alt=''><figcaption><div class='icon'><i class='fas fa-search-plus'><\/i><\/div><\/figcaption><\/a><\/div><\/div><\/div><script src='https:\/\/cdn.jsdelivr.net\/npm\/bs5-lightbox@1.8.3\/dist\/index.bundle.min.js'><\/script>[\/vc_column][\/vc_row]<\/p>\n<\/div>","protected":false},"excerpt":{"rendered":"<p>[vc_row content_placement=&#8220;middle&#8220;][vc_column width=&#8220;1\/2&#8243;][vc_column_text] Export und handel: ein weltweites netzwerk Bei Peterse Baumschule reichen unsere Ambitionen \u00fcber die Grenzen unserer eigenen Baumschule hinaus. Neben dem eigenen Anbau ist Peterse Baumschule auch im Baumhandel aktiv. Dies erm\u00f6glicht es uns, ein breites Sortiment an Alleeb\u00e4umen zu wettbewerbsf\u00e4higen Preisen sowohl an andere Baumschulen in den Niederlanden als auch an [&hellip;]<\/p>\n","protected":false},"author":1,"featured_media":0,"parent":0,"menu_order":0,"comment_status":"closed","ping_status":"closed","template":"","meta":{"_acf_changed":false,"footnotes":""},"class_list":["post-956","page","type-page","status-publish","hentry"],"acf":[],"yoast_head":"<!-- This site is optimized with the Yoast SEO plugin v27.4 - https:\/\/yoast.com\/product\/yoast-seo-wordpress\/ -->\n<title>Export | Peterse Boomkwekerij<\/title>\n<meta name=\"robots\" content=\"index, follow, max-snippet:-1, max-image-preview:large, max-video-preview:-1\" \/>\n<link rel=\"canonical\" href=\"https:\/\/www.peterseboomkwekerij.nl\/de\/export\/\" \/>\n<meta property=\"og:locale\" content=\"de_DE\" \/>\n<meta property=\"og:type\" content=\"article\" \/>\n<meta property=\"og:title\" content=\"Export | Peterse Boomkwekerij\" \/>\n<meta property=\"og:description\" content=\"[vc_row content_placement=&#8220;middle&#8220;][vc_column width=&#8220;1\/2&#8243;][vc_column_text] Export und handel: ein weltweites netzwerk Bei Peterse Baumschule reichen unsere Ambitionen \u00fcber die Grenzen unserer eigenen Baumschule hinaus. Neben dem eigenen Anbau ist Peterse Baumschule auch im Baumhandel aktiv. Dies erm\u00f6glicht es uns, ein breites Sortiment an Alleeb\u00e4umen zu wettbewerbsf\u00e4higen Preisen sowohl an andere Baumschulen in den Niederlanden als auch an [&hellip;]\" \/>\n<meta property=\"og:url\" content=\"https:\/\/www.peterseboomkwekerij.nl\/de\/export\/\" \/>\n<meta property=\"og:site_name\" content=\"Peterse Boomkwekerij\" \/>\n<meta property=\"article:modified_time\" content=\"2025-12-05T11:21:03+00:00\" \/>\n<meta property=\"og:image\" content=\"https:\/\/www.peterseboomkwekerij.nl\/wp-content\/uploads\/2024\/10\/Logo_Peterse_Boomkwekerij_HR-scaled.jpg\" \/>\n\t<meta property=\"og:image:width\" content=\"2560\" \/>\n\t<meta property=\"og:image:height\" content=\"631\" \/>\n\t<meta property=\"og:image:type\" content=\"image\/jpeg\" \/>\n<meta name=\"twitter:card\" content=\"summary_large_image\" \/>\n<meta name=\"twitter:label1\" content=\"Gesch\u00e4tzte Lesezeit\" \/>\n\t<meta name=\"twitter:data1\" content=\"2\u00a0Minuten\" \/>\n<script type=\"application\/ld+json\" class=\"yoast-schema-graph\">{\"@context\":\"https:\\\/\\\/schema.org\",\"@graph\":[{\"@type\":\"WebPage\",\"@id\":\"https:\\\/\\\/www.peterseboomkwekerij.nl\\\/de\\\/export\\\/\",\"url\":\"https:\\\/\\\/www.peterseboomkwekerij.nl\\\/de\\\/export\\\/\",\"name\":\"Export | Peterse Boomkwekerij\",\"isPartOf\":{\"@id\":\"https:\\\/\\\/www.peterseboomkwekerij.nl\\\/#website\"},\"datePublished\":\"2024-06-05T08:24:49+00:00\",\"dateModified\":\"2025-12-05T11:21:03+00:00\",\"breadcrumb\":{\"@id\":\"https:\\\/\\\/www.peterseboomkwekerij.nl\\\/de\\\/export\\\/#breadcrumb\"},\"inLanguage\":\"de\",\"potentialAction\":[{\"@type\":\"ReadAction\",\"target\":[\"https:\\\/\\\/www.peterseboomkwekerij.nl\\\/de\\\/export\\\/\"]}]},{\"@type\":\"BreadcrumbList\",\"@id\":\"https:\\\/\\\/www.peterseboomkwekerij.nl\\\/de\\\/export\\\/#breadcrumb\",\"itemListElement\":[{\"@type\":\"ListItem\",\"position\":1,\"name\":\"Home\",\"item\":\"https:\\\/\\\/www.peterseboomkwekerij.nl\\\/de\\\/\"},{\"@type\":\"ListItem\",\"position\":2,\"name\":\"Export\"}]},{\"@type\":\"WebSite\",\"@id\":\"https:\\\/\\\/www.peterseboomkwekerij.nl\\\/#website\",\"url\":\"https:\\\/\\\/www.peterseboomkwekerij.nl\\\/\",\"name\":\"Peterse Boomkwekerij\",\"description\":\"Peterse Boomkwekerij\",\"publisher\":{\"@id\":\"https:\\\/\\\/www.peterseboomkwekerij.nl\\\/#organization\"},\"potentialAction\":[{\"@type\":\"SearchAction\",\"target\":{\"@type\":\"EntryPoint\",\"urlTemplate\":\"https:\\\/\\\/www.peterseboomkwekerij.nl\\\/?s={search_term_string}\"},\"query-input\":{\"@type\":\"PropertyValueSpecification\",\"valueRequired\":true,\"valueName\":\"search_term_string\"}}],\"inLanguage\":\"de\"},{\"@type\":\"Organization\",\"@id\":\"https:\\\/\\\/www.peterseboomkwekerij.nl\\\/#organization\",\"name\":\"Peterse Boomkwekerij\",\"url\":\"https:\\\/\\\/www.peterseboomkwekerij.nl\\\/\",\"logo\":{\"@type\":\"ImageObject\",\"inLanguage\":\"de\",\"@id\":\"https:\\\/\\\/www.peterseboomkwekerij.nl\\\/#\\\/schema\\\/logo\\\/image\\\/\",\"url\":\"https:\\\/\\\/www.peterseboomkwekerij.nl\\\/wp-content\\\/uploads\\\/2024\\\/10\\\/Logo_Peterse_Boomkwekerij_HR-scaled.jpg\",\"contentUrl\":\"https:\\\/\\\/www.peterseboomkwekerij.nl\\\/wp-content\\\/uploads\\\/2024\\\/10\\\/Logo_Peterse_Boomkwekerij_HR-scaled.jpg\",\"width\":2560,\"height\":631,\"caption\":\"Peterse Boomkwekerij\"},\"image\":{\"@id\":\"https:\\\/\\\/www.peterseboomkwekerij.nl\\\/#\\\/schema\\\/logo\\\/image\\\/\"}}]}<\/script>\n<!-- \/ Yoast SEO plugin. -->","yoast_head_json":{"title":"Export | Peterse Boomkwekerij","robots":{"index":"index","follow":"follow","max-snippet":"max-snippet:-1","max-image-preview":"max-image-preview:large","max-video-preview":"max-video-preview:-1"},"canonical":"https:\/\/www.peterseboomkwekerij.nl\/de\/export\/","og_locale":"de_DE","og_type":"article","og_title":"Export | Peterse Boomkwekerij","og_description":"[vc_row content_placement=&#8220;middle&#8220;][vc_column width=&#8220;1\/2&#8243;][vc_column_text] Export und handel: ein weltweites netzwerk Bei Peterse Baumschule reichen unsere Ambitionen \u00fcber die Grenzen unserer eigenen Baumschule hinaus. Neben dem eigenen Anbau ist Peterse Baumschule auch im Baumhandel aktiv. Dies erm\u00f6glicht es uns, ein breites Sortiment an Alleeb\u00e4umen zu wettbewerbsf\u00e4higen Preisen sowohl an andere Baumschulen in den Niederlanden als auch an [&hellip;]","og_url":"https:\/\/www.peterseboomkwekerij.nl\/de\/export\/","og_site_name":"Peterse Boomkwekerij","article_modified_time":"2025-12-05T11:21:03+00:00","og_image":[{"width":2560,"height":631,"url":"https:\/\/www.peterseboomkwekerij.nl\/wp-content\/uploads\/2024\/10\/Logo_Peterse_Boomkwekerij_HR-scaled.jpg","type":"image\/jpeg"}],"twitter_card":"summary_large_image","twitter_misc":{"Gesch\u00e4tzte Lesezeit":"2\u00a0Minuten"},"schema":{"@context":"https:\/\/schema.org","@graph":[{"@type":"WebPage","@id":"https:\/\/www.peterseboomkwekerij.nl\/de\/export\/","url":"https:\/\/www.peterseboomkwekerij.nl\/de\/export\/","name":"Export | Peterse Boomkwekerij","isPartOf":{"@id":"https:\/\/www.peterseboomkwekerij.nl\/#website"},"datePublished":"2024-06-05T08:24:49+00:00","dateModified":"2025-12-05T11:21:03+00:00","breadcrumb":{"@id":"https:\/\/www.peterseboomkwekerij.nl\/de\/export\/#breadcrumb"},"inLanguage":"de","potentialAction":[{"@type":"ReadAction","target":["https:\/\/www.peterseboomkwekerij.nl\/de\/export\/"]}]},{"@type":"BreadcrumbList","@id":"https:\/\/www.peterseboomkwekerij.nl\/de\/export\/#breadcrumb","itemListElement":[{"@type":"ListItem","position":1,"name":"Home","item":"https:\/\/www.peterseboomkwekerij.nl\/de\/"},{"@type":"ListItem","position":2,"name":"Export"}]},{"@type":"WebSite","@id":"https:\/\/www.peterseboomkwekerij.nl\/#website","url":"https:\/\/www.peterseboomkwekerij.nl\/","name":"Peterse Boomkwekerij","description":"Peterse Boomkwekerij","publisher":{"@id":"https:\/\/www.peterseboomkwekerij.nl\/#organization"},"potentialAction":[{"@type":"SearchAction","target":{"@type":"EntryPoint","urlTemplate":"https:\/\/www.peterseboomkwekerij.nl\/?s={search_term_string}"},"query-input":{"@type":"PropertyValueSpecification","valueRequired":true,"valueName":"search_term_string"}}],"inLanguage":"de"},{"@type":"Organization","@id":"https:\/\/www.peterseboomkwekerij.nl\/#organization","name":"Peterse Boomkwekerij","url":"https:\/\/www.peterseboomkwekerij.nl\/","logo":{"@type":"ImageObject","inLanguage":"de","@id":"https:\/\/www.peterseboomkwekerij.nl\/#\/schema\/logo\/image\/","url":"https:\/\/www.peterseboomkwekerij.nl\/wp-content\/uploads\/2024\/10\/Logo_Peterse_Boomkwekerij_HR-scaled.jpg","contentUrl":"https:\/\/www.peterseboomkwekerij.nl\/wp-content\/uploads\/2024\/10\/Logo_Peterse_Boomkwekerij_HR-scaled.jpg","width":2560,"height":631,"caption":"Peterse Boomkwekerij"},"image":{"@id":"https:\/\/www.peterseboomkwekerij.nl\/#\/schema\/logo\/image\/"}}]}},"_links":{"self":[{"href":"https:\/\/www.peterseboomkwekerij.nl\/de\/wp-json\/wp\/v2\/pages\/956","targetHints":{"allow":["GET"]}}],"collection":[{"href":"https:\/\/www.peterseboomkwekerij.nl\/de\/wp-json\/wp\/v2\/pages"}],"about":[{"href":"https:\/\/www.peterseboomkwekerij.nl\/de\/wp-json\/wp\/v2\/types\/page"}],"author":[{"embeddable":true,"href":"https:\/\/www.peterseboomkwekerij.nl\/de\/wp-json\/wp\/v2\/users\/1"}],"replies":[{"embeddable":true,"href":"https:\/\/www.peterseboomkwekerij.nl\/de\/wp-json\/wp\/v2\/comments?post=956"}],"version-history":[{"count":10,"href":"https:\/\/www.peterseboomkwekerij.nl\/de\/wp-json\/wp\/v2\/pages\/956\/revisions"}],"predecessor-version":[{"id":3777,"href":"https:\/\/www.peterseboomkwekerij.nl\/de\/wp-json\/wp\/v2\/pages\/956\/revisions\/3777"}],"wp:attachment":[{"href":"https:\/\/www.peterseboomkwekerij.nl\/de\/wp-json\/wp\/v2\/media?parent=956"}],"curies":[{"name":"wp","href":"https:\/\/api.w.org\/{rel}","templated":true}]}}