{"id":933,"date":"2024-06-05T08:24:44","date_gmt":"2024-06-05T08:24:44","guid":{"rendered":"https:\/\/www.peterseboomkwekerij.nl\/eigene-baumschule\/"},"modified":"2025-12-05T11:16:00","modified_gmt":"2025-12-05T11:16:00","slug":"eigene-gaertnerei","status":"publish","type":"page","link":"https:\/\/www.peterseboomkwekerij.nl\/de\/eigene-gaertnerei\/","title":{"rendered":"Eigene g\u00e4rtnerei"},"content":{"rendered":"<div class=\"wpb-content-wrapper\"><p>[vc_row content_placement=&#8220;middle&#8220;][vc_column width=&#8220;1\/2&#8243;][vc_column_text]<\/p>\n<h3>Eigene Baumschule<\/h3>\n<p>Bei Baumschule Peterse kaufen Sie direkt an der Quelle. Ein gro\u00dfer Teil unseres Sortiments stammt aus unserer eigenen Baumschule, die in Kesteren und Umgebung liegt. Der Lehmboden in der Betuwe ist ideal f\u00fcr den Anbau von Allee- und Stra\u00dfenb\u00e4umen, sodass Sie die h\u00f6chste Qualit\u00e4t erwarten k\u00f6nnen. Dank unserer jahrelangen Erfahrung werden die B\u00e4ume sorgf\u00e4ltig aufgezogen, von der Pflanzung bis zu einem Stammumfang von 40-45 cm.[\/vc_column_text][\/vc_column][vc_column width=&#8220;1\/2&#8243;][vc_single_image image=&#8220;2180&#8243; img_size=&#8220;large&#8220; alignment=&#8220;center&#8220; style=&#8220;vc_box_rounded&#8220; css=&#8220;.vc_custom_1728285755322{margin-right: 0px !important;margin-left: 0px !important;background-position: center !important;background-repeat: no-repeat !important;background-size: cover !important;}&#8220;][\/vc_column][\/vc_row][vc_row][vc_column][vc_empty_space][\/vc_column][\/vc_row][vc_row content_placement=&#8220;middle&#8220;][vc_column width=&#8220;1\/2&#8243;][vc_single_image image=&#8220;1718&#8243; img_size=&#8220;large&#8220; alignment=&#8220;center&#8220; style=&#8220;vc_box_rounded&#8220; css=&#8220;.vc_custom_1728285779703{margin-right: 0px !important;margin-left: 0px !important;background-position: center !important;background-repeat: no-repeat !important;background-size: cover !important;}&#8220;][\/vc_column][vc_column width=&#8220;1\/2&#8243;][vc_column_text]Neben dem Anbau von B\u00e4umen im Freiland ziehen wir auch in Containern. Dies erm\u00f6glicht es uns, das ganze Jahr \u00fcber den spezifischen Bed\u00fcrfnissen verschiedener Baumarten gerecht zu werden, was zu optimalen Wachstumsbedingungen f\u00fchrt. Unser Unternehmen befindet sich im Herzen des niederl\u00e4ndischen Baumschulsektors, wo Fachwissen seit Generationen vom Vater an den Sohn weitergegeben wird.[\/vc_column_text][\/vc_column][\/vc_row][vc_row][vc_column][vc_empty_space][\/vc_column][\/vc_row][vc_row content_placement=&#8220;middle&#8220;][vc_column width=&#8220;1\/2&#8243;][vc_column_text]Wenn Sie unsere Baumschule mit eigenen Augen sehen m\u00f6chten, sind Sie herzlich willkommen. Wir laden Sie gerne zu unserem Standort in Kesteren ein. Neben unserer eigenen Baumschule arbeiten wir eng mit Kollegen aus der Region zusammen, wodurch unser Sortiment sehr gro\u00df und vielf\u00e4ltig ist.<\/p>\n<p>Kontaktieren Sie uns oder fordern Sie direkt ein Angebot an. Wir garantieren die h\u00f6chste Qualit\u00e4t unserer Produkte.[\/vc_column_text]<div class='wpb_content_element' align=''><a class='button button--primary'  href='\/de\/kontakt\/'>Kontaktieren Sie uns<\/a><\/div>[\/vc_column][vc_column width=&#8220;1\/2&#8243;][vc_single_image image=&#8220;1858&#8243; img_size=&#8220;large&#8220; alignment=&#8220;center&#8220; style=&#8220;vc_box_rounded&#8220; css=&#8220;.vc_custom_1728906925112{margin-right: 0px !important;margin-left: 0px !important;background-position: center !important;background-repeat: no-repeat !important;background-size: cover !important;}&#8220;][\/vc_column][\/vc_row][vc_row][vc_column]<div class='lightbox vso_photo_gallery style_4'><div class='row'><div class='col-sm-12 col-md-3 low left'><a class='photo-link' href='https:\/\/www.peterseboomkwekerij.nl\/wp-content\/uploads\/2025\/12\/IMG_0969-1-768x1024.jpg' data-toggle='lightbox' data-gallery='gallery'><img class='w-100' src='https:\/\/www.peterseboomkwekerij.nl\/wp-content\/uploads\/2025\/12\/IMG_0969-1-768x1024.jpg' alt=''><figcaption><div class='icon'><i class='fas fa-search-plus'><\/i><\/div><\/figcaption><\/a><\/div><div class='col-sm-12 col-md-3 low left'><a class='photo-link' href='https:\/\/www.peterseboomkwekerij.nl\/wp-content\/uploads\/2025\/12\/IMG_1098-1-768x1024.jpg' data-toggle='lightbox' data-gallery='gallery'><img class='w-100' src='https:\/\/www.peterseboomkwekerij.nl\/wp-content\/uploads\/2025\/12\/IMG_1098-1-768x1024.jpg' alt=''><figcaption><div class='icon'><i class='fas fa-search-plus'><\/i><\/div><\/figcaption><\/a><\/div><div class='col-sm-12 col-md-6 high right'><a class='photo-link' href='https:\/\/www.peterseboomkwekerij.nl\/wp-content\/uploads\/2025\/12\/IMG_1100-1-768x1024.jpg' data-toggle='lightbox' data-gallery='gallery'><img class='w-100' src='https:\/\/www.peterseboomkwekerij.nl\/wp-content\/uploads\/2025\/12\/IMG_1100-1-768x1024.jpg' alt=''><figcaption><div class='icon'><i class='fas fa-search-plus'><\/i><\/div><\/figcaption><\/a><\/div><div class='col-sm-12 col-md-6 high left'><a class='photo-link' href='https:\/\/www.peterseboomkwekerij.nl\/wp-content\/uploads\/2025\/12\/IMG_1101-1-768x1024.jpg' data-toggle='lightbox' data-gallery='gallery'><img class='w-100' src='https:\/\/www.peterseboomkwekerij.nl\/wp-content\/uploads\/2025\/12\/IMG_1101-1-768x1024.jpg' alt=''><figcaption><div class='icon'><i class='fas fa-search-plus'><\/i><\/div><\/figcaption><\/a><\/div><div class='col-sm-12 col-md-3 low right'><a class='photo-link' href='https:\/\/www.peterseboomkwekerij.nl\/wp-content\/uploads\/2025\/12\/IMG_1174-1-768x1024.jpg' data-toggle='lightbox' data-gallery='gallery'><img class='w-100' src='https:\/\/www.peterseboomkwekerij.nl\/wp-content\/uploads\/2025\/12\/IMG_1174-1-768x1024.jpg' alt=''><figcaption><div class='icon'><i class='fas fa-search-plus'><\/i><\/div><\/figcaption><\/a><\/div><div class='col-sm-12 col-md-3 low right'><a class='photo-link' href='https:\/\/www.peterseboomkwekerij.nl\/wp-content\/uploads\/2025\/12\/IMG_1179-1-768x1024.jpg' data-toggle='lightbox' data-gallery='gallery'><img class='w-100' src='https:\/\/www.peterseboomkwekerij.nl\/wp-content\/uploads\/2025\/12\/IMG_1179-1-768x1024.jpg' alt=''><figcaption><div class='icon'><i class='fas fa-search-plus'><\/i><\/div><\/figcaption><\/a><\/div><div class='col-sm-12 col-md-3 low left'><a class='photo-link' href='https:\/\/www.peterseboomkwekerij.nl\/wp-content\/uploads\/2025\/12\/IMG_1180-1-768x1024.jpg' data-toggle='lightbox' data-gallery='gallery'><img class='w-100' src='https:\/\/www.peterseboomkwekerij.nl\/wp-content\/uploads\/2025\/12\/IMG_1180-1-768x1024.jpg' alt=''><figcaption><div class='icon'><i class='fas fa-search-plus'><\/i><\/div><\/figcaption><\/a><\/div><div class='col-sm-12 col-md-3 low left'><a class='photo-link' href='https:\/\/www.peterseboomkwekerij.nl\/wp-content\/uploads\/2025\/12\/IMG_1181-1-768x1024.jpg' data-toggle='lightbox' data-gallery='gallery'><img class='w-100' src='https:\/\/www.peterseboomkwekerij.nl\/wp-content\/uploads\/2025\/12\/IMG_1181-1-768x1024.jpg' alt=''><figcaption><div class='icon'><i class='fas fa-search-plus'><\/i><\/div><\/figcaption><\/a><\/div><div class='col-sm-12 col-md-6 high right'><a class='photo-link' href='https:\/\/www.peterseboomkwekerij.nl\/wp-content\/uploads\/2025\/12\/IMG_1182-1-768x1024.jpg' data-toggle='lightbox' data-gallery='gallery'><img class='w-100' src='https:\/\/www.peterseboomkwekerij.nl\/wp-content\/uploads\/2025\/12\/IMG_1182-1-768x1024.jpg' alt=''><figcaption><div class='icon'><i class='fas fa-search-plus'><\/i><\/div><\/figcaption><\/a><\/div><div class='col-sm-12 col-md-6 high left'><a class='photo-link' href='https:\/\/www.peterseboomkwekerij.nl\/wp-content\/uploads\/2025\/12\/IMG_1185-1-768x1024.jpg' data-toggle='lightbox' data-gallery='gallery'><img class='w-100' src='https:\/\/www.peterseboomkwekerij.nl\/wp-content\/uploads\/2025\/12\/IMG_1185-1-768x1024.jpg' alt=''><figcaption><div class='icon'><i class='fas fa-search-plus'><\/i><\/div><\/figcaption><\/a><\/div><div class='col-sm-12 col-md-3 low right'><a class='photo-link' href='https:\/\/www.peterseboomkwekerij.nl\/wp-content\/uploads\/2025\/12\/IMG_1186-1-768x1024.jpg' data-toggle='lightbox' data-gallery='gallery'><img class='w-100' src='https:\/\/www.peterseboomkwekerij.nl\/wp-content\/uploads\/2025\/12\/IMG_1186-1-768x1024.jpg' alt=''><figcaption><div class='icon'><i class='fas fa-search-plus'><\/i><\/div><\/figcaption><\/a><\/div><div class='col-sm-12 col-md-3 low right'><a class='photo-link' href='https:\/\/www.peterseboomkwekerij.nl\/wp-content\/uploads\/2025\/12\/IMG_1187-1-768x1024.jpg' data-toggle='lightbox' data-gallery='gallery'><img class='w-100' src='https:\/\/www.peterseboomkwekerij.nl\/wp-content\/uploads\/2025\/12\/IMG_1187-1-768x1024.jpg' alt=''><figcaption><div class='icon'><i class='fas fa-search-plus'><\/i><\/div><\/figcaption><\/a><\/div><div class='col-sm-12 col-md-3 low left'><a class='photo-link' href='https:\/\/www.peterseboomkwekerij.nl\/wp-content\/uploads\/2025\/12\/IMG_1188-1-1024x768.jpg' data-toggle='lightbox' data-gallery='gallery'><img class='w-100' src='https:\/\/www.peterseboomkwekerij.nl\/wp-content\/uploads\/2025\/12\/IMG_1188-1-1024x768.jpg' alt=''><figcaption><div class='icon'><i class='fas fa-search-plus'><\/i><\/div><\/figcaption><\/a><\/div><div class='col-sm-12 col-md-3 low left'><a class='photo-link' href='https:\/\/www.peterseboomkwekerij.nl\/wp-content\/uploads\/2025\/12\/IMG_1195-1-768x1024.jpg' data-toggle='lightbox' data-gallery='gallery'><img class='w-100' src='https:\/\/www.peterseboomkwekerij.nl\/wp-content\/uploads\/2025\/12\/IMG_1195-1-768x1024.jpg' alt=''><figcaption><div class='icon'><i class='fas fa-search-plus'><\/i><\/div><\/figcaption><\/a><\/div><div class='col-sm-12 col-md-6 high right'><a class='photo-link' href='https:\/\/www.peterseboomkwekerij.nl\/wp-content\/uploads\/2025\/12\/IMG_1196-1-768x1024.jpg' data-toggle='lightbox' data-gallery='gallery'><img class='w-100' src='https:\/\/www.peterseboomkwekerij.nl\/wp-content\/uploads\/2025\/12\/IMG_1196-1-768x1024.jpg' alt=''><figcaption><div class='icon'><i class='fas fa-search-plus'><\/i><\/div><\/figcaption><\/a><\/div><div class='col-sm-12 col-md-6 high left'><a class='photo-link' href='https:\/\/www.peterseboomkwekerij.nl\/wp-content\/uploads\/2025\/12\/IMG_0506-1-1024x768.jpg' data-toggle='lightbox' data-gallery='gallery'><img class='w-100' src='https:\/\/www.peterseboomkwekerij.nl\/wp-content\/uploads\/2025\/12\/IMG_0506-1-1024x768.jpg' alt=''><figcaption><div class='icon'><i class='fas fa-search-plus'><\/i><\/div><\/figcaption><\/a><\/div><div class='col-sm-12 col-md-3 low right'><a class='photo-link' href='https:\/\/www.peterseboomkwekerij.nl\/wp-content\/uploads\/2025\/12\/IMG_0512-1-768x1024.jpg' data-toggle='lightbox' data-gallery='gallery'><img class='w-100' src='https:\/\/www.peterseboomkwekerij.nl\/wp-content\/uploads\/2025\/12\/IMG_0512-1-768x1024.jpg' alt=''><figcaption><div class='icon'><i class='fas fa-search-plus'><\/i><\/div><\/figcaption><\/a><\/div><div class='col-sm-12 col-md-3 low right'><a class='photo-link' href='https:\/\/www.peterseboomkwekerij.nl\/wp-content\/uploads\/2025\/12\/IMG_0701-1-1024x768.jpg' data-toggle='lightbox' data-gallery='gallery'><img class='w-100' src='https:\/\/www.peterseboomkwekerij.nl\/wp-content\/uploads\/2025\/12\/IMG_0701-1-1024x768.jpg' alt=''><figcaption><div class='icon'><i class='fas fa-search-plus'><\/i><\/div><\/figcaption><\/a><\/div><div class='col-sm-12 col-md-3 low left'><a class='photo-link' href='https:\/\/www.peterseboomkwekerij.nl\/wp-content\/uploads\/2025\/12\/IMG_0732-1-768x1024.jpg' data-toggle='lightbox' data-gallery='gallery'><img class='w-100' src='https:\/\/www.peterseboomkwekerij.nl\/wp-content\/uploads\/2025\/12\/IMG_0732-1-768x1024.jpg' alt=''><figcaption><div class='icon'><i class='fas fa-search-plus'><\/i><\/div><\/figcaption><\/a><\/div><div class='col-sm-12 col-md-3 low left'><a class='photo-link' href='https:\/\/www.peterseboomkwekerij.nl\/wp-content\/uploads\/2025\/12\/IMG_0769-1-768x1024.jpg' data-toggle='lightbox' data-gallery='gallery'><img class='w-100' src='https:\/\/www.peterseboomkwekerij.nl\/wp-content\/uploads\/2025\/12\/IMG_0769-1-768x1024.jpg' alt=''><figcaption><div class='icon'><i class='fas fa-search-plus'><\/i><\/div><\/figcaption><\/a><\/div><div class='col-sm-12 col-md-6 high right'><a class='photo-link' href='https:\/\/www.peterseboomkwekerij.nl\/wp-content\/uploads\/2025\/12\/IMG_0791-1-1024x768.jpg' data-toggle='lightbox' data-gallery='gallery'><img class='w-100' src='https:\/\/www.peterseboomkwekerij.nl\/wp-content\/uploads\/2025\/12\/IMG_0791-1-1024x768.jpg' alt=''><figcaption><div class='icon'><i class='fas fa-search-plus'><\/i><\/div><\/figcaption><\/a><\/div><div class='col-sm-12 col-md-6 high left'><a class='photo-link' href='https:\/\/www.peterseboomkwekerij.nl\/wp-content\/uploads\/2025\/12\/IMG_0851-1-768x1024.jpg' data-toggle='lightbox' data-gallery='gallery'><img class='w-100' src='https:\/\/www.peterseboomkwekerij.nl\/wp-content\/uploads\/2025\/12\/IMG_0851-1-768x1024.jpg' alt=''><figcaption><div class='icon'><i class='fas fa-search-plus'><\/i><\/div><\/figcaption><\/a><\/div><div class='col-sm-12 col-md-3 low right'><a class='photo-link' href='https:\/\/www.peterseboomkwekerij.nl\/wp-content\/uploads\/2025\/12\/IMG_0938-1-768x1024.jpg' data-toggle='lightbox' data-gallery='gallery'><img class='w-100' src='https:\/\/www.peterseboomkwekerij.nl\/wp-content\/uploads\/2025\/12\/IMG_0938-1-768x1024.jpg' alt=''><figcaption><div class='icon'><i class='fas fa-search-plus'><\/i><\/div><\/figcaption><\/a><\/div><div class='col-sm-12 col-md-3 low right'><a class='photo-link' href='https:\/\/www.peterseboomkwekerij.nl\/wp-content\/uploads\/2025\/12\/IMG_0967-1-1024x768.jpg' data-toggle='lightbox' data-gallery='gallery'><img class='w-100' src='https:\/\/www.peterseboomkwekerij.nl\/wp-content\/uploads\/2025\/12\/IMG_0967-1-1024x768.jpg' alt=''><figcaption><div class='icon'><i class='fas fa-search-plus'><\/i><\/div><\/figcaption><\/a><\/div><\/div><\/div><script src='https:\/\/cdn.jsdelivr.net\/npm\/bs5-lightbox@1.8.3\/dist\/index.bundle.min.js'><\/script>[\/vc_column][\/vc_row]<\/p>\n<\/div>","protected":false},"excerpt":{"rendered":"<p>[vc_row content_placement=&#8220;middle&#8220;][vc_column width=&#8220;1\/2&#8243;][vc_column_text] Eigene Baumschule Bei Baumschule Peterse kaufen Sie direkt an der Quelle. Ein gro\u00dfer Teil unseres Sortiments stammt aus unserer eigenen Baumschule, die in Kesteren und Umgebung liegt. Der Lehmboden in der Betuwe ist ideal f\u00fcr den Anbau von Allee- und Stra\u00dfenb\u00e4umen, sodass Sie die h\u00f6chste Qualit\u00e4t erwarten k\u00f6nnen. Dank unserer jahrelangen Erfahrung [&hellip;]<\/p>\n","protected":false},"author":1,"featured_media":0,"parent":0,"menu_order":0,"comment_status":"closed","ping_status":"closed","template":"","meta":{"_acf_changed":false,"footnotes":""},"class_list":["post-933","page","type-page","status-publish","hentry"],"acf":[],"yoast_head":"<!-- This site is optimized with the Yoast SEO plugin v27.4 - https:\/\/yoast.com\/product\/yoast-seo-wordpress\/ -->\n<title>Eigene g\u00e4rtnerei | Peterse Boomkwekerij<\/title>\n<meta name=\"robots\" content=\"index, follow, max-snippet:-1, max-image-preview:large, max-video-preview:-1\" \/>\n<link rel=\"canonical\" href=\"https:\/\/www.peterseboomkwekerij.nl\/de\/eigene-gaertnerei\/\" \/>\n<meta property=\"og:locale\" content=\"de_DE\" \/>\n<meta property=\"og:type\" content=\"article\" \/>\n<meta property=\"og:title\" content=\"Eigene g\u00e4rtnerei | Peterse Boomkwekerij\" \/>\n<meta property=\"og:description\" content=\"[vc_row content_placement=&#8220;middle&#8220;][vc_column width=&#8220;1\/2&#8243;][vc_column_text] Eigene Baumschule Bei Baumschule Peterse kaufen Sie direkt an der Quelle. Ein gro\u00dfer Teil unseres Sortiments stammt aus unserer eigenen Baumschule, die in Kesteren und Umgebung liegt. Der Lehmboden in der Betuwe ist ideal f\u00fcr den Anbau von Allee- und Stra\u00dfenb\u00e4umen, sodass Sie die h\u00f6chste Qualit\u00e4t erwarten k\u00f6nnen. Dank unserer jahrelangen Erfahrung [&hellip;]\" \/>\n<meta property=\"og:url\" content=\"https:\/\/www.peterseboomkwekerij.nl\/de\/eigene-gaertnerei\/\" \/>\n<meta property=\"og:site_name\" content=\"Peterse Boomkwekerij\" \/>\n<meta property=\"article:modified_time\" content=\"2025-12-05T11:16:00+00:00\" \/>\n<meta property=\"og:image\" content=\"https:\/\/www.peterseboomkwekerij.nl\/wp-content\/uploads\/2024\/10\/Logo_Peterse_Boomkwekerij_HR-scaled.jpg\" \/>\n\t<meta property=\"og:image:width\" content=\"2560\" \/>\n\t<meta property=\"og:image:height\" content=\"631\" \/>\n\t<meta property=\"og:image:type\" content=\"image\/jpeg\" \/>\n<meta name=\"twitter:card\" content=\"summary_large_image\" \/>\n<meta name=\"twitter:label1\" content=\"Gesch\u00e4tzte Lesezeit\" \/>\n\t<meta name=\"twitter:data1\" content=\"2\u00a0Minuten\" \/>\n<script type=\"application\/ld+json\" class=\"yoast-schema-graph\">{\"@context\":\"https:\\\/\\\/schema.org\",\"@graph\":[{\"@type\":\"WebPage\",\"@id\":\"https:\\\/\\\/www.peterseboomkwekerij.nl\\\/de\\\/eigene-gaertnerei\\\/\",\"url\":\"https:\\\/\\\/www.peterseboomkwekerij.nl\\\/de\\\/eigene-gaertnerei\\\/\",\"name\":\"Eigene g\u00e4rtnerei | Peterse Boomkwekerij\",\"isPartOf\":{\"@id\":\"https:\\\/\\\/www.peterseboomkwekerij.nl\\\/#website\"},\"datePublished\":\"2024-06-05T08:24:44+00:00\",\"dateModified\":\"2025-12-05T11:16:00+00:00\",\"breadcrumb\":{\"@id\":\"https:\\\/\\\/www.peterseboomkwekerij.nl\\\/de\\\/eigene-gaertnerei\\\/#breadcrumb\"},\"inLanguage\":\"de\",\"potentialAction\":[{\"@type\":\"ReadAction\",\"target\":[\"https:\\\/\\\/www.peterseboomkwekerij.nl\\\/de\\\/eigene-gaertnerei\\\/\"]}]},{\"@type\":\"BreadcrumbList\",\"@id\":\"https:\\\/\\\/www.peterseboomkwekerij.nl\\\/de\\\/eigene-gaertnerei\\\/#breadcrumb\",\"itemListElement\":[{\"@type\":\"ListItem\",\"position\":1,\"name\":\"Home\",\"item\":\"https:\\\/\\\/www.peterseboomkwekerij.nl\\\/de\\\/\"},{\"@type\":\"ListItem\",\"position\":2,\"name\":\"Eigene g\u00e4rtnerei\"}]},{\"@type\":\"WebSite\",\"@id\":\"https:\\\/\\\/www.peterseboomkwekerij.nl\\\/#website\",\"url\":\"https:\\\/\\\/www.peterseboomkwekerij.nl\\\/\",\"name\":\"Peterse Boomkwekerij\",\"description\":\"Peterse Boomkwekerij\",\"publisher\":{\"@id\":\"https:\\\/\\\/www.peterseboomkwekerij.nl\\\/#organization\"},\"potentialAction\":[{\"@type\":\"SearchAction\",\"target\":{\"@type\":\"EntryPoint\",\"urlTemplate\":\"https:\\\/\\\/www.peterseboomkwekerij.nl\\\/?s={search_term_string}\"},\"query-input\":{\"@type\":\"PropertyValueSpecification\",\"valueRequired\":true,\"valueName\":\"search_term_string\"}}],\"inLanguage\":\"de\"},{\"@type\":\"Organization\",\"@id\":\"https:\\\/\\\/www.peterseboomkwekerij.nl\\\/#organization\",\"name\":\"Peterse Boomkwekerij\",\"url\":\"https:\\\/\\\/www.peterseboomkwekerij.nl\\\/\",\"logo\":{\"@type\":\"ImageObject\",\"inLanguage\":\"de\",\"@id\":\"https:\\\/\\\/www.peterseboomkwekerij.nl\\\/#\\\/schema\\\/logo\\\/image\\\/\",\"url\":\"https:\\\/\\\/www.peterseboomkwekerij.nl\\\/wp-content\\\/uploads\\\/2024\\\/10\\\/Logo_Peterse_Boomkwekerij_HR-scaled.jpg\",\"contentUrl\":\"https:\\\/\\\/www.peterseboomkwekerij.nl\\\/wp-content\\\/uploads\\\/2024\\\/10\\\/Logo_Peterse_Boomkwekerij_HR-scaled.jpg\",\"width\":2560,\"height\":631,\"caption\":\"Peterse Boomkwekerij\"},\"image\":{\"@id\":\"https:\\\/\\\/www.peterseboomkwekerij.nl\\\/#\\\/schema\\\/logo\\\/image\\\/\"}}]}<\/script>\n<!-- \/ Yoast SEO plugin. -->","yoast_head_json":{"title":"Eigene g\u00e4rtnerei | Peterse Boomkwekerij","robots":{"index":"index","follow":"follow","max-snippet":"max-snippet:-1","max-image-preview":"max-image-preview:large","max-video-preview":"max-video-preview:-1"},"canonical":"https:\/\/www.peterseboomkwekerij.nl\/de\/eigene-gaertnerei\/","og_locale":"de_DE","og_type":"article","og_title":"Eigene g\u00e4rtnerei | Peterse Boomkwekerij","og_description":"[vc_row content_placement=&#8220;middle&#8220;][vc_column width=&#8220;1\/2&#8243;][vc_column_text] Eigene Baumschule Bei Baumschule Peterse kaufen Sie direkt an der Quelle. Ein gro\u00dfer Teil unseres Sortiments stammt aus unserer eigenen Baumschule, die in Kesteren und Umgebung liegt. Der Lehmboden in der Betuwe ist ideal f\u00fcr den Anbau von Allee- und Stra\u00dfenb\u00e4umen, sodass Sie die h\u00f6chste Qualit\u00e4t erwarten k\u00f6nnen. Dank unserer jahrelangen Erfahrung [&hellip;]","og_url":"https:\/\/www.peterseboomkwekerij.nl\/de\/eigene-gaertnerei\/","og_site_name":"Peterse Boomkwekerij","article_modified_time":"2025-12-05T11:16:00+00:00","og_image":[{"width":2560,"height":631,"url":"https:\/\/www.peterseboomkwekerij.nl\/wp-content\/uploads\/2024\/10\/Logo_Peterse_Boomkwekerij_HR-scaled.jpg","type":"image\/jpeg"}],"twitter_card":"summary_large_image","twitter_misc":{"Gesch\u00e4tzte Lesezeit":"2\u00a0Minuten"},"schema":{"@context":"https:\/\/schema.org","@graph":[{"@type":"WebPage","@id":"https:\/\/www.peterseboomkwekerij.nl\/de\/eigene-gaertnerei\/","url":"https:\/\/www.peterseboomkwekerij.nl\/de\/eigene-gaertnerei\/","name":"Eigene g\u00e4rtnerei | Peterse Boomkwekerij","isPartOf":{"@id":"https:\/\/www.peterseboomkwekerij.nl\/#website"},"datePublished":"2024-06-05T08:24:44+00:00","dateModified":"2025-12-05T11:16:00+00:00","breadcrumb":{"@id":"https:\/\/www.peterseboomkwekerij.nl\/de\/eigene-gaertnerei\/#breadcrumb"},"inLanguage":"de","potentialAction":[{"@type":"ReadAction","target":["https:\/\/www.peterseboomkwekerij.nl\/de\/eigene-gaertnerei\/"]}]},{"@type":"BreadcrumbList","@id":"https:\/\/www.peterseboomkwekerij.nl\/de\/eigene-gaertnerei\/#breadcrumb","itemListElement":[{"@type":"ListItem","position":1,"name":"Home","item":"https:\/\/www.peterseboomkwekerij.nl\/de\/"},{"@type":"ListItem","position":2,"name":"Eigene g\u00e4rtnerei"}]},{"@type":"WebSite","@id":"https:\/\/www.peterseboomkwekerij.nl\/#website","url":"https:\/\/www.peterseboomkwekerij.nl\/","name":"Peterse Boomkwekerij","description":"Peterse Boomkwekerij","publisher":{"@id":"https:\/\/www.peterseboomkwekerij.nl\/#organization"},"potentialAction":[{"@type":"SearchAction","target":{"@type":"EntryPoint","urlTemplate":"https:\/\/www.peterseboomkwekerij.nl\/?s={search_term_string}"},"query-input":{"@type":"PropertyValueSpecification","valueRequired":true,"valueName":"search_term_string"}}],"inLanguage":"de"},{"@type":"Organization","@id":"https:\/\/www.peterseboomkwekerij.nl\/#organization","name":"Peterse Boomkwekerij","url":"https:\/\/www.peterseboomkwekerij.nl\/","logo":{"@type":"ImageObject","inLanguage":"de","@id":"https:\/\/www.peterseboomkwekerij.nl\/#\/schema\/logo\/image\/","url":"https:\/\/www.peterseboomkwekerij.nl\/wp-content\/uploads\/2024\/10\/Logo_Peterse_Boomkwekerij_HR-scaled.jpg","contentUrl":"https:\/\/www.peterseboomkwekerij.nl\/wp-content\/uploads\/2024\/10\/Logo_Peterse_Boomkwekerij_HR-scaled.jpg","width":2560,"height":631,"caption":"Peterse Boomkwekerij"},"image":{"@id":"https:\/\/www.peterseboomkwekerij.nl\/#\/schema\/logo\/image\/"}}]}},"_links":{"self":[{"href":"https:\/\/www.peterseboomkwekerij.nl\/de\/wp-json\/wp\/v2\/pages\/933","targetHints":{"allow":["GET"]}}],"collection":[{"href":"https:\/\/www.peterseboomkwekerij.nl\/de\/wp-json\/wp\/v2\/pages"}],"about":[{"href":"https:\/\/www.peterseboomkwekerij.nl\/de\/wp-json\/wp\/v2\/types\/page"}],"author":[{"embeddable":true,"href":"https:\/\/www.peterseboomkwekerij.nl\/de\/wp-json\/wp\/v2\/users\/1"}],"replies":[{"embeddable":true,"href":"https:\/\/www.peterseboomkwekerij.nl\/de\/wp-json\/wp\/v2\/comments?post=933"}],"version-history":[{"count":10,"href":"https:\/\/www.peterseboomkwekerij.nl\/de\/wp-json\/wp\/v2\/pages\/933\/revisions"}],"predecessor-version":[{"id":3679,"href":"https:\/\/www.peterseboomkwekerij.nl\/de\/wp-json\/wp\/v2\/pages\/933\/revisions\/3679"}],"wp:attachment":[{"href":"https:\/\/www.peterseboomkwekerij.nl\/de\/wp-json\/wp\/v2\/media?parent=933"}],"curies":[{"name":"wp","href":"https:\/\/api.w.org\/{rel}","templated":true}]}}