{"id":866,"date":"2022-03-17T09:57:03","date_gmt":"2022-03-17T09:57:03","guid":{"rendered":"https:\/\/www.peterseboomkwekerij.nl\/startseite\/"},"modified":"2024-10-21T12:48:39","modified_gmt":"2024-10-21T12:48:39","slug":"startseite","status":"publish","type":"page","link":"https:\/\/www.peterseboomkwekerij.nl\/de\/","title":{"rendered":"Startseite"},"content":{"rendered":"<div class=\"wpb-content-wrapper\"><p>[vc_row full_width=&#8220;stretch_row&#8220; css=&#8220;.vc_custom_1728982551849{background: rgba(10,1,1,0.42) url(https:\/\/www.peterseboomkwekerij.nl\/wp-content\/uploads\/2024\/10\/petersekwekerij-home-iets-opgeschoven-1-scaled.jpg?id=2413) !important;background-position: center !important;background-repeat: no-repeat !important;background-size: cover !important;*background-color: rgb(10,1,1) !important;}&#8220; el_class=&#8220;shadow_background&#8220;][vc_column][vc_empty_space height=&#8220;200px&#8220;][vc_row_inner el_class=&#8220;slider_row&#8220;][vc_column_inner width=&#8220;2\/3&#8243;][vc_column_text el_class=&#8220;textColorWhite&#8220;]<\/p>\n<h1>Tief verwurzelt in der welt der alleeb\u00e4ume<\/h1>\n<p>Peterse Baumschule, ans\u00e4ssig in Kesteren, im Herzen der Niederlande, ist spezialisiert auf den Anbau und Handel von Alleeb\u00e4umen.[\/vc_column_text]<div class='wpb_content_element' align=''><a class='button button--primary'  href='\/de\/eigene-gaertnerei\/'>Eigene Baumschule<\/a><\/div>[\/vc_column_inner][vc_column_inner el_class=&#8220;slider_form&#8220; width=&#8220;1\/3&#8243; css=&#8220;.vc_custom_1719914031766{background-color: #222222 !important;}&#8220;][vc_column_text el_class=&#8220;textColorWhite&#8220;]<\/p>\n<h4>\u00dcber das untenstehende Formular k\u00f6nnen Sie Kontakt mit uns aufnehmen oder direkt ein Angebot anfordern.<\/h4>\n<p>[\/vc_column_text]\n<div class=\"wpcf7 no-js\" id=\"wpcf7-f1051-o1\" lang=\"de-DE\" dir=\"ltr\" data-wpcf7-id=\"1051\">\n<div class=\"screen-reader-response\"><p role=\"status\" aria-live=\"polite\" aria-atomic=\"true\"><\/p> <ul><\/ul><\/div>\n<form action=\"\/de\/wp-json\/wp\/v2\/pages\/866#wpcf7-f1051-o1\" method=\"post\" class=\"wpcf7-form init\" aria-label=\"Kontaktformular\" novalidate=\"novalidate\" data-status=\"init\">\n<fieldset class=\"hidden-fields-container\"><input type=\"hidden\" name=\"_wpcf7\" value=\"1051\" \/><input type=\"hidden\" name=\"_wpcf7_version\" value=\"6.1.5\" \/><input type=\"hidden\" name=\"_wpcf7_locale\" value=\"de_DE\" \/><input type=\"hidden\" name=\"_wpcf7_unit_tag\" value=\"wpcf7-f1051-o1\" \/><input type=\"hidden\" name=\"_wpcf7_container_post\" value=\"0\" \/><input type=\"hidden\" name=\"_wpcf7_posted_data_hash\" value=\"\" \/>\n<\/fieldset>\n<div class=\"contact-form\">\n\t<div style=\"margin: 0 -15px\">\n\t\t<div class=\"row\">\n\t\t\t<div class=\"col-md-12\">\n\t\t\t\t<p><span class=\"wpcf7-form-control-wrap\" data-name=\"naam\"><input size=\"40\" maxlength=\"400\" class=\"wpcf7-form-control wpcf7-text wpcf7-validates-as-required form-control\" aria-required=\"true\" aria-invalid=\"false\" placeholder=\"Name*\" value=\"\" type=\"text\" name=\"naam\" \/><\/span>\n\t\t\t\t<\/p>\n\t\t\t<\/div>\n\t\t<\/div>\n\t\t<div class=\"row\">\n\t\t\t<div class=\"col-md-12\">\n\t\t\t\t<p><span class=\"wpcf7-form-control-wrap\" data-name=\"Telefoonnummer\"><input size=\"40\" maxlength=\"400\" class=\"wpcf7-form-control wpcf7-tel wpcf7-validates-as-required wpcf7-text wpcf7-validates-as-tel form-control\" aria-required=\"true\" aria-invalid=\"false\" placeholder=\"Telefonnummer *\" value=\"\" type=\"tel\" name=\"Telefoonnummer\" \/><\/span>\n\t\t\t\t<\/p>\n\t\t\t<\/div>\n\t\t<\/div>\n\t\t<div class=\"row\">\n\t\t\t<div class=\"col-md-12\">\n\t\t\t\t<p><span class=\"wpcf7-form-control-wrap\" data-name=\"E-mailadres\"><input size=\"40\" maxlength=\"400\" class=\"wpcf7-form-control wpcf7-email wpcf7-validates-as-required wpcf7-text wpcf7-validates-as-email form-control\" aria-required=\"true\" aria-invalid=\"false\" placeholder=\"E-Mail-Adresse *\" value=\"\" type=\"email\" name=\"E-mailadres\" \/><\/span>\n\t\t\t\t<\/p>\n\t\t\t<\/div>\n\t\t<\/div>\n\t\t<div class=\"row\">\n\t\t\t<div class=\"col-md-12\">\n\t\t\t\t<p><span class=\"wpcf7-form-control-wrap\" data-name=\"your-message\"><textarea cols=\"40\" rows=\"10\" maxlength=\"2000\" class=\"wpcf7-form-control wpcf7-textarea form-control\" aria-invalid=\"false\" placeholder=\"Gib hier deine Nachricht ein.\" name=\"your-message\"><\/textarea><\/span><span id=\"wpcf7-69f3016393a9d-wrapper\" class=\"wpcf7-form-control-wrap accept-policy-wrap\" style=\"display:none !important; visibility:hidden !important;\"><label for=\"wpcf7-69f3016393a9d-field\" class=\"hp-message\">Bitte lasse dieses Feld leer.<\/label><input id=\"wpcf7-69f3016393a9d-field\"  class=\"wpcf7-form-control wpcf7-text\" type=\"text\" name=\"accept-policy\" value=\"\" size=\"40\" tabindex=\"-1\" autocomplete=\"new-password\" \/><\/span>\n\t\t\t\t<\/p>\n\t\t\t<\/div>\n\t\t<\/div>\n\t\t<div class=\"row\">\n\t\t\t<div class=\"col-md-8\">\n\t\t\t\t<p><input class=\"wpcf7-form-control wpcf7-submit has-spinner btn-block btn button--primary m-0 btn-lg w-100\" type=\"submit\" value=\"Absenden\" \/>\n\t\t\t\t<\/p>\n\t\t\t<\/div>\n\t\t<\/div>\n\t<\/div>\n<\/div><div class=\"wpcf7-response-output\" aria-hidden=\"true\"><\/div>\n<\/form>\n<\/div>\n[\/vc_column_inner][\/vc_row_inner][\/vc_column][\/vc_row][vc_row content_placement=&#8220;middle&#8220;][vc_column width=&#8220;1\/2&#8243;][vc_column_text]Gegr\u00fcndet im Jahr 2002 von Evert Peterse, hat sich das Unternehmen schnell als zuverl\u00e4ssiger Akteur in der Baumschulbranche etabliert, sowohl national als auch international. Das Wissen und die Erfahrung werden seit \u00fcber 75 Jahren von Vater zu Sohn weitergegeben, was zu einer soliden Basis aus handwerklichem K\u00f6nnen und Qualit\u00e4t f\u00fchrt.<\/p>\n<p>In der Peterse Baumschule finden Sie ein umfangreiches Sortiment an Alleeb\u00e4umen, von jungen B\u00e4umen (100-125 cm) bis hin zu B\u00e4umen mit einem Stammumfang von 40-45 cm. Unsere B\u00e4ume werden sowohl in Containern als auch im Freiland gezogen, sodass wir auf die unterschiedlichen Bed\u00fcrfnisse unserer Kunden eingehen k\u00f6nnen. Dank unserer Lage im Zentrum der niederl\u00e4ndischen Baumschulregion haben wir optimale Partnerschaften mit Lieferanten, was zu einem vollst\u00e4ndigen und vielf\u00e4ltigen Angebot an hochwertigen B\u00e4umen beitr\u00e4gt.[\/vc_column_text]<div class='wpb_content_element' align=''><a class='button button--primary'  href='\/de\/kontakt\/'>Kontaktieren Sie uns<\/a><\/div>[\/vc_column][vc_column width=&#8220;1\/2&#8243;][vc_single_image image=&#8220;565&#8243; img_size=&#8220;large&#8220; alignment=&#8220;center&#8220; style=&#8220;vc_box_rounded&#8220; css=&#8220;.vc_custom_1719839441121{margin-right: 0px !important;margin-left: 0px !important;background-position: center !important;background-repeat: no-repeat !important;background-size: cover !important;}&#8220;][\/vc_column][\/vc_row][vc_row][vc_column][vc_empty_space][\/vc_column][\/vc_row][vc_row][vc_column width=&#8220;1\/3&#8243;]<div class='wpb_content_element vso_intro_blok'><a href='\/de\/export\/'><img class='vc_single_image-img image_intro_blok' src='https:\/\/www.peterseboomkwekerij.nl\/wp-content\/uploads\/2024\/06\/DSC00037.jpg' alt=''><\/a><div class='content mt-4'><h4 class='title mb-4'>Export<\/h4><p class='text_below_title'>Bei Peterse Baumschule reichen unsere Ambitionen \u00fcber die Grenzen unserer eigenen Baumschule hinaus.<\/p><div align='left'><a class='button button--primary'  href='\/de\/export\/'>Mehr Informationen<\/a><\/div><\/div><\/div>[\/vc_column][vc_column width=&#8220;1\/3&#8243;]<div class='wpb_content_element vso_intro_blok'><a href='\/de\/sortiment\/'><img class='vc_single_image-img image_intro_blok' src='https:\/\/www.peterseboomkwekerij.nl\/wp-content\/uploads\/2024\/06\/DSC00001.jpg' alt=''><\/a><div class='content mt-4'><h4 class='title mb-4'>Sortiment<\/h4><p class='text_below_title'>Umfangreiches Sortiment an Alleeb\u00e4umen, von jungen Pflanzst\u00e4ben (100-125 cm) bis zu B\u00e4umen mit einem Stammumfang von 40-45 cm.<\/p><div align='left'><a class='button button--primary'  href='\/de\/sortiment\/'>Mehr Informationen<\/a><\/div><\/div><\/div>[\/vc_column][vc_column width=&#8220;1\/3&#8243;]<div class='wpb_content_element vso_intro_blok'><a href='\/de\/eigene-baumschule\/'><img class='vc_single_image-img image_intro_blok' src='https:\/\/www.peterseboomkwekerij.nl\/wp-content\/uploads\/2024\/06\/fotos-17-oktober-2006-boomkwekerij-022.jpg' alt=''><\/a><div class='content mt-4'><h4 class='title mb-4'>Eigene Baumschule<\/h4><p class='text_below_title'>Bei Baumschule Peterse kaufen Sie direkt an der Quelle. Ein gro\u00dfer Teil unseres Sortiments stammt aus unserer eigenen Baumschule,<\/p><div align='left'><a class='button button--primary'  href='\/de\/eigene-baumschule\/'>Mehr Informationen<\/a><\/div><\/div><\/div>[\/vc_column][\/vc_row]<\/p>\n<\/div>","protected":false},"excerpt":{"rendered":"<p>[vc_row full_width=&#8220;stretch_row&#8220; css=&#8220;.vc_custom_1728982551849{background: rgba(10,1,1,0.42) url(https:\/\/www.peterseboomkwekerij.nl\/wp-content\/uploads\/2024\/10\/petersekwekerij-home-iets-opgeschoven-1-scaled.jpg?id=2413) !important;background-position: center !important;background-repeat: no-repeat !important;background-size: cover !important;*background-color: rgb(10,1,1) !important;}&#8220; el_class=&#8220;shadow_background&#8220;][vc_column][vc_empty_space height=&#8220;200px&#8220;][vc_row_inner el_class=&#8220;slider_row&#8220;][vc_column_inner width=&#8220;2\/3&#8243;][vc_column_text el_class=&#8220;textColorWhite&#8220;] Tief verwurzelt in der welt der alleeb\u00e4ume Peterse Baumschule, ans\u00e4ssig in Kesteren, im Herzen der Niederlande, ist spezialisiert auf den Anbau und Handel von Alleeb\u00e4umen.[\/vc_column_text][\/vc_column_inner][vc_column_inner el_class=&#8220;slider_form&#8220; width=&#8220;1\/3&#8243; css=&#8220;.vc_custom_1719914031766{background-color: #222222 !important;}&#8220;][vc_column_text el_class=&#8220;textColorWhite&#8220;] \u00dcber das untenstehende Formular k\u00f6nnen [&hellip;]<\/p>\n","protected":false},"author":1,"featured_media":0,"parent":0,"menu_order":0,"comment_status":"closed","ping_status":"closed","template":"","meta":{"_acf_changed":false,"footnotes":""},"class_list":["post-866","page","type-page","status-publish","hentry"],"acf":[],"yoast_head":"<!-- This site is optimized with the Yoast SEO plugin v27.5 - https:\/\/yoast.com\/product\/yoast-seo-wordpress\/ -->\n<title>Peterse Baumschule | Spezialist f\u00fcr Alleeb\u00e4ume<\/title>\n<meta name=\"description\" content=\"Peterse Baumschule befindet sich in Kesteren, im Herzen der Niederlande, und ist auf den Anbau und Handel von Alleeb\u00e4umen spezialisiert.\" \/>\n<meta name=\"robots\" content=\"index, follow, max-snippet:-1, max-image-preview:large, max-video-preview:-1\" \/>\n<link rel=\"canonical\" href=\"https:\/\/www.peterseboomkwekerij.nl\/de\/\" \/>\n<meta property=\"og:locale\" content=\"de_DE\" \/>\n<meta property=\"og:type\" content=\"article\" \/>\n<meta property=\"og:title\" content=\"Peterse Baumschule | Spezialist f\u00fcr Alleeb\u00e4ume\" \/>\n<meta property=\"og:description\" content=\"Peterse Baumschule befindet sich in Kesteren, im Herzen der Niederlande, und ist auf den Anbau und Handel von Alleeb\u00e4umen spezialisiert.\" \/>\n<meta property=\"og:url\" content=\"https:\/\/www.peterseboomkwekerij.nl\/de\/\" \/>\n<meta property=\"og:site_name\" content=\"Peterse Boomkwekerij\" \/>\n<meta property=\"article:modified_time\" content=\"2024-10-21T12:48:39+00:00\" \/>\n<meta property=\"og:image\" content=\"https:\/\/www.peterseboomkwekerij.nl\/wp-content\/uploads\/2024\/10\/Logo_Peterse_Boomkwekerij_HR-scaled.jpg\" \/>\n\t<meta property=\"og:image:width\" content=\"2560\" \/>\n\t<meta property=\"og:image:height\" content=\"631\" \/>\n\t<meta property=\"og:image:type\" content=\"image\/jpeg\" \/>\n<meta name=\"twitter:card\" content=\"summary_large_image\" \/>\n<meta name=\"twitter:title\" content=\"Peterse Baumschule | Spezialist f\u00fcr Alleeb\u00e4ume\" \/>\n<meta name=\"twitter:description\" content=\"Peterse Baumschule befindet sich in Kesteren, im Herzen der Niederlande, und ist auf den Anbau und Handel von Alleeb\u00e4umen spezialisiert.\" \/>\n<meta name=\"twitter:image\" content=\"https:\/\/www.peterseboomkwekerij.nl\/wp-content\/uploads\/2024\/10\/Logo_Peterse_Boomkwekerij_HR-scaled.jpg\" \/>\n<meta name=\"twitter:label1\" content=\"Gesch\u00e4tzte Lesezeit\" \/>\n\t<meta name=\"twitter:data1\" content=\"3\u00a0Minuten\" \/>\n<script type=\"application\/ld+json\" class=\"yoast-schema-graph\">{\"@context\":\"https:\\\/\\\/schema.org\",\"@graph\":[{\"@type\":\"WebPage\",\"@id\":\"https:\\\/\\\/www.peterseboomkwekerij.nl\\\/de\\\/\",\"url\":\"https:\\\/\\\/www.peterseboomkwekerij.nl\\\/de\\\/\",\"name\":\"Peterse Baumschule | Spezialist f\u00fcr Alleeb\u00e4ume\",\"isPartOf\":{\"@id\":\"https:\\\/\\\/www.peterseboomkwekerij.nl\\\/#website\"},\"datePublished\":\"2022-03-17T09:57:03+00:00\",\"dateModified\":\"2024-10-21T12:48:39+00:00\",\"description\":\"Peterse Baumschule befindet sich in Kesteren, im Herzen der Niederlande, und ist auf den Anbau und Handel von Alleeb\u00e4umen spezialisiert.\",\"breadcrumb\":{\"@id\":\"https:\\\/\\\/www.peterseboomkwekerij.nl\\\/de\\\/#breadcrumb\"},\"inLanguage\":\"de\",\"potentialAction\":[{\"@type\":\"ReadAction\",\"target\":[\"https:\\\/\\\/www.peterseboomkwekerij.nl\\\/de\\\/\"]}]},{\"@type\":\"BreadcrumbList\",\"@id\":\"https:\\\/\\\/www.peterseboomkwekerij.nl\\\/de\\\/#breadcrumb\",\"itemListElement\":[{\"@type\":\"ListItem\",\"position\":1,\"name\":\"Home\",\"item\":\"https:\\\/\\\/www.peterseboomkwekerij.nl\\\/de\\\/\"},{\"@type\":\"ListItem\",\"position\":2,\"name\":\"Startseite\"}]},{\"@type\":\"WebSite\",\"@id\":\"https:\\\/\\\/www.peterseboomkwekerij.nl\\\/#website\",\"url\":\"https:\\\/\\\/www.peterseboomkwekerij.nl\\\/\",\"name\":\"Peterse Boomkwekerij\",\"description\":\"Peterse Boomkwekerij\",\"publisher\":{\"@id\":\"https:\\\/\\\/www.peterseboomkwekerij.nl\\\/#organization\"},\"potentialAction\":[{\"@type\":\"SearchAction\",\"target\":{\"@type\":\"EntryPoint\",\"urlTemplate\":\"https:\\\/\\\/www.peterseboomkwekerij.nl\\\/?s={search_term_string}\"},\"query-input\":{\"@type\":\"PropertyValueSpecification\",\"valueRequired\":true,\"valueName\":\"search_term_string\"}}],\"inLanguage\":\"de\"},{\"@type\":\"Organization\",\"@id\":\"https:\\\/\\\/www.peterseboomkwekerij.nl\\\/#organization\",\"name\":\"Peterse Boomkwekerij\",\"url\":\"https:\\\/\\\/www.peterseboomkwekerij.nl\\\/\",\"logo\":{\"@type\":\"ImageObject\",\"inLanguage\":\"de\",\"@id\":\"https:\\\/\\\/www.peterseboomkwekerij.nl\\\/#\\\/schema\\\/logo\\\/image\\\/\",\"url\":\"https:\\\/\\\/www.peterseboomkwekerij.nl\\\/wp-content\\\/uploads\\\/2024\\\/10\\\/Logo_Peterse_Boomkwekerij_HR-scaled.jpg\",\"contentUrl\":\"https:\\\/\\\/www.peterseboomkwekerij.nl\\\/wp-content\\\/uploads\\\/2024\\\/10\\\/Logo_Peterse_Boomkwekerij_HR-scaled.jpg\",\"width\":2560,\"height\":631,\"caption\":\"Peterse Boomkwekerij\"},\"image\":{\"@id\":\"https:\\\/\\\/www.peterseboomkwekerij.nl\\\/#\\\/schema\\\/logo\\\/image\\\/\"}}]}<\/script>\n<!-- \/ Yoast SEO plugin. -->","yoast_head_json":{"title":"Peterse Baumschule | Spezialist f\u00fcr Alleeb\u00e4ume","description":"Peterse Baumschule befindet sich in Kesteren, im Herzen der Niederlande, und ist auf den Anbau und Handel von Alleeb\u00e4umen spezialisiert.","robots":{"index":"index","follow":"follow","max-snippet":"max-snippet:-1","max-image-preview":"max-image-preview:large","max-video-preview":"max-video-preview:-1"},"canonical":"https:\/\/www.peterseboomkwekerij.nl\/de\/","og_locale":"de_DE","og_type":"article","og_title":"Peterse Baumschule | Spezialist f\u00fcr Alleeb\u00e4ume","og_description":"Peterse Baumschule befindet sich in Kesteren, im Herzen der Niederlande, und ist auf den Anbau und Handel von Alleeb\u00e4umen spezialisiert.","og_url":"https:\/\/www.peterseboomkwekerij.nl\/de\/","og_site_name":"Peterse Boomkwekerij","article_modified_time":"2024-10-21T12:48:39+00:00","og_image":[{"width":2560,"height":631,"url":"https:\/\/www.peterseboomkwekerij.nl\/wp-content\/uploads\/2024\/10\/Logo_Peterse_Boomkwekerij_HR-scaled.jpg","type":"image\/jpeg"}],"twitter_card":"summary_large_image","twitter_title":"Peterse Baumschule | Spezialist f\u00fcr Alleeb\u00e4ume","twitter_description":"Peterse Baumschule befindet sich in Kesteren, im Herzen der Niederlande, und ist auf den Anbau und Handel von Alleeb\u00e4umen spezialisiert.","twitter_image":"https:\/\/www.peterseboomkwekerij.nl\/wp-content\/uploads\/2024\/10\/Logo_Peterse_Boomkwekerij_HR-scaled.jpg","twitter_misc":{"Gesch\u00e4tzte Lesezeit":"3\u00a0Minuten"},"schema":{"@context":"https:\/\/schema.org","@graph":[{"@type":"WebPage","@id":"https:\/\/www.peterseboomkwekerij.nl\/de\/","url":"https:\/\/www.peterseboomkwekerij.nl\/de\/","name":"Peterse Baumschule | Spezialist f\u00fcr Alleeb\u00e4ume","isPartOf":{"@id":"https:\/\/www.peterseboomkwekerij.nl\/#website"},"datePublished":"2022-03-17T09:57:03+00:00","dateModified":"2024-10-21T12:48:39+00:00","description":"Peterse Baumschule befindet sich in Kesteren, im Herzen der Niederlande, und ist auf den Anbau und Handel von Alleeb\u00e4umen spezialisiert.","breadcrumb":{"@id":"https:\/\/www.peterseboomkwekerij.nl\/de\/#breadcrumb"},"inLanguage":"de","potentialAction":[{"@type":"ReadAction","target":["https:\/\/www.peterseboomkwekerij.nl\/de\/"]}]},{"@type":"BreadcrumbList","@id":"https:\/\/www.peterseboomkwekerij.nl\/de\/#breadcrumb","itemListElement":[{"@type":"ListItem","position":1,"name":"Home","item":"https:\/\/www.peterseboomkwekerij.nl\/de\/"},{"@type":"ListItem","position":2,"name":"Startseite"}]},{"@type":"WebSite","@id":"https:\/\/www.peterseboomkwekerij.nl\/#website","url":"https:\/\/www.peterseboomkwekerij.nl\/","name":"Peterse Boomkwekerij","description":"Peterse Boomkwekerij","publisher":{"@id":"https:\/\/www.peterseboomkwekerij.nl\/#organization"},"potentialAction":[{"@type":"SearchAction","target":{"@type":"EntryPoint","urlTemplate":"https:\/\/www.peterseboomkwekerij.nl\/?s={search_term_string}"},"query-input":{"@type":"PropertyValueSpecification","valueRequired":true,"valueName":"search_term_string"}}],"inLanguage":"de"},{"@type":"Organization","@id":"https:\/\/www.peterseboomkwekerij.nl\/#organization","name":"Peterse Boomkwekerij","url":"https:\/\/www.peterseboomkwekerij.nl\/","logo":{"@type":"ImageObject","inLanguage":"de","@id":"https:\/\/www.peterseboomkwekerij.nl\/#\/schema\/logo\/image\/","url":"https:\/\/www.peterseboomkwekerij.nl\/wp-content\/uploads\/2024\/10\/Logo_Peterse_Boomkwekerij_HR-scaled.jpg","contentUrl":"https:\/\/www.peterseboomkwekerij.nl\/wp-content\/uploads\/2024\/10\/Logo_Peterse_Boomkwekerij_HR-scaled.jpg","width":2560,"height":631,"caption":"Peterse Boomkwekerij"},"image":{"@id":"https:\/\/www.peterseboomkwekerij.nl\/#\/schema\/logo\/image\/"}}]}},"_links":{"self":[{"href":"https:\/\/www.peterseboomkwekerij.nl\/de\/wp-json\/wp\/v2\/pages\/866","targetHints":{"allow":["GET"]}}],"collection":[{"href":"https:\/\/www.peterseboomkwekerij.nl\/de\/wp-json\/wp\/v2\/pages"}],"about":[{"href":"https:\/\/www.peterseboomkwekerij.nl\/de\/wp-json\/wp\/v2\/types\/page"}],"author":[{"embeddable":true,"href":"https:\/\/www.peterseboomkwekerij.nl\/de\/wp-json\/wp\/v2\/users\/1"}],"replies":[{"embeddable":true,"href":"https:\/\/www.peterseboomkwekerij.nl\/de\/wp-json\/wp\/v2\/comments?post=866"}],"version-history":[{"count":15,"href":"https:\/\/www.peterseboomkwekerij.nl\/de\/wp-json\/wp\/v2\/pages\/866\/revisions"}],"predecessor-version":[{"id":2455,"href":"https:\/\/www.peterseboomkwekerij.nl\/de\/wp-json\/wp\/v2\/pages\/866\/revisions\/2455"}],"wp:attachment":[{"href":"https:\/\/www.peterseboomkwekerij.nl\/de\/wp-json\/wp\/v2\/media?parent=866"}],"curies":[{"name":"wp","href":"https:\/\/api.w.org\/{rel}","templated":true}]}}