{"id":1083,"date":"2022-03-17T14:14:35","date_gmt":"2022-03-17T14:14:35","guid":{"rendered":"https:\/\/www.peterseboomkwekerij.nl\/datenschutzerklaerung\/"},"modified":"2024-10-15T09:04:54","modified_gmt":"2024-10-15T09:04:54","slug":"datenschutzerklaerung","status":"publish","type":"page","link":"https:\/\/www.peterseboomkwekerij.nl\/de\/datenschutzerklaerung\/","title":{"rendered":"Datenschutzerkl\u00e4rung"},"content":{"rendered":"<div class=\"wpb-content-wrapper\"><p>[vc_row content_placement=&#8220;middle&#8220;][vc_column][vc_column_text]<strong>Datenschutzrichtlinie f\u00fcr Peterse Boomkwekerij, Eigent\u00fcmer von <\/strong><a href=\"http:\/\/www.peterseboomkwekerij.nl\"><strong>www.peterseboomkwekerij.nl<\/strong><\/a><\/p>\n<ol>\n<li><strong>Sicherung der Privatsph\u00e4re<\/strong><br \/>\nDie Sicherstellung der Privatsph\u00e4re der Besucher von <a href=\"http:\/\/www.peterseboomkwekerij.nl\">www.peterseboomkwekerij.nl<\/a> ist eine wichtige Aufgabe f\u00fcr uns. Daher beschreiben wir in unserer Datenschutzrichtlinie, welche Informationen wir sammeln und wie wir diese Informationen verwenden.<\/li>\n<li><strong>Zustimmung<\/strong><br \/>\nDurch die Nutzung der Informationen und Dienste auf <a href=\"http:\/\/www.peterseboomkwekerij.nl\">www.peterseboomkwekerij.nl<\/a> stimmen Sie unserer Datenschutzrichtlinie und den hierin enthaltenen Bedingungen zu.<\/li>\n<li><strong>Fragen<\/strong><br \/>\nWenn Sie weitere Informationen w\u00fcnschen oder Fragen zur Datenschutzrichtlinie von H van der Burg und insbesondere zu <a href=\"http:\/\/www.peterseboomkwekerij.nl\">www.peterseboomkwekerij.nl<\/a> haben, k\u00f6nnen Sie uns per E-Mail kontaktieren. Unsere E-Mail-Adresse lautet info@peterseboomkwekerij.nl.<\/li>\n<li><strong>\u00dcberwachung des Besucherverhaltens<\/strong><br \/>\n<a href=\"http:\/\/www.peterseboomkwekerij.nl\">www.peterseboomkwekerij.nl<\/a> verwendet verschiedene Techniken, um zu verfolgen, wer die Website besucht, wie sich diese Besucher auf der Website verhalten und welche Seiten besucht werden. Dies ist eine \u00fcbliche Praxis f\u00fcr Websites, da es Informationen liefert, die zur Verbesserung der Benutzererfahrung beitragen. Die Informationen, die wir \u00fcber Cookies erfassen, umfassen unter anderem IP-Adressen, Browsertyp und die besuchten Seiten. Wir \u00fcberwachen auch, woher die Besucher die Website zum ersten Mal besuchen und von welcher Seite sie gehen. Diese Informationen werden anonym erfasst und nicht mit anderen pers\u00f6nlichen Daten verkn\u00fcpft.<\/li>\n<li><strong>Verwendung von Cookies<\/strong><br \/>\n<a href=\"http:\/\/www.peterseboomkwekerij.nl\">www.peterseboomkwekerij.nl<\/a> platziert Cookies bei den Besuchern. Dies tun wir, um Informationen \u00fcber die Seiten zu sammeln, die Benutzer auf unserer Website besuchen, um zu verfolgen, wie oft Besucher zur\u00fcckkehren, und um zu sehen, welche Seiten auf der Website gut funktionieren. Wir verfolgen auch, welche Informationen der Browser teilt.<\/li>\n<li><strong>Deaktivieren von Cookies<\/strong><br \/>\nSie k\u00f6nnen Cookies deaktivieren. Dies tun Sie, indem Sie die M\u00f6glichkeiten Ihres Browsers nutzen. Weitere Informationen zu diesen Optionen finden Sie auf der Website Ihres Browseranbieters.<\/li>\n<li><strong>Cookies von Dritten<\/strong><br \/>\nEs ist m\u00f6glich, dass Dritte, wie Google, auf unserer Website werben oder dass wir einen anderen Dienst nutzen. In einigen F\u00e4llen k\u00f6nnen diese Drittanbieter Cookies platzieren. Diese Cookies k\u00f6nnen von <a href=\"http:\/\/www.peterseboomkwekerij.nl\">www.peterseboomkwekerij.nl<\/a> nicht beeinflusst werden.<\/li>\n<\/ol>\n<p>[\/vc_column_text][\/vc_column][\/vc_row]<\/p>\n<\/div>","protected":false},"excerpt":{"rendered":"<p>[vc_row content_placement=&#8220;middle&#8220;][vc_column][vc_column_text]Datenschutzrichtlinie f\u00fcr Peterse Boomkwekerij, Eigent\u00fcmer von www.peterseboomkwekerij.nl Sicherung der Privatsph\u00e4re Die Sicherstellung der Privatsph\u00e4re der Besucher von www.peterseboomkwekerij.nl ist eine wichtige Aufgabe f\u00fcr uns. Daher beschreiben wir in unserer Datenschutzrichtlinie, welche Informationen wir sammeln und wie wir diese Informationen verwenden. Zustimmung Durch die Nutzung der Informationen und Dienste auf www.peterseboomkwekerij.nl stimmen Sie unserer Datenschutzrichtlinie [&hellip;]<\/p>\n","protected":false},"author":1,"featured_media":0,"parent":0,"menu_order":0,"comment_status":"closed","ping_status":"closed","template":"","meta":{"_acf_changed":false,"footnotes":""},"class_list":["post-1083","page","type-page","status-publish","hentry"],"acf":[],"yoast_head":"<!-- This site is optimized with the Yoast SEO plugin v27.4 - https:\/\/yoast.com\/product\/yoast-seo-wordpress\/ -->\n<title>Datenschutzerkl\u00e4rung | Peterse Boomkwekerij<\/title>\n<meta name=\"robots\" content=\"index, follow, max-snippet:-1, max-image-preview:large, max-video-preview:-1\" \/>\n<link rel=\"canonical\" href=\"https:\/\/www.peterseboomkwekerij.nl\/de\/datenschutzerklaerung\/\" \/>\n<meta property=\"og:locale\" content=\"de_DE\" \/>\n<meta property=\"og:type\" content=\"article\" \/>\n<meta property=\"og:title\" content=\"Datenschutzerkl\u00e4rung | Peterse Boomkwekerij\" \/>\n<meta property=\"og:description\" content=\"[vc_row content_placement=&#8220;middle&#8220;][vc_column][vc_column_text]Datenschutzrichtlinie f\u00fcr Peterse Boomkwekerij, Eigent\u00fcmer von www.peterseboomkwekerij.nl Sicherung der Privatsph\u00e4re Die Sicherstellung der Privatsph\u00e4re der Besucher von www.peterseboomkwekerij.nl ist eine wichtige Aufgabe f\u00fcr uns. Daher beschreiben wir in unserer Datenschutzrichtlinie, welche Informationen wir sammeln und wie wir diese Informationen verwenden. Zustimmung Durch die Nutzung der Informationen und Dienste auf www.peterseboomkwekerij.nl stimmen Sie unserer Datenschutzrichtlinie [&hellip;]\" \/>\n<meta property=\"og:url\" content=\"https:\/\/www.peterseboomkwekerij.nl\/de\/datenschutzerklaerung\/\" \/>\n<meta property=\"og:site_name\" content=\"Peterse Boomkwekerij\" \/>\n<meta property=\"article:modified_time\" content=\"2024-10-15T09:04:54+00:00\" \/>\n<meta property=\"og:image\" content=\"https:\/\/www.peterseboomkwekerij.nl\/wp-content\/uploads\/2024\/10\/Logo_Peterse_Boomkwekerij_HR-scaled.jpg\" \/>\n\t<meta property=\"og:image:width\" content=\"2560\" \/>\n\t<meta property=\"og:image:height\" content=\"631\" \/>\n\t<meta property=\"og:image:type\" content=\"image\/jpeg\" \/>\n<meta name=\"twitter:card\" content=\"summary_large_image\" \/>\n<meta name=\"twitter:label1\" content=\"Gesch\u00e4tzte Lesezeit\" \/>\n\t<meta name=\"twitter:data1\" content=\"2\u00a0Minuten\" \/>\n<script type=\"application\/ld+json\" class=\"yoast-schema-graph\">{\"@context\":\"https:\\\/\\\/schema.org\",\"@graph\":[{\"@type\":\"WebPage\",\"@id\":\"https:\\\/\\\/www.peterseboomkwekerij.nl\\\/de\\\/datenschutzerklaerung\\\/\",\"url\":\"https:\\\/\\\/www.peterseboomkwekerij.nl\\\/de\\\/datenschutzerklaerung\\\/\",\"name\":\"Datenschutzerkl\u00e4rung | Peterse Boomkwekerij\",\"isPartOf\":{\"@id\":\"https:\\\/\\\/www.peterseboomkwekerij.nl\\\/#website\"},\"datePublished\":\"2022-03-17T14:14:35+00:00\",\"dateModified\":\"2024-10-15T09:04:54+00:00\",\"breadcrumb\":{\"@id\":\"https:\\\/\\\/www.peterseboomkwekerij.nl\\\/de\\\/datenschutzerklaerung\\\/#breadcrumb\"},\"inLanguage\":\"de\",\"potentialAction\":[{\"@type\":\"ReadAction\",\"target\":[\"https:\\\/\\\/www.peterseboomkwekerij.nl\\\/de\\\/datenschutzerklaerung\\\/\"]}]},{\"@type\":\"BreadcrumbList\",\"@id\":\"https:\\\/\\\/www.peterseboomkwekerij.nl\\\/de\\\/datenschutzerklaerung\\\/#breadcrumb\",\"itemListElement\":[{\"@type\":\"ListItem\",\"position\":1,\"name\":\"Home\",\"item\":\"https:\\\/\\\/www.peterseboomkwekerij.nl\\\/de\\\/\"},{\"@type\":\"ListItem\",\"position\":2,\"name\":\"Datenschutzerkl\u00e4rung\"}]},{\"@type\":\"WebSite\",\"@id\":\"https:\\\/\\\/www.peterseboomkwekerij.nl\\\/#website\",\"url\":\"https:\\\/\\\/www.peterseboomkwekerij.nl\\\/\",\"name\":\"Peterse Boomkwekerij\",\"description\":\"Peterse Boomkwekerij\",\"publisher\":{\"@id\":\"https:\\\/\\\/www.peterseboomkwekerij.nl\\\/#organization\"},\"potentialAction\":[{\"@type\":\"SearchAction\",\"target\":{\"@type\":\"EntryPoint\",\"urlTemplate\":\"https:\\\/\\\/www.peterseboomkwekerij.nl\\\/?s={search_term_string}\"},\"query-input\":{\"@type\":\"PropertyValueSpecification\",\"valueRequired\":true,\"valueName\":\"search_term_string\"}}],\"inLanguage\":\"de\"},{\"@type\":\"Organization\",\"@id\":\"https:\\\/\\\/www.peterseboomkwekerij.nl\\\/#organization\",\"name\":\"Peterse Boomkwekerij\",\"url\":\"https:\\\/\\\/www.peterseboomkwekerij.nl\\\/\",\"logo\":{\"@type\":\"ImageObject\",\"inLanguage\":\"de\",\"@id\":\"https:\\\/\\\/www.peterseboomkwekerij.nl\\\/#\\\/schema\\\/logo\\\/image\\\/\",\"url\":\"https:\\\/\\\/www.peterseboomkwekerij.nl\\\/wp-content\\\/uploads\\\/2024\\\/10\\\/Logo_Peterse_Boomkwekerij_HR-scaled.jpg\",\"contentUrl\":\"https:\\\/\\\/www.peterseboomkwekerij.nl\\\/wp-content\\\/uploads\\\/2024\\\/10\\\/Logo_Peterse_Boomkwekerij_HR-scaled.jpg\",\"width\":2560,\"height\":631,\"caption\":\"Peterse Boomkwekerij\"},\"image\":{\"@id\":\"https:\\\/\\\/www.peterseboomkwekerij.nl\\\/#\\\/schema\\\/logo\\\/image\\\/\"}}]}<\/script>\n<!-- \/ Yoast SEO plugin. -->","yoast_head_json":{"title":"Datenschutzerkl\u00e4rung | Peterse Boomkwekerij","robots":{"index":"index","follow":"follow","max-snippet":"max-snippet:-1","max-image-preview":"max-image-preview:large","max-video-preview":"max-video-preview:-1"},"canonical":"https:\/\/www.peterseboomkwekerij.nl\/de\/datenschutzerklaerung\/","og_locale":"de_DE","og_type":"article","og_title":"Datenschutzerkl\u00e4rung | Peterse Boomkwekerij","og_description":"[vc_row content_placement=&#8220;middle&#8220;][vc_column][vc_column_text]Datenschutzrichtlinie f\u00fcr Peterse Boomkwekerij, Eigent\u00fcmer von www.peterseboomkwekerij.nl Sicherung der Privatsph\u00e4re Die Sicherstellung der Privatsph\u00e4re der Besucher von www.peterseboomkwekerij.nl ist eine wichtige Aufgabe f\u00fcr uns. Daher beschreiben wir in unserer Datenschutzrichtlinie, welche Informationen wir sammeln und wie wir diese Informationen verwenden. Zustimmung Durch die Nutzung der Informationen und Dienste auf www.peterseboomkwekerij.nl stimmen Sie unserer Datenschutzrichtlinie [&hellip;]","og_url":"https:\/\/www.peterseboomkwekerij.nl\/de\/datenschutzerklaerung\/","og_site_name":"Peterse Boomkwekerij","article_modified_time":"2024-10-15T09:04:54+00:00","og_image":[{"width":2560,"height":631,"url":"https:\/\/www.peterseboomkwekerij.nl\/wp-content\/uploads\/2024\/10\/Logo_Peterse_Boomkwekerij_HR-scaled.jpg","type":"image\/jpeg"}],"twitter_card":"summary_large_image","twitter_misc":{"Gesch\u00e4tzte Lesezeit":"2\u00a0Minuten"},"schema":{"@context":"https:\/\/schema.org","@graph":[{"@type":"WebPage","@id":"https:\/\/www.peterseboomkwekerij.nl\/de\/datenschutzerklaerung\/","url":"https:\/\/www.peterseboomkwekerij.nl\/de\/datenschutzerklaerung\/","name":"Datenschutzerkl\u00e4rung | Peterse Boomkwekerij","isPartOf":{"@id":"https:\/\/www.peterseboomkwekerij.nl\/#website"},"datePublished":"2022-03-17T14:14:35+00:00","dateModified":"2024-10-15T09:04:54+00:00","breadcrumb":{"@id":"https:\/\/www.peterseboomkwekerij.nl\/de\/datenschutzerklaerung\/#breadcrumb"},"inLanguage":"de","potentialAction":[{"@type":"ReadAction","target":["https:\/\/www.peterseboomkwekerij.nl\/de\/datenschutzerklaerung\/"]}]},{"@type":"BreadcrumbList","@id":"https:\/\/www.peterseboomkwekerij.nl\/de\/datenschutzerklaerung\/#breadcrumb","itemListElement":[{"@type":"ListItem","position":1,"name":"Home","item":"https:\/\/www.peterseboomkwekerij.nl\/de\/"},{"@type":"ListItem","position":2,"name":"Datenschutzerkl\u00e4rung"}]},{"@type":"WebSite","@id":"https:\/\/www.peterseboomkwekerij.nl\/#website","url":"https:\/\/www.peterseboomkwekerij.nl\/","name":"Peterse Boomkwekerij","description":"Peterse Boomkwekerij","publisher":{"@id":"https:\/\/www.peterseboomkwekerij.nl\/#organization"},"potentialAction":[{"@type":"SearchAction","target":{"@type":"EntryPoint","urlTemplate":"https:\/\/www.peterseboomkwekerij.nl\/?s={search_term_string}"},"query-input":{"@type":"PropertyValueSpecification","valueRequired":true,"valueName":"search_term_string"}}],"inLanguage":"de"},{"@type":"Organization","@id":"https:\/\/www.peterseboomkwekerij.nl\/#organization","name":"Peterse Boomkwekerij","url":"https:\/\/www.peterseboomkwekerij.nl\/","logo":{"@type":"ImageObject","inLanguage":"de","@id":"https:\/\/www.peterseboomkwekerij.nl\/#\/schema\/logo\/image\/","url":"https:\/\/www.peterseboomkwekerij.nl\/wp-content\/uploads\/2024\/10\/Logo_Peterse_Boomkwekerij_HR-scaled.jpg","contentUrl":"https:\/\/www.peterseboomkwekerij.nl\/wp-content\/uploads\/2024\/10\/Logo_Peterse_Boomkwekerij_HR-scaled.jpg","width":2560,"height":631,"caption":"Peterse Boomkwekerij"},"image":{"@id":"https:\/\/www.peterseboomkwekerij.nl\/#\/schema\/logo\/image\/"}}]}},"_links":{"self":[{"href":"https:\/\/www.peterseboomkwekerij.nl\/de\/wp-json\/wp\/v2\/pages\/1083","targetHints":{"allow":["GET"]}}],"collection":[{"href":"https:\/\/www.peterseboomkwekerij.nl\/de\/wp-json\/wp\/v2\/pages"}],"about":[{"href":"https:\/\/www.peterseboomkwekerij.nl\/de\/wp-json\/wp\/v2\/types\/page"}],"author":[{"embeddable":true,"href":"https:\/\/www.peterseboomkwekerij.nl\/de\/wp-json\/wp\/v2\/users\/1"}],"replies":[{"embeddable":true,"href":"https:\/\/www.peterseboomkwekerij.nl\/de\/wp-json\/wp\/v2\/comments?post=1083"}],"version-history":[{"count":3,"href":"https:\/\/www.peterseboomkwekerij.nl\/de\/wp-json\/wp\/v2\/pages\/1083\/revisions"}],"predecessor-version":[{"id":2436,"href":"https:\/\/www.peterseboomkwekerij.nl\/de\/wp-json\/wp\/v2\/pages\/1083\/revisions\/2436"}],"wp:attachment":[{"href":"https:\/\/www.peterseboomkwekerij.nl\/de\/wp-json\/wp\/v2\/media?parent=1083"}],"curies":[{"name":"wp","href":"https:\/\/api.w.org\/{rel}","templated":true}]}}