{"id":1080,"date":"2022-03-17T14:15:43","date_gmt":"2022-03-17T14:15:43","guid":{"rendered":"https:\/\/www.peterseboomkwekerij.nl\/haftungsausschluss\/"},"modified":"2024-10-15T08:51:17","modified_gmt":"2024-10-15T08:51:17","slug":"haftungsausschluss","status":"publish","type":"page","link":"https:\/\/www.peterseboomkwekerij.nl\/de\/haftungsausschluss\/","title":{"rendered":"Haftungsausschluss"},"content":{"rendered":"<div class=\"wpb-content-wrapper\"><p>[vc_row content_placement=&#8220;middle&#8220;][vc_column][vc_column_text]<strong>Haftungsausschluss Peterse Boomkwekerij<\/strong><br \/>\nAuf dieser Seite finden Sie den Haftungsausschluss von Peterse Boomkwekerij, wie er von Peterse Boomkwekerij bereitgestellt wurde. In diesem Haftungsausschluss geben wir an, unter welchen Bedingungen wir Ihnen die Informationen auf unserer Website zur Verf\u00fcgung stellen.<\/p>\n<p><strong>Geistiges Eigentum<\/strong><br \/>\nDie Nutzung der Informationen auf dieser Website ist kostenlos, solange Sie diese Informationen nicht kopieren, verbreiten oder auf andere Weise verwenden oder missbrauchen. Sie d\u00fcrfen die Informationen auf dieser Website nur gem\u00e4\u00df den Bestimmungen des zwingenden Rechts wiederverwenden. Ohne ausdr\u00fcckliche schriftliche Genehmigung von Peterse Boomkwekerij ist es nicht gestattet, Texte, Fotomaterial oder andere Materialien auf dieser Website wiederzuverwenden. Das geistige Eigentum liegt bei Peterse Boomkwekerij.<\/p>\n<p><strong>Keine Garantie auf Richtigkeit<\/strong><br \/>\nFalls zutreffend: F\u00fcr die auf unserer Website angegebenen Preise bem\u00fchen wir uns um eine m\u00f6glichst genaue Darstellung der Realit\u00e4t und der beabsichtigten Preise. Fehler, die dabei entstehen und als Programmier- oder Tippfehler erkennbar sind, stellen niemals einen Grund dar, einen Vertrag oder eine Vereinbarung mit Peterse Boomkwekerij geltend zu machen oder anzunehmen. Peterse Boomkwekerij strebt eine m\u00f6glichst aktuelle Website an. Sollte trotz dieser Bem\u00fchungen die Information oder der Inhalt auf dieser Website unvollst\u00e4ndig oder falsch sein, \u00fcbernehmen wir daf\u00fcr keine Haftung. Die Informationen und\/oder Produkte auf dieser Website werden ohne jegliche Form von Garantie oder Anspruch auf Richtigkeit angeboten. Wir behalten uns das Recht vor, diese Materialien ohne vorherige Ank\u00fcndigung zu \u00e4ndern, zu entfernen oder erneut zu ver\u00f6ffentlichen. Peterse Boomkwekerij \u00fcbernimmt keine Haftung f\u00fcr Informationen, die auf Websites stehen, auf die wir \u00fcber Hyperlinks verweisen.<\/p>\n<p><strong>\u00c4nderungen<\/strong><br \/>\nFalls sich dieser Haftungsausschluss \u00e4ndert, finden Sie die neueste Version des Haftungsausschlusses von Peterse Boomkwekerij auf dieser Seite.[\/vc_column_text][\/vc_column][\/vc_row]<\/p>\n<\/div>","protected":false},"excerpt":{"rendered":"<p>[vc_row content_placement=&#8220;middle&#8220;][vc_column][vc_column_text]Haftungsausschluss Peterse Boomkwekerij Auf dieser Seite finden Sie den Haftungsausschluss von Peterse Boomkwekerij, wie er von Peterse Boomkwekerij bereitgestellt wurde. In diesem Haftungsausschluss geben wir an, unter welchen Bedingungen wir Ihnen die Informationen auf unserer Website zur Verf\u00fcgung stellen. Geistiges Eigentum Die Nutzung der Informationen auf dieser Website ist kostenlos, solange Sie diese Informationen [&hellip;]<\/p>\n","protected":false},"author":1,"featured_media":0,"parent":0,"menu_order":0,"comment_status":"closed","ping_status":"closed","template":"","meta":{"_acf_changed":false,"footnotes":""},"class_list":["post-1080","page","type-page","status-publish","hentry"],"acf":[],"yoast_head":"<!-- This site is optimized with the Yoast SEO plugin v27.4 - https:\/\/yoast.com\/product\/yoast-seo-wordpress\/ -->\n<title>Haftungsausschluss | Peterse Boomkwekerij<\/title>\n<meta name=\"robots\" content=\"index, follow, max-snippet:-1, max-image-preview:large, max-video-preview:-1\" \/>\n<link rel=\"canonical\" href=\"https:\/\/www.peterseboomkwekerij.nl\/de\/haftungsausschluss\/\" \/>\n<meta property=\"og:locale\" content=\"de_DE\" \/>\n<meta property=\"og:type\" content=\"article\" \/>\n<meta property=\"og:title\" content=\"Haftungsausschluss | Peterse Boomkwekerij\" \/>\n<meta property=\"og:description\" content=\"[vc_row content_placement=&#8220;middle&#8220;][vc_column][vc_column_text]Haftungsausschluss Peterse Boomkwekerij Auf dieser Seite finden Sie den Haftungsausschluss von Peterse Boomkwekerij, wie er von Peterse Boomkwekerij bereitgestellt wurde. In diesem Haftungsausschluss geben wir an, unter welchen Bedingungen wir Ihnen die Informationen auf unserer Website zur Verf\u00fcgung stellen. Geistiges Eigentum Die Nutzung der Informationen auf dieser Website ist kostenlos, solange Sie diese Informationen [&hellip;]\" \/>\n<meta property=\"og:url\" content=\"https:\/\/www.peterseboomkwekerij.nl\/de\/haftungsausschluss\/\" \/>\n<meta property=\"og:site_name\" content=\"Peterse Boomkwekerij\" \/>\n<meta property=\"article:modified_time\" content=\"2024-10-15T08:51:17+00:00\" \/>\n<meta property=\"og:image\" content=\"https:\/\/www.peterseboomkwekerij.nl\/wp-content\/uploads\/2024\/10\/Logo_Peterse_Boomkwekerij_HR-scaled.jpg\" \/>\n\t<meta property=\"og:image:width\" content=\"2560\" \/>\n\t<meta property=\"og:image:height\" content=\"631\" \/>\n\t<meta property=\"og:image:type\" content=\"image\/jpeg\" \/>\n<meta name=\"twitter:card\" content=\"summary_large_image\" \/>\n<meta name=\"twitter:label1\" content=\"Gesch\u00e4tzte Lesezeit\" \/>\n\t<meta name=\"twitter:data1\" content=\"2\u00a0Minuten\" \/>\n<script type=\"application\/ld+json\" class=\"yoast-schema-graph\">{\"@context\":\"https:\\\/\\\/schema.org\",\"@graph\":[{\"@type\":\"WebPage\",\"@id\":\"https:\\\/\\\/www.peterseboomkwekerij.nl\\\/de\\\/haftungsausschluss\\\/\",\"url\":\"https:\\\/\\\/www.peterseboomkwekerij.nl\\\/de\\\/haftungsausschluss\\\/\",\"name\":\"Haftungsausschluss | Peterse Boomkwekerij\",\"isPartOf\":{\"@id\":\"https:\\\/\\\/www.peterseboomkwekerij.nl\\\/#website\"},\"datePublished\":\"2022-03-17T14:15:43+00:00\",\"dateModified\":\"2024-10-15T08:51:17+00:00\",\"breadcrumb\":{\"@id\":\"https:\\\/\\\/www.peterseboomkwekerij.nl\\\/de\\\/haftungsausschluss\\\/#breadcrumb\"},\"inLanguage\":\"de\",\"potentialAction\":[{\"@type\":\"ReadAction\",\"target\":[\"https:\\\/\\\/www.peterseboomkwekerij.nl\\\/de\\\/haftungsausschluss\\\/\"]}]},{\"@type\":\"BreadcrumbList\",\"@id\":\"https:\\\/\\\/www.peterseboomkwekerij.nl\\\/de\\\/haftungsausschluss\\\/#breadcrumb\",\"itemListElement\":[{\"@type\":\"ListItem\",\"position\":1,\"name\":\"Home\",\"item\":\"https:\\\/\\\/www.peterseboomkwekerij.nl\\\/de\\\/\"},{\"@type\":\"ListItem\",\"position\":2,\"name\":\"Haftungsausschluss\"}]},{\"@type\":\"WebSite\",\"@id\":\"https:\\\/\\\/www.peterseboomkwekerij.nl\\\/#website\",\"url\":\"https:\\\/\\\/www.peterseboomkwekerij.nl\\\/\",\"name\":\"Peterse Boomkwekerij\",\"description\":\"Peterse Boomkwekerij\",\"publisher\":{\"@id\":\"https:\\\/\\\/www.peterseboomkwekerij.nl\\\/#organization\"},\"potentialAction\":[{\"@type\":\"SearchAction\",\"target\":{\"@type\":\"EntryPoint\",\"urlTemplate\":\"https:\\\/\\\/www.peterseboomkwekerij.nl\\\/?s={search_term_string}\"},\"query-input\":{\"@type\":\"PropertyValueSpecification\",\"valueRequired\":true,\"valueName\":\"search_term_string\"}}],\"inLanguage\":\"de\"},{\"@type\":\"Organization\",\"@id\":\"https:\\\/\\\/www.peterseboomkwekerij.nl\\\/#organization\",\"name\":\"Peterse Boomkwekerij\",\"url\":\"https:\\\/\\\/www.peterseboomkwekerij.nl\\\/\",\"logo\":{\"@type\":\"ImageObject\",\"inLanguage\":\"de\",\"@id\":\"https:\\\/\\\/www.peterseboomkwekerij.nl\\\/#\\\/schema\\\/logo\\\/image\\\/\",\"url\":\"https:\\\/\\\/www.peterseboomkwekerij.nl\\\/wp-content\\\/uploads\\\/2024\\\/10\\\/Logo_Peterse_Boomkwekerij_HR-scaled.jpg\",\"contentUrl\":\"https:\\\/\\\/www.peterseboomkwekerij.nl\\\/wp-content\\\/uploads\\\/2024\\\/10\\\/Logo_Peterse_Boomkwekerij_HR-scaled.jpg\",\"width\":2560,\"height\":631,\"caption\":\"Peterse Boomkwekerij\"},\"image\":{\"@id\":\"https:\\\/\\\/www.peterseboomkwekerij.nl\\\/#\\\/schema\\\/logo\\\/image\\\/\"}}]}<\/script>\n<!-- \/ Yoast SEO plugin. -->","yoast_head_json":{"title":"Haftungsausschluss | Peterse Boomkwekerij","robots":{"index":"index","follow":"follow","max-snippet":"max-snippet:-1","max-image-preview":"max-image-preview:large","max-video-preview":"max-video-preview:-1"},"canonical":"https:\/\/www.peterseboomkwekerij.nl\/de\/haftungsausschluss\/","og_locale":"de_DE","og_type":"article","og_title":"Haftungsausschluss | Peterse Boomkwekerij","og_description":"[vc_row content_placement=&#8220;middle&#8220;][vc_column][vc_column_text]Haftungsausschluss Peterse Boomkwekerij Auf dieser Seite finden Sie den Haftungsausschluss von Peterse Boomkwekerij, wie er von Peterse Boomkwekerij bereitgestellt wurde. In diesem Haftungsausschluss geben wir an, unter welchen Bedingungen wir Ihnen die Informationen auf unserer Website zur Verf\u00fcgung stellen. Geistiges Eigentum Die Nutzung der Informationen auf dieser Website ist kostenlos, solange Sie diese Informationen [&hellip;]","og_url":"https:\/\/www.peterseboomkwekerij.nl\/de\/haftungsausschluss\/","og_site_name":"Peterse Boomkwekerij","article_modified_time":"2024-10-15T08:51:17+00:00","og_image":[{"width":2560,"height":631,"url":"https:\/\/www.peterseboomkwekerij.nl\/wp-content\/uploads\/2024\/10\/Logo_Peterse_Boomkwekerij_HR-scaled.jpg","type":"image\/jpeg"}],"twitter_card":"summary_large_image","twitter_misc":{"Gesch\u00e4tzte Lesezeit":"2\u00a0Minuten"},"schema":{"@context":"https:\/\/schema.org","@graph":[{"@type":"WebPage","@id":"https:\/\/www.peterseboomkwekerij.nl\/de\/haftungsausschluss\/","url":"https:\/\/www.peterseboomkwekerij.nl\/de\/haftungsausschluss\/","name":"Haftungsausschluss | Peterse Boomkwekerij","isPartOf":{"@id":"https:\/\/www.peterseboomkwekerij.nl\/#website"},"datePublished":"2022-03-17T14:15:43+00:00","dateModified":"2024-10-15T08:51:17+00:00","breadcrumb":{"@id":"https:\/\/www.peterseboomkwekerij.nl\/de\/haftungsausschluss\/#breadcrumb"},"inLanguage":"de","potentialAction":[{"@type":"ReadAction","target":["https:\/\/www.peterseboomkwekerij.nl\/de\/haftungsausschluss\/"]}]},{"@type":"BreadcrumbList","@id":"https:\/\/www.peterseboomkwekerij.nl\/de\/haftungsausschluss\/#breadcrumb","itemListElement":[{"@type":"ListItem","position":1,"name":"Home","item":"https:\/\/www.peterseboomkwekerij.nl\/de\/"},{"@type":"ListItem","position":2,"name":"Haftungsausschluss"}]},{"@type":"WebSite","@id":"https:\/\/www.peterseboomkwekerij.nl\/#website","url":"https:\/\/www.peterseboomkwekerij.nl\/","name":"Peterse Boomkwekerij","description":"Peterse Boomkwekerij","publisher":{"@id":"https:\/\/www.peterseboomkwekerij.nl\/#organization"},"potentialAction":[{"@type":"SearchAction","target":{"@type":"EntryPoint","urlTemplate":"https:\/\/www.peterseboomkwekerij.nl\/?s={search_term_string}"},"query-input":{"@type":"PropertyValueSpecification","valueRequired":true,"valueName":"search_term_string"}}],"inLanguage":"de"},{"@type":"Organization","@id":"https:\/\/www.peterseboomkwekerij.nl\/#organization","name":"Peterse Boomkwekerij","url":"https:\/\/www.peterseboomkwekerij.nl\/","logo":{"@type":"ImageObject","inLanguage":"de","@id":"https:\/\/www.peterseboomkwekerij.nl\/#\/schema\/logo\/image\/","url":"https:\/\/www.peterseboomkwekerij.nl\/wp-content\/uploads\/2024\/10\/Logo_Peterse_Boomkwekerij_HR-scaled.jpg","contentUrl":"https:\/\/www.peterseboomkwekerij.nl\/wp-content\/uploads\/2024\/10\/Logo_Peterse_Boomkwekerij_HR-scaled.jpg","width":2560,"height":631,"caption":"Peterse Boomkwekerij"},"image":{"@id":"https:\/\/www.peterseboomkwekerij.nl\/#\/schema\/logo\/image\/"}}]}},"_links":{"self":[{"href":"https:\/\/www.peterseboomkwekerij.nl\/de\/wp-json\/wp\/v2\/pages\/1080","targetHints":{"allow":["GET"]}}],"collection":[{"href":"https:\/\/www.peterseboomkwekerij.nl\/de\/wp-json\/wp\/v2\/pages"}],"about":[{"href":"https:\/\/www.peterseboomkwekerij.nl\/de\/wp-json\/wp\/v2\/types\/page"}],"author":[{"embeddable":true,"href":"https:\/\/www.peterseboomkwekerij.nl\/de\/wp-json\/wp\/v2\/users\/1"}],"replies":[{"embeddable":true,"href":"https:\/\/www.peterseboomkwekerij.nl\/de\/wp-json\/wp\/v2\/comments?post=1080"}],"version-history":[{"count":3,"href":"https:\/\/www.peterseboomkwekerij.nl\/de\/wp-json\/wp\/v2\/pages\/1080\/revisions"}],"predecessor-version":[{"id":2422,"href":"https:\/\/www.peterseboomkwekerij.nl\/de\/wp-json\/wp\/v2\/pages\/1080\/revisions\/2422"}],"wp:attachment":[{"href":"https:\/\/www.peterseboomkwekerij.nl\/de\/wp-json\/wp\/v2\/media?parent=1080"}],"curies":[{"name":"wp","href":"https:\/\/api.w.org\/{rel}","templated":true}]}}